{"id":763231,"date":"2025-08-28T10:34:40","date_gmt":"2025-08-28T07:34:40","guid":{"rendered":"https:\/\/roveyayinevi.com.tr\/index.php\/urun\/kutadgu-biligde-soz-dizimi\/"},"modified":"2026-04-15T03:28:38","modified_gmt":"2026-04-15T00:28:38","slug":"kutadgu-biligde-soz-dizimi","status":"publish","type":"product","link":"https:\/\/roveyayinevi.com.tr\/index.php\/urun\/kutadgu-biligde-soz-dizimi\/","title":{"rendered":"Kutadgu Bilig\u2019de S\u00f6z Dizimi"},"content":{"rendered":"<p>Hocam Necmettin Hac\u0131emino\u011flu TBMM i\u00e7in Kutadgu Bilig s\u0131nav\u0131 \u00f6nerir ve ba\u015faramayan vekil olmas\u0131n derdi, \u00e7\u00fcnk\u00fc insana dair daha evvel s\u00f6ylenmi\u015f her ne varsa KB\u2019de ya do\u011frudan ya da dolayl\u0131 olarak mevcuttur. 6481. beyitteki M\u00fcs\u00fclman kar\u0131\u015ft\u0131 i\u00e7in et yi\u015f\u00fcr \/ T\u00fckel in\u00e7ke tegdi bu k\u00e2fir yatur (M\u00fcsl\u00fcmanlar kar\u0131\u015ft\u0131 birbirlerinin etlerini yiyorlar, k\u00e2firler ise tam bir huzur i\u00e7inde ya\u015f\u0131yorlar.) ifadesi, Ziya Pa\u015fa\u2019n\u0131n Diyar\u0131 k\u00fcfr\u00fc gezdim beldeler k\u00e2\u015faneler g\u00f6rd\u00fcm \/ Dola\u015ft\u0131m m\u00fclk-i \u0130sl\u00e2m\u0131 b\u00fct\u00fcn viraneler g\u00f6rd\u00fcm beytinin \u015ferhi ve \u00e7a\u011fda\u015f \u0130sl\u00e2m d\u00fcnyas\u0131n\u0131n resmi gibidir. Eskiden beri var olup manzum s\u00f6zl\u00fck\u00e7\u00fcler taraf\u0131ndan yayg\u0131nla\u015ft\u0131r\u0131lan dilcilikte renklerle ifade tekni\u011fini bu \u00e7al\u0131\u015fmada kulland\u0131k: \u00f6zne \u00f6zne, y\u00fcklem, nesne, yer tamlay\u0131c\u0131s\u0131, zarf, bedel, hitap, CDU \u0130talik k\u0131rm\u0131z\u0131n\u0131n s\u00f6zde \u00f6zneyi g\u00f6sterdi\u011fi renk rehberimizin sayfa ba\u015flar\u0131na kondu\u011fu D b\u00f6l\u00fcm\u00fcnden 1400 beyitlik bu \u00e7al\u0131\u015fmam\u0131zda tek \u00f6ge olup da takdim tehire u\u011fram\u0131\u015f kelime gruplar\u0131n\u0131 altlar\u0131n\u0131 \u00e7izerek birle\u015ftirdik. Ayn\u0131 renk kelimelerin aras\u0131ndaki siyah virg\u00fcl de onlar\u0131n farkl\u0131 \u00f6geler oldu\u011funu ifade ediyor. \u00c7al\u0131\u015fmam\u0131z\u0131n alaca\u011f\u0131m\u0131z tenkitler, metnin tamam\u0131n\u0131n s\u00f6z dizimi i\u00e7in katk\u0131 olacakt\u0131r; \u00e7\u00fcnk\u00fc s\u00f6z dizimi bir alg\u0131, \u00e7a\u011fr\u0131\u015f\u0131m ve yorum i\u015fidir: Ak\u015fam oldu. ifadesi tek ba\u015f\u0131na \u00f6zne y\u00fcklemdir; ama \u015fair, G\u00fcn ak\u015fam oldu! deyince birle\u015fik fiildir. KB gerek \u015fekil bilgisi gerekse c\u00fcmle bilgisi bak\u0131m\u0131ndan iki ya da \u00fc\u00e7 farkl\u0131 \u015fekilde anla\u015f\u0131l\u0131p her ihtimalin de do\u011fru olabilece\u011fi o kadar \u00f6rnekle dolu ki baz\u0131lar\u0131n\u0131 dipnot ile baz\u0131lar\u0131n\u0131 da G\u0130R\u0130\u015e b\u00f6l\u00fcm\u00fcnde izaha \u00e7al\u0131\u015ft\u0131k. <\/p>\n","protected":false},"excerpt":{"rendered":"<p>Hocam Necmettin Hac\u0131emino\u011flu TBMM i\u00e7in Kutadgu Bilig s\u0131nav\u0131 \u00f6nerir ve ba\u015faramayan vekil olmas\u0131n derdi, \u00e7\u00fcnk\u00fc insana dair daha evvel s\u00f6ylenmi\u015f her ne varsa KB\u2019de ya do\u011frudan<span class=\"excerpt-hellip\"> [\u2026]<\/span><\/p>\n","protected":false},"featured_media":0,"template":"","meta":{"_monsterinsights_skip_tracking":false,"_monsterinsights_sitenote_active":false,"_monsterinsights_sitenote_note":"","_monsterinsights_sitenote_category":0},"product_brand":[],"product_cat":[12573,12566],"product_tag":[],"class_list":{"0":"post-763231","1":"product","2":"type-product","3":"status-publish","5":"product_cat-akademik-kitaplar","6":"product_cat-egitim","7":"pa_cilt-ciltsiz","8":"pa_tur-kitap","9":"pa_yayinevi-soncag-akademik-kitaplar","10":"pa_yazar-sahin-baranoglu","12":"first","13":"instock","14":"sale","15":"shipping-taxable","16":"purchasable","17":"product-type-simple"},"_links":{"self":[{"href":"https:\/\/roveyayinevi.com.tr\/index.php\/wp-json\/wp\/v2\/product\/763231","targetHints":{"allow":["GET"]}}],"collection":[{"href":"https:\/\/roveyayinevi.com.tr\/index.php\/wp-json\/wp\/v2\/product"}],"about":[{"href":"https:\/\/roveyayinevi.com.tr\/index.php\/wp-json\/wp\/v2\/types\/product"}],"wp:attachment":[{"href":"https:\/\/roveyayinevi.com.tr\/index.php\/wp-json\/wp\/v2\/media?parent=763231"}],"wp:term":[{"taxonomy":"product_brand","embeddable":true,"href":"https:\/\/roveyayinevi.com.tr\/index.php\/wp-json\/wp\/v2\/product_brand?post=763231"},{"taxonomy":"product_cat","embeddable":true,"href":"https:\/\/roveyayinevi.com.tr\/index.php\/wp-json\/wp\/v2\/product_cat?post=763231"},{"taxonomy":"product_tag","embeddable":true,"href":"https:\/\/roveyayinevi.com.tr\/index.php\/wp-json\/wp\/v2\/product_tag?post=763231"}],"curies":[{"name":"wp","href":"https:\/\/api.w.org\/{rel}","templated":true}]}}