{"id":763228,"date":"2025-08-28T10:34:29","date_gmt":"2025-08-28T07:34:29","guid":{"rendered":"https:\/\/roveyayinevi.com.tr\/index.php\/urun\/yarasa-cikmazi-3-kederli-kuslar-ormani\/"},"modified":"2026-04-05T03:20:08","modified_gmt":"2026-04-05T00:20:08","slug":"yarasa-cikmazi-3-kederli-kuslar-ormani","status":"publish","type":"product","link":"https:\/\/roveyayinevi.com.tr\/index.php\/urun\/yarasa-cikmazi-3-kederli-kuslar-ormani\/","title":{"rendered":"Yarasa \u00c7\u0131kmaz\u0131 3 &#8211; Kederli Ku\u015flar Orman\u0131"},"content":{"rendered":"<p>Usey, cad\u0131 \u00e7\u0131ra\u011f\u0131 olarak se\u00e7ildi\u011fi i\u00e7in \u00e7ok heyecanl\u0131yd\u0131. Ancak bir ay \u00f6l\u00fcp bir ay dirilen karde\u015finin lanetini kald\u0131ramad\u0131\u011f\u0131 i\u00e7in \u00e7ok \u00fcz\u00fclen Bay Kuzgunnefesi\u2019nin g\u00f6z\u00fc cad\u0131 \u00e7\u0131ra\u011f\u0131n\u0131 g\u00f6rm\u00fcyordu. Usey\u2019in Kederli Ku\u015flar Orman\u0131\u2019n\u0131 tek ba\u015f\u0131na ke\u015ffetmesi, ormanda dola\u015fan Avareayaklardan uzak durmas\u0131, g\u00f6l canavar\u0131na ve kovu\u011fundan giren herkesi yiyen koca \u00e7\u0131nar Kederyutan\u2019a dikkat etmesi gerekiyordu. Ustas\u0131 olmadan t\u0131ls\u0131mlar\u0131 nas\u0131l \u00f6\u011frenecek ve b\u00fct\u00fcn bunlar\u0131n \u00fcstesinden nas\u0131l gelecekti ki! Usey ne yap\u0131p edip bu laneti ortadan kald\u0131rman\u0131n bir yolunu bulmal\u0131yd\u0131. D\u0130KKAT: \u00dcRPERT\u0130, G\u0130ZEM VE MACERA \u0130\u00c7ER\u0130R! <\/p>\n","protected":false},"excerpt":{"rendered":"<p>Usey, cad\u0131 \u00e7\u0131ra\u011f\u0131 olarak se\u00e7ildi\u011fi i\u00e7in \u00e7ok heyecanl\u0131yd\u0131. Ancak bir ay \u00f6l\u00fcp bir ay dirilen karde\u015finin lanetini kald\u0131ramad\u0131\u011f\u0131 i\u00e7in \u00e7ok \u00fcz\u00fclen Bay Kuzgunnefesi\u2019nin g\u00f6z\u00fc cad\u0131 \u00e7\u0131ra\u011f\u0131n\u0131<span class=\"excerpt-hellip\"> [\u2026]<\/span><\/p>\n","protected":false},"featured_media":0,"template":"","meta":{"_monsterinsights_skip_tracking":false,"_monsterinsights_sitenote_active":false,"_monsterinsights_sitenote_note":"","_monsterinsights_sitenote_category":0},"product_brand":[],"product_cat":[12291,14777],"product_tag":[],"class_list":{"0":"post-763228","1":"product","2":"type-product","3":"status-publish","5":"product_cat-edebiyat","6":"product_cat-fantastik","7":"pa_cilt-ciltsiz","8":"pa_tur-kitap","9":"pa_yayinevi-x-libris","10":"pa_yazar-goktug-canbaba","12":"first","13":"instock","14":"sale","15":"shipping-taxable","16":"purchasable","17":"product-type-simple"},"_links":{"self":[{"href":"https:\/\/roveyayinevi.com.tr\/index.php\/wp-json\/wp\/v2\/product\/763228","targetHints":{"allow":["GET"]}}],"collection":[{"href":"https:\/\/roveyayinevi.com.tr\/index.php\/wp-json\/wp\/v2\/product"}],"about":[{"href":"https:\/\/roveyayinevi.com.tr\/index.php\/wp-json\/wp\/v2\/types\/product"}],"wp:attachment":[{"href":"https:\/\/roveyayinevi.com.tr\/index.php\/wp-json\/wp\/v2\/media?parent=763228"}],"wp:term":[{"taxonomy":"product_brand","embeddable":true,"href":"https:\/\/roveyayinevi.com.tr\/index.php\/wp-json\/wp\/v2\/product_brand?post=763228"},{"taxonomy":"product_cat","embeddable":true,"href":"https:\/\/roveyayinevi.com.tr\/index.php\/wp-json\/wp\/v2\/product_cat?post=763228"},{"taxonomy":"product_tag","embeddable":true,"href":"https:\/\/roveyayinevi.com.tr\/index.php\/wp-json\/wp\/v2\/product_tag?post=763228"}],"curies":[{"name":"wp","href":"https:\/\/api.w.org\/{rel}","templated":true}]}}