{"id":763227,"date":"2025-08-28T10:34:26","date_gmt":"2025-08-28T07:34:26","guid":{"rendered":"https:\/\/roveyayinevi.com.tr\/index.php\/urun\/goosebumps-1-oluler-evine-hos-geldiniz\/"},"modified":"2026-04-15T03:28:37","modified_gmt":"2026-04-15T00:28:37","slug":"goosebumps-1-oluler-evine-hos-geldiniz","status":"publish","type":"product","link":"https:\/\/roveyayinevi.com.tr\/index.php\/urun\/goosebumps-1-oluler-evine-hos-geldiniz\/","title":{"rendered":"Goosebumps 1 &#8211; \u00d6l\u00fcler Evine Ho\u015f Geldiniz"},"content":{"rendered":"<p>BURAYA TA\u015eINMAK Y\u00dcREK \u0130STER! Josh ve Amanda mahalledeki en eski ve en tuhaf eve yeni ta\u015f\u0131nd\u0131lar. Hatta yeni evleri perili bile olabilir. Ama anne babalar\u0131 onlara inanm\u0131yor. Al\u0131\u015f\u0131rs\u0131n\u0131z, diyorlar. D\u0131\u015far\u0131 \u00e7\u0131k\u0131n ve yeni arkada\u015flar edinin. Josh ve Amanda da \u00f6yle yap\u0131yor. Ama bu \u00fcrk\u00fct\u00fcc\u00fc yeni arkada\u015flar anne ve babalar\u0131n\u0131n d\u00fc\u015f\u00fcnd\u00fc\u011f\u00fc gibi \u00e7\u0131km\u0131yor. \u00c7\u00fcnk\u00fc onlar sonsuza dek arkada\u015f olmak istiyorlar&#8230; \u201cBuras\u0131 bir zamanlar normal bir kasabayd\u0131. Ve biz de normal insanlard\u0131k. \u00c7o\u011fumuz kasaban\u0131n d\u0131\u015f\u0131ndaki plastik fabrikas\u0131nda \u00e7al\u0131\u015f\u0131yorduk. Sonra bir kaza oldu. Fabrikadan bir \u015fey s\u0131zd\u0131. Sar\u0131 bir gaz. Kasaban\u0131n \u00fczerini kaplad\u0131. O kadar h\u0131zl\u0131yd\u0131 ki anlayamad\u0131k, fark edemedik. \u00c7ok ge\u00e7 kal\u0131nm\u0131\u015ft\u0131 ve Dark Falls art\u0131k normal bir kasaba olmaktan \u00e7\u0131km\u0131\u015ft\u0131.\u201d <\/p>\n","protected":false},"excerpt":{"rendered":"<p>BURAYA TA\u015eINMAK Y\u00dcREK \u0130STER! Josh ve Amanda mahalledeki en eski ve en tuhaf eve yeni ta\u015f\u0131nd\u0131lar. Hatta yeni evleri perili bile olabilir. Ama anne babalar\u0131 onlara<span class=\"excerpt-hellip\"> [\u2026]<\/span><\/p>\n","protected":false},"featured_media":0,"template":"","meta":{"_monsterinsights_skip_tracking":false,"_monsterinsights_sitenote_active":false,"_monsterinsights_sitenote_note":"","_monsterinsights_sitenote_category":0},"product_brand":[],"product_cat":[12291,12711],"product_tag":[],"class_list":{"0":"post-763227","1":"product","2":"type-product","3":"status-publish","5":"product_cat-edebiyat","6":"product_cat-roman-oyku","7":"pa_cilt-ciltsiz","8":"pa_tur-kitap","9":"pa_yayinevi-x-libris","10":"pa_yazar-r-l-stine","12":"first","13":"instock","14":"sale","15":"shipping-taxable","16":"purchasable","17":"product-type-simple"},"_links":{"self":[{"href":"https:\/\/roveyayinevi.com.tr\/index.php\/wp-json\/wp\/v2\/product\/763227","targetHints":{"allow":["GET"]}}],"collection":[{"href":"https:\/\/roveyayinevi.com.tr\/index.php\/wp-json\/wp\/v2\/product"}],"about":[{"href":"https:\/\/roveyayinevi.com.tr\/index.php\/wp-json\/wp\/v2\/types\/product"}],"wp:attachment":[{"href":"https:\/\/roveyayinevi.com.tr\/index.php\/wp-json\/wp\/v2\/media?parent=763227"}],"wp:term":[{"taxonomy":"product_brand","embeddable":true,"href":"https:\/\/roveyayinevi.com.tr\/index.php\/wp-json\/wp\/v2\/product_brand?post=763227"},{"taxonomy":"product_cat","embeddable":true,"href":"https:\/\/roveyayinevi.com.tr\/index.php\/wp-json\/wp\/v2\/product_cat?post=763227"},{"taxonomy":"product_tag","embeddable":true,"href":"https:\/\/roveyayinevi.com.tr\/index.php\/wp-json\/wp\/v2\/product_tag?post=763227"}],"curies":[{"name":"wp","href":"https:\/\/api.w.org\/{rel}","templated":true}]}}