{"id":763224,"date":"2025-08-28T10:34:19","date_gmt":"2025-08-28T07:34:19","guid":{"rendered":"https:\/\/roveyayinevi.com.tr\/index.php\/urun\/aykirilik-yoksa-nitelikli-hayat-da-yoktur\/"},"modified":"2026-04-15T03:28:37","modified_gmt":"2026-04-15T00:28:37","slug":"aykirilik-yoksa-nitelikli-hayat-da-yoktur","status":"publish","type":"product","link":"https:\/\/roveyayinevi.com.tr\/index.php\/urun\/aykirilik-yoksa-nitelikli-hayat-da-yoktur\/","title":{"rendered":"Ayk\u0131r\u0131l\u0131k Yoksa Nitelikli Hayat da Yoktur"},"content":{"rendered":"<p>Gerze\u2019de haylaz bir \u00e7ocuk, Kuleli\u2019de asi bir \u00f6\u011frenci, Hakk\u00e2ri\u2019de efsane bir komutan. T\u00fcrkiye\u2019nin 90\u2019l\u0131 y\u0131llar\u0131na damga vuran unutulmaz kahraman Osman Pamuko\u011flu, d\u00fcn\u00fc, bug\u00fcn\u00fc ve yar\u0131n\u0131 anlat\u0131yor. Pamuko\u011flu, hen\u00fcz k\u00fc\u00e7\u00fck bir \u00e7ocukken \u015fekillenmeye ba\u015flayan karakterini bir \u00f6rnek niteli\u011finde okura sunarken \u00f6\u011frencilik y\u0131llar\u0131n\u0131n yan\u0131 s\u0131ra askeri ve siyasi hayat\u0131n\u0131n bilinmeyenlerini de sat\u0131rlarla bulu\u015fturuyor. Ve sat\u0131r aralar\u0131nda \u00e7ok say\u0131da \u201cO kadar da olmaz!\u201d denilecek ya\u015fanm\u0131\u015f olay yer al\u0131yor\u2026 Farkl\u0131 ya\u015f, e\u011fitim ve sosyal stat\u00fcdeki sekiz ki\u015filik bir heyet taraf\u0131ndan haz\u0131rlanan sorular, Efsane Komutan\u2019\u0131n 70\u2019i a\u015fk\u0131n y\u0131l\u0131n\u0131 bug\u00fcne ta\u015f\u0131man\u0131n yan\u0131nda ya\u015fama dair ortaya \u00e7\u0131kard\u0131\u011f\u0131 felsefi cevaplarla yol g\u00f6sterici bir haritaya d\u00f6n\u00fc\u015f\u00fcyor. Ayk\u0131r\u0131l\u0131k Yoksa Nitelikli Hayat da Yoktur, sars\u0131lmaz bir karakterin do\u011fu\u015funu tarihe asla silinmeyecek bir not olarak d\u00fc\u015f\u00fcyor. <\/p>\n","protected":false},"excerpt":{"rendered":"<p>Gerze\u2019de haylaz bir \u00e7ocuk, Kuleli\u2019de asi bir \u00f6\u011frenci, Hakk\u00e2ri\u2019de efsane bir komutan. T\u00fcrkiye\u2019nin 90\u2019l\u0131 y\u0131llar\u0131na damga vuran unutulmaz kahraman Osman Pamuko\u011flu, d\u00fcn\u00fc, bug\u00fcn\u00fc ve yar\u0131n\u0131 anlat\u0131yor.<span class=\"excerpt-hellip\"> [\u2026]<\/span><\/p>\n","protected":false},"featured_media":0,"template":"","meta":{"_monsterinsights_skip_tracking":false,"_monsterinsights_sitenote_active":false,"_monsterinsights_sitenote_note":"","_monsterinsights_sitenote_category":0},"product_brand":[],"product_cat":[12291,30969],"product_tag":[],"class_list":{"0":"post-763224","1":"product","2":"type-product","3":"status-publish","5":"product_cat-edebiyat","6":"product_cat-soylesi-edebiyat","7":"pa_cilt-ciltsiz","8":"pa_tur-kitap","9":"pa_yayinevi-inkilap-kitabevi","10":"pa_yazar-osman-pamukoglu","12":"first","13":"instock","14":"sale","15":"shipping-taxable","16":"purchasable","17":"product-type-simple"},"_links":{"self":[{"href":"https:\/\/roveyayinevi.com.tr\/index.php\/wp-json\/wp\/v2\/product\/763224","targetHints":{"allow":["GET"]}}],"collection":[{"href":"https:\/\/roveyayinevi.com.tr\/index.php\/wp-json\/wp\/v2\/product"}],"about":[{"href":"https:\/\/roveyayinevi.com.tr\/index.php\/wp-json\/wp\/v2\/types\/product"}],"wp:attachment":[{"href":"https:\/\/roveyayinevi.com.tr\/index.php\/wp-json\/wp\/v2\/media?parent=763224"}],"wp:term":[{"taxonomy":"product_brand","embeddable":true,"href":"https:\/\/roveyayinevi.com.tr\/index.php\/wp-json\/wp\/v2\/product_brand?post=763224"},{"taxonomy":"product_cat","embeddable":true,"href":"https:\/\/roveyayinevi.com.tr\/index.php\/wp-json\/wp\/v2\/product_cat?post=763224"},{"taxonomy":"product_tag","embeddable":true,"href":"https:\/\/roveyayinevi.com.tr\/index.php\/wp-json\/wp\/v2\/product_tag?post=763224"}],"curies":[{"name":"wp","href":"https:\/\/api.w.org\/{rel}","templated":true}]}}