{"id":763221,"date":"2025-08-28T10:34:13","date_gmt":"2025-08-28T07:34:13","guid":{"rendered":"https:\/\/roveyayinevi.com.tr\/index.php\/urun\/hgoi-2-krallar-ve-soytarilari\/"},"modified":"2026-04-15T03:28:37","modified_gmt":"2026-04-15T00:28:37","slug":"hgoi-2-krallar-ve-soytarilari","status":"publish","type":"product","link":"https:\/\/roveyayinevi.com.tr\/index.php\/urun\/hgoi-2-krallar-ve-soytarilari\/","title":{"rendered":"HGO\u0130 2 : Krallar ve Soytar\u0131lar\u0131"},"content":{"rendered":"<p>Korku seni g\u00fc\u00e7l\u00fc k\u0131lacak!   Tanr\u0131\u00e7alar\u0131n f\u0131s\u0131lt\u0131s\u0131 ile ta\u015flar\u0131n pe\u015fine d\u00fc\u015fen Nova kolyesini geri almak i\u00e7in Ate\u015f Lordu\u2019na tuzak kurarak Ate\u015f Krall\u0131\u011f\u0131\u2019na gider. Su Krall\u0131\u011f\u0131\u2019n\u0131n y\u00fckseli\u015finden tedirgin olan Toprak V\u00e2risi diyar\u0131 bir kez daha lordlar\u0131n y\u00f6netimine b\u0131rakmamaya kararl\u0131d\u0131r. Krall\u0131k s\u0131ralamalar\u0131yla ilgili ger\u00e7e\u011fi \u00f6\u011frendikten sonra hi\u00e7bir \u015feyin kendisini durdurmas\u0131na izin vermeyecektir.   Nova b\u00fcy\u00fck kozlar\u0131 ile geri d\u00f6ner. Hava Lordu ile dengeleri de\u011fi\u015ftirecek bir anla\u015fma yapt\u0131\u011f\u0131 s\u0131rada krall\u0131k sald\u0131r\u0131ya u\u011frar. Su Lordu ile y\u00fczle\u015fmesi ger\u00e7ekte ne istedi\u011fini anlamas\u0131n\u0131 sa\u011flar. Aralar\u0131ndaki \u00e7ekim katlan\u0131lmaz hale gelen Ate\u015f Lordu ile ikiz alev oldu\u011funu \u00f6\u011frenmek akl\u0131n\u0131 ve kalbini buland\u0131r\u0131r. Geride b\u0131rakt\u0131klar\u0131n\u0131 kurtarmak ve halk\u0131n\u0131 uyand\u0131rmak i\u00e7in bir kez daha i\u015f ba\u015fa d\u00fc\u015fer ama Tanr\u0131\u00e7alar\u0131n onun i\u00e7in Bamba\u015fka planlar\u0131 vard\u0131r. <\/p>\n","protected":false},"excerpt":{"rendered":"<p>Korku seni g\u00fc\u00e7l\u00fc k\u0131lacak! Tanr\u0131\u00e7alar\u0131n f\u0131s\u0131lt\u0131s\u0131 ile ta\u015flar\u0131n pe\u015fine d\u00fc\u015fen Nova kolyesini geri almak i\u00e7in Ate\u015f Lordu\u2019na tuzak kurarak Ate\u015f Krall\u0131\u011f\u0131\u2019na gider. Su Krall\u0131\u011f\u0131\u2019n\u0131n y\u00fckseli\u015finden tedirgin<span class=\"excerpt-hellip\"> [\u2026]<\/span><\/p>\n","protected":false},"featured_media":0,"template":"","meta":{"_monsterinsights_skip_tracking":false,"_monsterinsights_sitenote_active":false,"_monsterinsights_sitenote_note":"","_monsterinsights_sitenote_category":0},"product_brand":[],"product_cat":[12291,14777],"product_tag":[],"class_list":{"0":"post-763221","1":"product","2":"type-product","3":"status-publish","5":"product_cat-edebiyat","6":"product_cat-fantastik","7":"pa_cilt-ciltsiz","8":"pa_tur-kitap","9":"pa_yayinevi-dex-yayinevi","10":"pa_yazar-n-g-kabal","12":"first","13":"instock","14":"sale","15":"shipping-taxable","16":"purchasable","17":"product-type-simple"},"_links":{"self":[{"href":"https:\/\/roveyayinevi.com.tr\/index.php\/wp-json\/wp\/v2\/product\/763221","targetHints":{"allow":["GET"]}}],"collection":[{"href":"https:\/\/roveyayinevi.com.tr\/index.php\/wp-json\/wp\/v2\/product"}],"about":[{"href":"https:\/\/roveyayinevi.com.tr\/index.php\/wp-json\/wp\/v2\/types\/product"}],"wp:attachment":[{"href":"https:\/\/roveyayinevi.com.tr\/index.php\/wp-json\/wp\/v2\/media?parent=763221"}],"wp:term":[{"taxonomy":"product_brand","embeddable":true,"href":"https:\/\/roveyayinevi.com.tr\/index.php\/wp-json\/wp\/v2\/product_brand?post=763221"},{"taxonomy":"product_cat","embeddable":true,"href":"https:\/\/roveyayinevi.com.tr\/index.php\/wp-json\/wp\/v2\/product_cat?post=763221"},{"taxonomy":"product_tag","embeddable":true,"href":"https:\/\/roveyayinevi.com.tr\/index.php\/wp-json\/wp\/v2\/product_tag?post=763221"}],"curies":[{"name":"wp","href":"https:\/\/api.w.org\/{rel}","templated":true}]}}