{"id":763219,"date":"2025-08-28T10:34:09","date_gmt":"2025-08-28T07:34:09","guid":{"rendered":"https:\/\/roveyayinevi.com.tr\/index.php\/urun\/hgoi-1-lordlar-ve-varisler\/"},"modified":"2026-04-15T03:28:37","modified_gmt":"2026-04-15T00:28:37","slug":"hgoi-1-lordlar-ve-varisler","status":"publish","type":"product","link":"https:\/\/roveyayinevi.com.tr\/index.php\/urun\/hgoi-1-lordlar-ve-varisler\/","title":{"rendered":"HGO\u0130 1: Lordlar ve Varisler"},"content":{"rendered":"<p>G\u00f6ky\u00fcz\u00fc senin i\u00e7in \u015fark\u0131 yaz\u0131yor!   Su Krall\u0131\u011f\u0131\u2019n\u0131n y\u0131k\u0131l\u0131\u015f\u0131n\u0131n ard\u0131ndan tahta ge\u00e7en Toprak Krall\u0131\u011f\u0131 y\u00fczy\u0131l sonra insanlar\u0131n aras\u0131na gizlenen v\u00e2rislerin pe\u015findedir. B\u00fcy\u00fck Y\u0131k\u0131m\u2019\u0131n ard\u0131ndan Ate\u015f Krall\u0131\u011f\u0131 esir d\u00fc\u015fm\u00fc\u015f, Hava Krall\u0131\u011f\u0131 \u00e7ok kay\u0131p verse de ayakta kalm\u0131\u015f, Su Krall\u0131\u011f\u0131\u2019ndan ise geriye hi\u00e7bir \u015fey kalmam\u0131\u015ft\u0131r.   Alfin efsaneleri ile g\u00f6ky\u00fcz\u00fcn\u00fc seyrederek b\u00fcy\u00fcyen ama sihre inanmayan Nova diyara getirildi\u011finde en yak\u0131n arkada\u015f\u0131 ile d\u00fc\u015fman krall\u0131klar\u0131n v\u00e2risleri olduklar\u0131n\u0131 \u00f6\u011frenir. Y\u00fczlerinde kim olduklar\u0131n\u0131 ve hangi krall\u0131\u011fa ait olduklar\u0131n\u0131 simgeleyen izi de bir t\u00fcrl\u00fc belirmez.   Diyarda herkes taraf\u0131ndan d\u0131\u015flan\u0131nca Hava Krall\u0131\u011f\u0131\u2019n\u0131n nazik lordu Sina, Nova\u2019y\u0131 saray\u0131nda misafir eder.D\u00fczenbaz Ate\u015f Lordu\u2019nun ise onun i\u00e7in ba\u015fka planlar\u0131 vard\u0131r. T\u00fcm bu karma\u015fan\u0131n i\u00e7inde Nova Su Krall\u0131\u011f\u0131\u2019na dair bir iz bulur ama bunun i\u00e7in cehennem kap\u0131lar\u0131n\u0131 aralamak zorundad\u0131r.   <\/p>\n","protected":false},"excerpt":{"rendered":"<p>G\u00f6ky\u00fcz\u00fc senin i\u00e7in \u015fark\u0131 yaz\u0131yor! Su Krall\u0131\u011f\u0131\u2019n\u0131n y\u0131k\u0131l\u0131\u015f\u0131n\u0131n ard\u0131ndan tahta ge\u00e7en Toprak Krall\u0131\u011f\u0131 y\u00fczy\u0131l sonra insanlar\u0131n aras\u0131na gizlenen v\u00e2rislerin pe\u015findedir. B\u00fcy\u00fck Y\u0131k\u0131m\u2019\u0131n ard\u0131ndan Ate\u015f Krall\u0131\u011f\u0131 esir<span class=\"excerpt-hellip\"> [\u2026]<\/span><\/p>\n","protected":false},"featured_media":0,"template":"","meta":{"_monsterinsights_skip_tracking":false,"_monsterinsights_sitenote_active":false,"_monsterinsights_sitenote_note":"","_monsterinsights_sitenote_category":0},"product_brand":[],"product_cat":[12291,14777],"product_tag":[],"class_list":{"0":"post-763219","1":"product","2":"type-product","3":"status-publish","5":"product_cat-edebiyat","6":"product_cat-fantastik","7":"pa_cilt-ciltsiz","8":"pa_tur-kitap","9":"pa_yayinevi-dex-yayinevi","10":"pa_yazar-n-g-kabal","12":"first","13":"instock","14":"sale","15":"shipping-taxable","16":"purchasable","17":"product-type-simple"},"_links":{"self":[{"href":"https:\/\/roveyayinevi.com.tr\/index.php\/wp-json\/wp\/v2\/product\/763219","targetHints":{"allow":["GET"]}}],"collection":[{"href":"https:\/\/roveyayinevi.com.tr\/index.php\/wp-json\/wp\/v2\/product"}],"about":[{"href":"https:\/\/roveyayinevi.com.tr\/index.php\/wp-json\/wp\/v2\/types\/product"}],"wp:attachment":[{"href":"https:\/\/roveyayinevi.com.tr\/index.php\/wp-json\/wp\/v2\/media?parent=763219"}],"wp:term":[{"taxonomy":"product_brand","embeddable":true,"href":"https:\/\/roveyayinevi.com.tr\/index.php\/wp-json\/wp\/v2\/product_brand?post=763219"},{"taxonomy":"product_cat","embeddable":true,"href":"https:\/\/roveyayinevi.com.tr\/index.php\/wp-json\/wp\/v2\/product_cat?post=763219"},{"taxonomy":"product_tag","embeddable":true,"href":"https:\/\/roveyayinevi.com.tr\/index.php\/wp-json\/wp\/v2\/product_tag?post=763219"}],"curies":[{"name":"wp","href":"https:\/\/api.w.org\/{rel}","templated":true}]}}