{"id":763218,"date":"2025-08-28T10:34:06","date_gmt":"2025-08-28T07:34:06","guid":{"rendered":"https:\/\/roveyayinevi.com.tr\/index.php\/urun\/goosebumps-2-vampir-nefesi\/"},"modified":"2026-04-15T03:28:37","modified_gmt":"2026-04-15T00:28:37","slug":"goosebumps-2-vampir-nefesi","status":"publish","type":"product","link":"https:\/\/roveyayinevi.com.tr\/index.php\/urun\/goosebumps-2-vampir-nefesi\/","title":{"rendered":"Goosebumps 2 &#8211; Vampir Nefesi"},"content":{"rendered":"<p>O, D\u0130\u015e HEK\u0130MLER\u0130N\u0130N EN KORKULU R\u00dcYASI&#8230; Freddy Martinez ve arkada\u015f\u0131 Cara\u2019yla tan\u0131\u015f. Bu ikisi hi\u00e7bir \u015feyden korkmaz. Ger\u00e7i bu, Freddy\u2019nin bodrum kat\u0131nda ke\u015ffe \u00e7\u0131kmalar\u0131ndan \u00f6nceydi. Gizli oday\u0131 bulmalar\u0131ndan \u00f6nce. Vampir Nefesi \u015fi\u015fesini bulmalar\u0131ndan \u00f6nce. Zavall\u0131 Freddy ve Cara. Vampir Nefesi \u015fi\u015fesini a\u00e7malar\u0131 bir hatayd\u0131. \u00c7\u00fcnk\u00fc \u015fimdi Freddy\u2019nin bodrumunda bir vampir var. Ve kendisi \u00e7ok ama \u00e7ok susam\u0131\u015f durumda&#8230;  \u201cCara ile birlikte t\u00fcnelde Kont Gecekanat\u2019\u0131n pe\u015fine tak\u0131ld\u0131k. Pelerinini arkas\u0131nda dalgaland\u0131rarak \u00f6n\u00fcm\u00fczde sessizce havada s\u00fcz\u00fcl\u00fcyordu. &#8216;\u00c7ok susad\u0131m&#8230;&#8217; diye m\u0131r\u0131ldanmaya devam ediyordu. &#8216;\u00d6yle susad\u0131m ki&#8230;&#8217;\u201d <\/p>\n","protected":false},"excerpt":{"rendered":"<p>O, D\u0130\u015e HEK\u0130MLER\u0130N\u0130N EN KORKULU R\u00dcYASI&#8230; Freddy Martinez ve arkada\u015f\u0131 Cara\u2019yla tan\u0131\u015f. Bu ikisi hi\u00e7bir \u015feyden korkmaz. Ger\u00e7i bu, Freddy\u2019nin bodrum kat\u0131nda ke\u015ffe \u00e7\u0131kmalar\u0131ndan \u00f6nceydi. Gizli<span class=\"excerpt-hellip\"> [\u2026]<\/span><\/p>\n","protected":false},"featured_media":0,"template":"","meta":{"_monsterinsights_skip_tracking":false,"_monsterinsights_sitenote_active":false,"_monsterinsights_sitenote_note":"","_monsterinsights_sitenote_category":0},"product_brand":[],"product_cat":[12274,12284],"product_tag":[],"class_list":{"0":"post-763218","1":"product","2":"type-product","3":"status-publish","5":"product_cat-cocuk-ve-genclik-kitaplari","6":"product_cat-hikayeler","7":"pa_cilt-ciltsiz","8":"pa_tur-kitap","9":"pa_yayinevi-x-libris","10":"pa_yazar-r-l-stine","12":"first","13":"instock","14":"sale","15":"shipping-taxable","16":"purchasable","17":"product-type-simple"},"_links":{"self":[{"href":"https:\/\/roveyayinevi.com.tr\/index.php\/wp-json\/wp\/v2\/product\/763218","targetHints":{"allow":["GET"]}}],"collection":[{"href":"https:\/\/roveyayinevi.com.tr\/index.php\/wp-json\/wp\/v2\/product"}],"about":[{"href":"https:\/\/roveyayinevi.com.tr\/index.php\/wp-json\/wp\/v2\/types\/product"}],"wp:attachment":[{"href":"https:\/\/roveyayinevi.com.tr\/index.php\/wp-json\/wp\/v2\/media?parent=763218"}],"wp:term":[{"taxonomy":"product_brand","embeddable":true,"href":"https:\/\/roveyayinevi.com.tr\/index.php\/wp-json\/wp\/v2\/product_brand?post=763218"},{"taxonomy":"product_cat","embeddable":true,"href":"https:\/\/roveyayinevi.com.tr\/index.php\/wp-json\/wp\/v2\/product_cat?post=763218"},{"taxonomy":"product_tag","embeddable":true,"href":"https:\/\/roveyayinevi.com.tr\/index.php\/wp-json\/wp\/v2\/product_tag?post=763218"}],"curies":[{"name":"wp","href":"https:\/\/api.w.org\/{rel}","templated":true}]}}