{"id":763216,"date":"2025-08-28T10:34:02","date_gmt":"2025-08-28T07:34:02","guid":{"rendered":"https:\/\/roveyayinevi.com.tr\/index.php\/urun\/karanlik-safak-seytan-gecesi-4\/"},"modified":"2026-04-15T03:28:37","modified_gmt":"2026-04-15T00:28:37","slug":"karanlik-safak-seytan-gecesi-4","status":"publish","type":"product","link":"https:\/\/roveyayinevi.com.tr\/index.php\/urun\/karanlik-safak-seytan-gecesi-4\/","title":{"rendered":"Karanl\u0131k \u015eafak &#8211; \u015eeytan Gecesi 4"},"content":{"rendered":"<p>New York Times\u2019\u0131n \u00e7ok satan yazarlar\u0131ndan Penelope Douglas\u2019\u0131n \u015eeytan Gecesi serisinin d\u00f6rd\u00fcnc\u00fc ve nefes kesici son oyunu ba\u015fl\u0131yor!.. Haz\u0131r m\u0131s\u0131n?   Be\u015fe kar\u015f\u0131 birsin, ka\u00e7acak yerin yok \u00e7\u00fcnk\u00fc Karakilise\u2019desin.   Karakilise zengin ve g\u00fc\u00e7l\u00fc ailelerin, yaramazl\u0131k yapan o\u011fullar\u0131n\u0131 merakl\u0131 g\u00f6zlerden uzakla\u015ft\u0131rmak i\u00e7in g\u00f6nderdi\u011fi, her yerden uzak bir malikane. \u015eimdi burada son kozlar payla\u015f\u0131l\u0131p son intikamlar al\u0131nacak. Kimileri sakland\u0131\u011f\u0131 yerden \u00e7\u0131kacak; yepyeni bir kurt s\u00fcr\u00fcs\u00fc ortal\u0131\u011fa da\u011f\u0131lacak, Karakilise\u2019nin mahk\u00fbmlar\u0131 \u00e7ok can yakacak!   Will her zaman pervas\u0131z ve vah\u015fiydi, ba\u011fl\u0131 kald\u0131\u011f\u0131 tek kural can\u0131 ne istiyorsa onu yapmakt\u0131. Lisedeyken, kimse bakmad\u0131\u011f\u0131nda Emory\u2019yi k\u00f6\u015feye s\u0131k\u0131\u015ft\u0131rmaktan ho\u015flan\u0131rd\u0131 ama ayn\u0131 zamanda s\u0131cak da davran\u0131rd\u0131. Asl\u0131nda Emory\u2019den nefret etmeye hakk\u0131 vard\u0131, \u00e7\u00fcnk\u00fc hepsi onun su\u00e7uydu, her \u015fey\u2026 \u015eeytan Gecesi, videolar, tutuklamalar\u2026 Emory su\u00e7lu olsa da pi\u015fman de\u011fildi, Will\u2019in k\u00f6\u015feye s\u0131k\u0131\u015ft\u0131r\u0131lma zaman\u0131 gelmi\u015fti. <\/p>\n","protected":false},"excerpt":{"rendered":"<p>New York Times\u2019\u0131n \u00e7ok satan yazarlar\u0131ndan Penelope Douglas\u2019\u0131n \u015eeytan Gecesi serisinin d\u00f6rd\u00fcnc\u00fc ve nefes kesici son oyunu ba\u015fl\u0131yor!.. Haz\u0131r m\u0131s\u0131n? Be\u015fe kar\u015f\u0131 birsin, ka\u00e7acak yerin yok<span class=\"excerpt-hellip\"> [\u2026]<\/span><\/p>\n","protected":false},"featured_media":0,"template":"","meta":{"_monsterinsights_skip_tracking":false,"_monsterinsights_sitenote_active":false,"_monsterinsights_sitenote_note":"","_monsterinsights_sitenote_category":0},"product_brand":[],"product_cat":[12291,12711],"product_tag":[],"class_list":{"0":"post-763216","1":"product","2":"type-product","3":"status-publish","5":"product_cat-edebiyat","6":"product_cat-roman-oyku","7":"pa_cilt-ciltsiz","8":"pa_tur-kitap","9":"pa_yayinevi-dex-yayinevi","10":"pa_yazar-penelope-douglas","12":"first","13":"instock","14":"sale","15":"shipping-taxable","16":"purchasable","17":"product-type-simple"},"_links":{"self":[{"href":"https:\/\/roveyayinevi.com.tr\/index.php\/wp-json\/wp\/v2\/product\/763216","targetHints":{"allow":["GET"]}}],"collection":[{"href":"https:\/\/roveyayinevi.com.tr\/index.php\/wp-json\/wp\/v2\/product"}],"about":[{"href":"https:\/\/roveyayinevi.com.tr\/index.php\/wp-json\/wp\/v2\/types\/product"}],"wp:attachment":[{"href":"https:\/\/roveyayinevi.com.tr\/index.php\/wp-json\/wp\/v2\/media?parent=763216"}],"wp:term":[{"taxonomy":"product_brand","embeddable":true,"href":"https:\/\/roveyayinevi.com.tr\/index.php\/wp-json\/wp\/v2\/product_brand?post=763216"},{"taxonomy":"product_cat","embeddable":true,"href":"https:\/\/roveyayinevi.com.tr\/index.php\/wp-json\/wp\/v2\/product_cat?post=763216"},{"taxonomy":"product_tag","embeddable":true,"href":"https:\/\/roveyayinevi.com.tr\/index.php\/wp-json\/wp\/v2\/product_tag?post=763216"}],"curies":[{"name":"wp","href":"https:\/\/api.w.org\/{rel}","templated":true}]}}