{"id":763215,"date":"2025-08-28T10:34:00","date_gmt":"2025-08-28T07:34:00","guid":{"rendered":"https:\/\/roveyayinevi.com.tr\/index.php\/urun\/gelinler-gemisi\/"},"modified":"2026-04-15T03:28:37","modified_gmt":"2026-04-15T00:28:37","slug":"gelinler-gemisi","status":"publish","type":"product","link":"https:\/\/roveyayinevi.com.tr\/index.php\/urun\/gelinler-gemisi\/","title":{"rendered":"Gelinler Gemisi"},"content":{"rendered":"<p>D\u00fcnyan\u0131n \u00f6b\u00fcr ucundaki bilinmeyen bir gelece\u011fe g\u00fcvenebilecek kadar cesur olan gencecik k\u0131zlar\u0131n, sava\u015f gelinlerinin muhte\u015fem \u00f6yk\u00fcs\u00fc   Y\u0131l 1946, 2. D\u00fcnya Sava\u015f\u0131 sona erince t\u00fcm d\u00fcnyada gen\u00e7 kad\u0131nlar, sava\u015f zaman\u0131nda ni\u015fanland\u0131klar\u0131 erkeklere verdikleri s\u00f6zleri yerine getirmeye ba\u015flar.   Avustralya\u2019dan \u0130ngiltere\u2019ye alt\u0131 haftal\u0131k bir gemi yolculu\u011funa \u00e7\u0131kan bu 650 sava\u015f gelini e\u015fleriyle kavu\u015fmak i\u00e7in \u00e7ok heyecanl\u0131lar.Ancak bekledikleri l\u00fcks yolcu gemisi yerine kendilerini bin ki\u015filik bir u\u00e7ak gemisinde bulurlar. Donanma, kad\u0131nlarla erkekleri ay\u0131ran kat\u0131 kurallar koysa da baz\u0131 hayatlar\u0131n i\u00e7 i\u00e7e ge\u00e7mesine engel olamaz.   On alt\u0131 ya\u015f\u0131ndaki \u00e7i\u00e7e\u011fi burnunda gelin Jean, m\u00fctevaz\u0131 bir \u00e7ift\u00e7inin k\u0131vrak zek\u00e2l\u0131 k\u0131z\u0131 Maggie, varl\u0131kl\u0131 ailesiyle g\u00f6steri\u015f yapan Avice ve sessiz, melankolik hem\u015fire Francis kalplerine s\u00f6z ge\u00e7iremeyecek ve yolculu\u011fun var\u0131lacak yerden daha \u00f6nemli oldu\u011funu fark edecekler.   \u201cOla\u011fan\u00fcst\u00fc romantik ve dokunakl\u0131. Hatta Senden \u00d6nce Ben\u2019den bile daha iyi.\u201d Daily Mail   \u201c\u0130lgi \u00e7ekici ve dokunakl\u0131&#8230; Moyes hem diyaloglar\u0131 hem de betimlemeleri b\u00fcy\u00fcleyici bir \u015fekilde yaz\u0131yor.\u201d Glasgow Herald   \u201cGelinler Gemisi harika bir roman: tamamen duygu s\u00f6m\u00fcr\u00fcs\u00fcnden uzak bir kader ve al\u0131n yaz\u0131s\u0131 \u00f6yk\u00fcs\u00fc.\u201d Sunday Express <\/p>\n","protected":false},"excerpt":{"rendered":"<p>D\u00fcnyan\u0131n \u00f6b\u00fcr ucundaki bilinmeyen bir gelece\u011fe g\u00fcvenebilecek kadar cesur olan gencecik k\u0131zlar\u0131n, sava\u015f gelinlerinin muhte\u015fem \u00f6yk\u00fcs\u00fc Y\u0131l 1946, 2. D\u00fcnya Sava\u015f\u0131 sona erince t\u00fcm d\u00fcnyada gen\u00e7<span class=\"excerpt-hellip\"> [\u2026]<\/span><\/p>\n","protected":false},"featured_media":0,"template":"","meta":{"_monsterinsights_skip_tracking":false,"_monsterinsights_sitenote_active":false,"_monsterinsights_sitenote_note":"","_monsterinsights_sitenote_category":0},"product_brand":[],"product_cat":[12291,12711],"product_tag":[],"class_list":{"0":"post-763215","1":"product","2":"type-product","3":"status-publish","5":"product_cat-edebiyat","6":"product_cat-roman-oyku","7":"pa_cilt-ciltsiz","8":"pa_tur-kitap","9":"pa_yayinevi-dex-yayinevi","10":"pa_yazar-jojo-moyes","12":"first","13":"instock","14":"sale","15":"shipping-taxable","16":"purchasable","17":"product-type-simple"},"_links":{"self":[{"href":"https:\/\/roveyayinevi.com.tr\/index.php\/wp-json\/wp\/v2\/product\/763215","targetHints":{"allow":["GET"]}}],"collection":[{"href":"https:\/\/roveyayinevi.com.tr\/index.php\/wp-json\/wp\/v2\/product"}],"about":[{"href":"https:\/\/roveyayinevi.com.tr\/index.php\/wp-json\/wp\/v2\/types\/product"}],"wp:attachment":[{"href":"https:\/\/roveyayinevi.com.tr\/index.php\/wp-json\/wp\/v2\/media?parent=763215"}],"wp:term":[{"taxonomy":"product_brand","embeddable":true,"href":"https:\/\/roveyayinevi.com.tr\/index.php\/wp-json\/wp\/v2\/product_brand?post=763215"},{"taxonomy":"product_cat","embeddable":true,"href":"https:\/\/roveyayinevi.com.tr\/index.php\/wp-json\/wp\/v2\/product_cat?post=763215"},{"taxonomy":"product_tag","embeddable":true,"href":"https:\/\/roveyayinevi.com.tr\/index.php\/wp-json\/wp\/v2\/product_tag?post=763215"}],"curies":[{"name":"wp","href":"https:\/\/api.w.org\/{rel}","templated":true}]}}