{"id":763209,"date":"2025-08-28T10:33:48","date_gmt":"2025-08-28T07:33:48","guid":{"rendered":"https:\/\/roveyayinevi.com.tr\/index.php\/urun\/dunyayi-kurtaran-cocuk-2\/"},"modified":"2026-04-15T03:28:37","modified_gmt":"2026-04-15T00:28:37","slug":"dunyayi-kurtaran-cocuk-2","status":"publish","type":"product","link":"https:\/\/roveyayinevi.com.tr\/index.php\/urun\/dunyayi-kurtaran-cocuk-2\/","title":{"rendered":"D\u00fcnya&#8217;y\u0131 Kurtaran \u00c7ocuk"},"content":{"rendered":"<p>D\u00fcnya\u2019n\u0131n ge\u00e7mi\u015finde yap\u0131lm\u0131\u015f bir hata e\u011fer d\u00fczeltilmezse, t\u00fcm insanl\u0131k felakete s\u00fcr\u00fcklenecek. Tek \u00e7\u00f6z\u00fcm y\u0131llard\u0131r aranan se\u00e7ilmi\u015flerden birini bulmak. Peki ya bu se\u00e7ilmi\u015f ki\u015fi bir \u00e7ocuksa?.. \u00d6zg\u00fcr, bedeninde gezegenin kadim bilgisinin sakl\u0131 oldu\u011fundan habersiz, uykusundan ba\u015fka bir evrende uyand\u0131r\u0131ld\u0131. Ondan istenen \u00e7\u00f6z\u00fcm ise boyunu misliyle a\u015facak gibi g\u00f6r\u00fcn\u00fcyor. Onu ve bu yolculukta tan\u0131\u015ft\u0131\u011f\u0131 atalar\u0131ndan, dedesi Komutan Akirra\u2019y\u0131, birlikte y\u00fcr\u00fctecekleri gezegenler aras\u0131, zorlu bir m\u00fccadele bekliyor&#8230;   Kitaplar\u0131nda okurlar\u0131n\u0131 farkl\u0131 \u00e7a\u011flarda yolculuklara \u00e7\u0131karan Bilgin Adal\u0131, bu roman\u0131nda gezegenimizin bug\u00fcn\u00fcne hem \u00e7a\u011flar \u00f6ncesinden hem de \u0131\u015f\u0131k y\u0131l\u0131 uzakl\u0131\u011f\u0131nda bir mesafeden bak\u0131yor. Do\u011fan Gen\u00e7soy\u2019un resimleriyle canlanan kitap, okuru D\u00fcnya\u2019n\u0131n acil eylem gerektiren meseleleri ve nedenleri \u00fczerine d\u00fc\u015f\u00fcnd\u00fcr\u00fcyor. <\/p>\n","protected":false},"excerpt":{"rendered":"<p>D\u00fcnya\u2019n\u0131n ge\u00e7mi\u015finde yap\u0131lm\u0131\u015f bir hata e\u011fer d\u00fczeltilmezse, t\u00fcm insanl\u0131k felakete s\u00fcr\u00fcklenecek. Tek \u00e7\u00f6z\u00fcm y\u0131llard\u0131r aranan se\u00e7ilmi\u015flerden birini bulmak. Peki ya bu se\u00e7ilmi\u015f ki\u015fi bir \u00e7ocuksa?.. \u00d6zg\u00fcr,<span class=\"excerpt-hellip\"> [\u2026]<\/span><\/p>\n","protected":false},"featured_media":0,"template":"","meta":{"_monsterinsights_skip_tracking":false,"_monsterinsights_sitenote_active":false,"_monsterinsights_sitenote_note":"","_monsterinsights_sitenote_category":0},"product_brand":[],"product_cat":[12274,12284],"product_tag":[],"class_list":{"0":"post-763209","1":"product","2":"type-product","3":"status-publish","5":"product_cat-cocuk-ve-genclik-kitaplari","6":"product_cat-hikayeler","7":"pa_cilt-ciltsiz","8":"pa_tur-kitap","9":"pa_yayinevi-can-cocuk-yayinlari","10":"pa_yazar-bilgin-adali","12":"first","13":"instock","14":"sale","15":"shipping-taxable","16":"purchasable","17":"product-type-simple"},"_links":{"self":[{"href":"https:\/\/roveyayinevi.com.tr\/index.php\/wp-json\/wp\/v2\/product\/763209","targetHints":{"allow":["GET"]}}],"collection":[{"href":"https:\/\/roveyayinevi.com.tr\/index.php\/wp-json\/wp\/v2\/product"}],"about":[{"href":"https:\/\/roveyayinevi.com.tr\/index.php\/wp-json\/wp\/v2\/types\/product"}],"wp:attachment":[{"href":"https:\/\/roveyayinevi.com.tr\/index.php\/wp-json\/wp\/v2\/media?parent=763209"}],"wp:term":[{"taxonomy":"product_brand","embeddable":true,"href":"https:\/\/roveyayinevi.com.tr\/index.php\/wp-json\/wp\/v2\/product_brand?post=763209"},{"taxonomy":"product_cat","embeddable":true,"href":"https:\/\/roveyayinevi.com.tr\/index.php\/wp-json\/wp\/v2\/product_cat?post=763209"},{"taxonomy":"product_tag","embeddable":true,"href":"https:\/\/roveyayinevi.com.tr\/index.php\/wp-json\/wp\/v2\/product_tag?post=763209"}],"curies":[{"name":"wp","href":"https:\/\/api.w.org\/{rel}","templated":true}]}}