{"id":763208,"date":"2025-08-28T10:33:46","date_gmt":"2025-08-28T07:33:46","guid":{"rendered":"https:\/\/roveyayinevi.com.tr\/index.php\/urun\/bir-diplomat-cocugunun-anilari\/"},"modified":"2026-04-15T03:28:37","modified_gmt":"2026-04-15T00:28:37","slug":"bir-diplomat-cocugunun-anilari","status":"publish","type":"product","link":"https:\/\/roveyayinevi.com.tr\/index.php\/urun\/bir-diplomat-cocugunun-anilari\/","title":{"rendered":"Bir Diplomat \u00c7ocu\u011funun An\u0131lar\u0131"},"content":{"rendered":"<p>Bir Diplomat \u00c7ocu\u011funun An\u0131lar\u0131, Bergin Azer\u2019in kaleme ald\u0131\u011f\u0131 \u00f6zel bir hat\u0131ra defteri say\u0131l\u0131r. Modern T\u00fcrk ailesinin diplomatik ya\u015famda ba\u015flar\u0131ndan ge\u00e7en \u00e7e\u015fitli olaylara, kar\u015f\u0131la\u015fmalara, hayatla ve insanlarla s\u00fcren m\u00fccadeleye uzanan bu ser\u00fcven geni\u015f bir tarih aral\u0131\u011f\u0131na da \u0131\u015f\u0131k tutuyor. Ger\u00e7ek hayat\u0131n ac\u0131 tatl\u0131 olaylar\u0131na, d\u00fcnyadaki siyasi ve sosyal geli\u015fmelere, vatan \u00f6zlemine, yabanc\u0131larla kurulan ili\u015fkilere ve k\u00fclt\u00fcr al\u0131\u015fveri\u015fine bir gen\u00e7 k\u0131z\u0131n g\u00f6z\u00fcnden \u015fahit olacaks\u0131n\u0131z.   Mektuplar, foto\u011fraflar, hat\u0131ralar ve akan zaman\u2026 Bergin Azer, Bir Diplomat \u00c7ocu\u011funun An\u0131lar\u0131\u2019nda bize, ger\u00e7ekten de t\u00fcr\u00fcn\u00fcn son \u00f6rneklerinden, \u00e7ok ba\u015far\u0131l\u0131, Cumhuriyet sevdal\u0131s\u0131, liyakatli, \u00e7a\u011fda\u015f, sevgi dolu bir aile nas\u0131l olur, tam da bunu \u00f6\u011fretiyor, g\u00f6steriyor. <\/p>\n","protected":false},"excerpt":{"rendered":"<p>Bir Diplomat \u00c7ocu\u011funun An\u0131lar\u0131, Bergin Azer\u2019in kaleme ald\u0131\u011f\u0131 \u00f6zel bir hat\u0131ra defteri say\u0131l\u0131r. Modern T\u00fcrk ailesinin diplomatik ya\u015famda ba\u015flar\u0131ndan ge\u00e7en \u00e7e\u015fitli olaylara, kar\u015f\u0131la\u015fmalara, hayatla ve insanlarla<span class=\"excerpt-hellip\"> [\u2026]<\/span><\/p>\n","protected":false},"featured_media":0,"template":"","meta":{"_monsterinsights_skip_tracking":false,"_monsterinsights_sitenote_active":false,"_monsterinsights_sitenote_note":"","_monsterinsights_sitenote_category":0},"product_brand":[],"product_cat":[13701,12291],"product_tag":[],"class_list":{"0":"post-763208","1":"product","2":"type-product","3":"status-publish","5":"product_cat-ani-mektup-gunluk","6":"product_cat-edebiyat","7":"pa_cilt-ciltsiz","8":"pa_tur-kitap","9":"pa_yayinevi-potkal-kitap","10":"pa_yazar-bergin-azer","12":"first","13":"instock","14":"sale","15":"shipping-taxable","16":"purchasable","17":"product-type-simple"},"_links":{"self":[{"href":"https:\/\/roveyayinevi.com.tr\/index.php\/wp-json\/wp\/v2\/product\/763208","targetHints":{"allow":["GET"]}}],"collection":[{"href":"https:\/\/roveyayinevi.com.tr\/index.php\/wp-json\/wp\/v2\/product"}],"about":[{"href":"https:\/\/roveyayinevi.com.tr\/index.php\/wp-json\/wp\/v2\/types\/product"}],"wp:attachment":[{"href":"https:\/\/roveyayinevi.com.tr\/index.php\/wp-json\/wp\/v2\/media?parent=763208"}],"wp:term":[{"taxonomy":"product_brand","embeddable":true,"href":"https:\/\/roveyayinevi.com.tr\/index.php\/wp-json\/wp\/v2\/product_brand?post=763208"},{"taxonomy":"product_cat","embeddable":true,"href":"https:\/\/roveyayinevi.com.tr\/index.php\/wp-json\/wp\/v2\/product_cat?post=763208"},{"taxonomy":"product_tag","embeddable":true,"href":"https:\/\/roveyayinevi.com.tr\/index.php\/wp-json\/wp\/v2\/product_tag?post=763208"}],"curies":[{"name":"wp","href":"https:\/\/api.w.org\/{rel}","templated":true}]}}