{"id":763207,"date":"2025-08-28T10:33:45","date_gmt":"2025-08-28T07:33:45","guid":{"rendered":"https:\/\/roveyayinevi.com.tr\/index.php\/urun\/plaj-macerasi\/"},"modified":"2026-04-15T03:28:37","modified_gmt":"2026-04-15T00:28:37","slug":"plaj-macerasi","status":"publish","type":"product","link":"https:\/\/roveyayinevi.com.tr\/index.php\/urun\/plaj-macerasi\/","title":{"rendered":"Plaj Maceras\u0131"},"content":{"rendered":"<p>Okul \u00f6ncesi \u00e7ocuklar i\u00e7in \u00f6\u011fretici e\u011flendirici ve bulmacal\u0131 bir deniz k\u0131y\u0131s\u0131 maceras\u0131&#8230; 4 sayfa \u00e7\u0131kartma ekiyle&#8230; K\u0130TAPTAK\u0130 BAZI ETK\u0130NL\u0130KLER: * Labirent Bulmacalar * S\u00f6zc\u00fck Av\u0131 * E\u015fle\u015ftirme * Noktalar\u0131 Birle\u015ftirme * Sayma * Bo\u015fluklar\u0131 Doldurma * \u00c7izme Yaz\u0131n deniz k\u0131y\u0131s\u0131nda ge\u00e7en g\u00fcnleri temel alan bu kitap, \u00e7ocuklara deniz canl\u0131lar\u0131n\u0131 ve su alt\u0131 d\u00fcnyas\u0131n\u0131 da tan\u0131tan pek \u00e7ok e\u011flenceli etkinlikle dolu. <\/p>\n","protected":false},"excerpt":{"rendered":"<p>Okul \u00f6ncesi \u00e7ocuklar i\u00e7in \u00f6\u011fretici e\u011flendirici ve bulmacal\u0131 bir deniz k\u0131y\u0131s\u0131 maceras\u0131&#8230; 4 sayfa \u00e7\u0131kartma ekiyle&#8230; K\u0130TAPTAK\u0130 BAZI ETK\u0130NL\u0130KLER: * Labirent Bulmacalar * S\u00f6zc\u00fck Av\u0131 *<span class=\"excerpt-hellip\"> [\u2026]<\/span><\/p>\n","protected":false},"featured_media":0,"template":"","meta":{"_monsterinsights_skip_tracking":false,"_monsterinsights_sitenote_active":false,"_monsterinsights_sitenote_note":"","_monsterinsights_sitenote_category":0},"product_brand":[],"product_cat":[12274,15842],"product_tag":[],"class_list":{"0":"post-763207","1":"product","2":"type-product","3":"status-publish","5":"product_cat-cocuk-ve-genclik-kitaplari","6":"product_cat-egitici-kitaplar","7":"pa_cilt-ciltsiz","8":"pa_tur-kitap","9":"pa_yayinevi-remzi-kitabevi","10":"pa_yazar-kolektif","12":"first","13":"instock","14":"sale","15":"shipping-taxable","16":"purchasable","17":"product-type-simple"},"_links":{"self":[{"href":"https:\/\/roveyayinevi.com.tr\/index.php\/wp-json\/wp\/v2\/product\/763207","targetHints":{"allow":["GET"]}}],"collection":[{"href":"https:\/\/roveyayinevi.com.tr\/index.php\/wp-json\/wp\/v2\/product"}],"about":[{"href":"https:\/\/roveyayinevi.com.tr\/index.php\/wp-json\/wp\/v2\/types\/product"}],"wp:attachment":[{"href":"https:\/\/roveyayinevi.com.tr\/index.php\/wp-json\/wp\/v2\/media?parent=763207"}],"wp:term":[{"taxonomy":"product_brand","embeddable":true,"href":"https:\/\/roveyayinevi.com.tr\/index.php\/wp-json\/wp\/v2\/product_brand?post=763207"},{"taxonomy":"product_cat","embeddable":true,"href":"https:\/\/roveyayinevi.com.tr\/index.php\/wp-json\/wp\/v2\/product_cat?post=763207"},{"taxonomy":"product_tag","embeddable":true,"href":"https:\/\/roveyayinevi.com.tr\/index.php\/wp-json\/wp\/v2\/product_tag?post=763207"}],"curies":[{"name":"wp","href":"https:\/\/api.w.org\/{rel}","templated":true}]}}