{"id":763203,"date":"2025-08-28T10:33:37","date_gmt":"2025-08-28T07:33:37","guid":{"rendered":"https:\/\/roveyayinevi.com.tr\/index.php\/urun\/daniel-yuzmeyi-ogreniyor\/"},"modified":"2026-04-15T03:28:37","modified_gmt":"2026-04-15T00:28:37","slug":"daniel-yuzmeyi-ogreniyor","status":"publish","type":"product","link":"https:\/\/roveyayinevi.com.tr\/index.php\/urun\/daniel-yuzmeyi-ogreniyor\/","title":{"rendered":"Daniel Y\u00fczmeyi \u00d6\u011freniyor"},"content":{"rendered":"<p>Daniel ilk yu\u0308zme dersi i\u00e7in \u00e7ok heyecanl\u0131! Ama suya yakla\u015ft\u0131k\u00e7a endi\u015feleniyor. Art\u0131k o kadar e\u011flenceli g\u00f6ru\u0308nmu\u0308yor. Asl\u0131nda biraz korkutucu. Ama yan\u0131ndaki arkada\u015flar\u0131 \u00c7itlembik ve Pisi Kedicik\u2019le Daniel, yu\u0308zmenin ne kadar e\u011flenceli olabilece\u011fini ke\u015ffediyor! <\/p>\n","protected":false},"excerpt":{"rendered":"<p>Daniel ilk yu\u0308zme dersi i\u00e7in \u00e7ok heyecanl\u0131! Ama suya yakla\u015ft\u0131k\u00e7a endi\u015feleniyor. Art\u0131k o kadar e\u011flenceli g\u00f6ru\u0308nmu\u0308yor. Asl\u0131nda biraz korkutucu. Ama yan\u0131ndaki arkada\u015flar\u0131 \u00c7itlembik ve Pisi Kedicik\u2019le<span class=\"excerpt-hellip\"> [\u2026]<\/span><\/p>\n","protected":false},"featured_media":0,"template":"","meta":{"_monsterinsights_skip_tracking":false,"_monsterinsights_sitenote_active":false,"_monsterinsights_sitenote_note":"","_monsterinsights_sitenote_category":0},"product_brand":[],"product_cat":[12274,12284],"product_tag":[],"class_list":{"0":"post-763203","1":"product","2":"type-product","3":"status-publish","5":"product_cat-cocuk-ve-genclik-kitaplari","6":"product_cat-hikayeler","7":"pa_cilt-ciltsiz","8":"pa_tur-kitap","9":"pa_yayinevi-eksik-parca-yayinlari","10":"pa_yazar-alexandra-cassel-schwartz","12":"first","13":"instock","14":"sale","15":"shipping-taxable","16":"purchasable","17":"product-type-simple"},"_links":{"self":[{"href":"https:\/\/roveyayinevi.com.tr\/index.php\/wp-json\/wp\/v2\/product\/763203","targetHints":{"allow":["GET"]}}],"collection":[{"href":"https:\/\/roveyayinevi.com.tr\/index.php\/wp-json\/wp\/v2\/product"}],"about":[{"href":"https:\/\/roveyayinevi.com.tr\/index.php\/wp-json\/wp\/v2\/types\/product"}],"wp:attachment":[{"href":"https:\/\/roveyayinevi.com.tr\/index.php\/wp-json\/wp\/v2\/media?parent=763203"}],"wp:term":[{"taxonomy":"product_brand","embeddable":true,"href":"https:\/\/roveyayinevi.com.tr\/index.php\/wp-json\/wp\/v2\/product_brand?post=763203"},{"taxonomy":"product_cat","embeddable":true,"href":"https:\/\/roveyayinevi.com.tr\/index.php\/wp-json\/wp\/v2\/product_cat?post=763203"},{"taxonomy":"product_tag","embeddable":true,"href":"https:\/\/roveyayinevi.com.tr\/index.php\/wp-json\/wp\/v2\/product_tag?post=763203"}],"curies":[{"name":"wp","href":"https:\/\/api.w.org\/{rel}","templated":true}]}}