{"id":763201,"date":"2025-08-28T10:33:32","date_gmt":"2025-08-28T07:33:32","guid":{"rendered":"https:\/\/roveyayinevi.com.tr\/index.php\/urun\/hadi-dislerimizi-fircalayalim\/"},"modified":"2026-04-15T03:28:37","modified_gmt":"2026-04-15T00:28:37","slug":"hadi-dislerimizi-fircalayalim","status":"publish","type":"product","link":"https:\/\/roveyayinevi.com.tr\/index.php\/urun\/hadi-dislerimizi-fircalayalim\/","title":{"rendered":"Hadi Di\u015flerimizi F\u0131r\u00e7alayal\u0131m!"},"content":{"rendered":"<p>Kaplan Daniel ile di\u015flerini f\u0131r\u00e7ala! Kaplan Daniel ile birlikte di\u015flerini yukar\u0131dan a\u015fa\u011f\u0131ya ve bir yandan di\u011fer yana f\u0131r\u00e7ala. Ona yard\u0131m etmek i\u00e7in kitab\u0131n arkas\u0131ndaki di\u015f f\u0131r\u00e7as\u0131n\u0131 kullanabilirsin. Sa\u011fl\u0131kl\u0131 ve temiz di\u015flere sahip olmak harika bir duygu! <\/p>\n","protected":false},"excerpt":{"rendered":"<p>Kaplan Daniel ile di\u015flerini f\u0131r\u00e7ala! Kaplan Daniel ile birlikte di\u015flerini yukar\u0131dan a\u015fa\u011f\u0131ya ve bir yandan di\u011fer yana f\u0131r\u00e7ala. Ona yard\u0131m etmek i\u00e7in kitab\u0131n arkas\u0131ndaki di\u015f f\u0131r\u00e7as\u0131n\u0131<span class=\"excerpt-hellip\"> [\u2026]<\/span><\/p>\n","protected":false},"featured_media":0,"template":"","meta":{"_monsterinsights_skip_tracking":false,"_monsterinsights_sitenote_active":false,"_monsterinsights_sitenote_note":"","_monsterinsights_sitenote_category":0},"product_brand":[],"product_cat":[12274,12284],"product_tag":[],"class_list":{"0":"post-763201","1":"product","2":"type-product","3":"status-publish","5":"product_cat-cocuk-ve-genclik-kitaplari","6":"product_cat-hikayeler","7":"pa_cilt-ciltsiz","8":"pa_tur-kitap","9":"pa_yayinevi-eksik-parca-yayinlari","10":"pa_yazar-alexandra-cassel-schwartz","12":"first","13":"instock","14":"sale","15":"shipping-taxable","16":"purchasable","17":"product-type-simple"},"_links":{"self":[{"href":"https:\/\/roveyayinevi.com.tr\/index.php\/wp-json\/wp\/v2\/product\/763201","targetHints":{"allow":["GET"]}}],"collection":[{"href":"https:\/\/roveyayinevi.com.tr\/index.php\/wp-json\/wp\/v2\/product"}],"about":[{"href":"https:\/\/roveyayinevi.com.tr\/index.php\/wp-json\/wp\/v2\/types\/product"}],"wp:attachment":[{"href":"https:\/\/roveyayinevi.com.tr\/index.php\/wp-json\/wp\/v2\/media?parent=763201"}],"wp:term":[{"taxonomy":"product_brand","embeddable":true,"href":"https:\/\/roveyayinevi.com.tr\/index.php\/wp-json\/wp\/v2\/product_brand?post=763201"},{"taxonomy":"product_cat","embeddable":true,"href":"https:\/\/roveyayinevi.com.tr\/index.php\/wp-json\/wp\/v2\/product_cat?post=763201"},{"taxonomy":"product_tag","embeddable":true,"href":"https:\/\/roveyayinevi.com.tr\/index.php\/wp-json\/wp\/v2\/product_tag?post=763201"}],"curies":[{"name":"wp","href":"https:\/\/api.w.org\/{rel}","templated":true}]}}