{"id":763200,"date":"2025-08-28T10:33:29","date_gmt":"2025-08-28T07:33:29","guid":{"rendered":"https:\/\/roveyayinevi.com.tr\/index.php\/urun\/cesur-yurekler\/"},"modified":"2026-04-15T03:28:37","modified_gmt":"2026-04-15T00:28:37","slug":"cesur-yurekler","status":"publish","type":"product","link":"https:\/\/roveyayinevi.com.tr\/index.php\/urun\/cesur-yurekler\/","title":{"rendered":"Cesur Y\u00fcrekler"},"content":{"rendered":"<p>Kimi uzaya gitti, kimi felaket anlar\u0131nda ba\u015fkalar\u0131n\u0131n hayat\u0131n\u0131 kurtarmak i\u00e7in kendini riske att\u0131. Cesur bir y\u00fcre\u011fe sahip olmak ayr\u0131cal\u0131kt\u0131r. Onlar cesur bir y\u00fcrekle do\u011farlar. Hayatlar\u0131n\u0131 bir macera tad\u0131nda ya\u015far, bazen de bunun bedelini hayatlar\u0131yla \u00f6derler. Arkalar\u0131nda hep g\u00fczel an\u0131lar, unutulmayan iyilikler, anlaml\u0131 dostluklar b\u0131rak\u0131rlar. Cesur y\u00fcrekler unutulmazlar; \u00e7\u00fcnk\u00fc belleklerimize ve d\u00fcnyaya iz b\u0131rak\u0131rlar. Onlar\u0131n birka\u00e7\u0131n\u0131 tan\u0131mak ister misiniz? <\/p>\n","protected":false},"excerpt":{"rendered":"<p>Kimi uzaya gitti, kimi felaket anlar\u0131nda ba\u015fkalar\u0131n\u0131n hayat\u0131n\u0131 kurtarmak i\u00e7in kendini riske att\u0131. Cesur bir y\u00fcre\u011fe sahip olmak ayr\u0131cal\u0131kt\u0131r. Onlar cesur bir y\u00fcrekle do\u011farlar. Hayatlar\u0131n\u0131 bir<span class=\"excerpt-hellip\"> [\u2026]<\/span><\/p>\n","protected":false},"featured_media":0,"template":"","meta":{"_monsterinsights_skip_tracking":false,"_monsterinsights_sitenote_active":false,"_monsterinsights_sitenote_note":"","_monsterinsights_sitenote_category":0},"product_brand":[],"product_cat":[12274,12284],"product_tag":[],"class_list":{"0":"post-763200","1":"product","2":"type-product","3":"status-publish","5":"product_cat-cocuk-ve-genclik-kitaplari","6":"product_cat-hikayeler","7":"pa_cilt-ciltsiz","8":"pa_tur-kitap","9":"pa_yayinevi-eksik-parca-yayinlari","10":"pa_yazar-guldem-sahan","12":"first","13":"instock","14":"sale","15":"shipping-taxable","16":"purchasable","17":"product-type-simple"},"_links":{"self":[{"href":"https:\/\/roveyayinevi.com.tr\/index.php\/wp-json\/wp\/v2\/product\/763200","targetHints":{"allow":["GET"]}}],"collection":[{"href":"https:\/\/roveyayinevi.com.tr\/index.php\/wp-json\/wp\/v2\/product"}],"about":[{"href":"https:\/\/roveyayinevi.com.tr\/index.php\/wp-json\/wp\/v2\/types\/product"}],"wp:attachment":[{"href":"https:\/\/roveyayinevi.com.tr\/index.php\/wp-json\/wp\/v2\/media?parent=763200"}],"wp:term":[{"taxonomy":"product_brand","embeddable":true,"href":"https:\/\/roveyayinevi.com.tr\/index.php\/wp-json\/wp\/v2\/product_brand?post=763200"},{"taxonomy":"product_cat","embeddable":true,"href":"https:\/\/roveyayinevi.com.tr\/index.php\/wp-json\/wp\/v2\/product_cat?post=763200"},{"taxonomy":"product_tag","embeddable":true,"href":"https:\/\/roveyayinevi.com.tr\/index.php\/wp-json\/wp\/v2\/product_tag?post=763200"}],"curies":[{"name":"wp","href":"https:\/\/api.w.org\/{rel}","templated":true}]}}