{"id":763198,"date":"2025-08-28T10:33:26","date_gmt":"2025-08-28T07:33:26","guid":{"rendered":"https:\/\/roveyayinevi.com.tr\/index.php\/urun\/kentlesme-pratikleri-uzerine-denemeler\/"},"modified":"2026-04-15T03:28:37","modified_gmt":"2026-04-15T00:28:37","slug":"kentlesme-pratikleri-uzerine-denemeler","status":"publish","type":"product","link":"https:\/\/roveyayinevi.com.tr\/index.php\/urun\/kentlesme-pratikleri-uzerine-denemeler\/","title":{"rendered":"Kentle\u015fme Pratikleri \u00dczerine Denemeler"},"content":{"rendered":"<p>B\u00fcy\u00fck afetlerden sonra, \u00e7arp\u0131k yap\u0131la\u015fman\u0131n sorumlulu\u011fu genellikle s\u0131n\u0131rl\u0131 say\u0131daki m\u00fcteahhit \u00fczerine y\u0131k\u0131larak dosya kapat\u0131l\u0131yor. Oysa sorun b\u00fcy\u00fck \u00f6l\u00e7\u00fcde, belediye, arsa sahibi, planc\u0131, kontrol, m\u00fcteahhit gibi imar i\u015flemlerinden beslenen akt\u00f6rlerin, kararlar\u0131nda rant b\u00f6l\u00fc\u015f\u00fcm\u00fcne \u00f6ncelik vermesinden kaynaklan\u0131yor. Arsa spek\u00fclat\u00f6r\u00fc, gecekondu mafyas\u0131, hem\u015fericilik, particilik gibi sistem d\u0131\u015f\u0131 etkenlerin devreye girmesiyle de rant b\u00f6l\u00fc\u015f\u00fcm\u00fc, ahlak ve hukuku zorlay\u0131c\u0131 boyutlara ula\u015f\u0131yor.   Toplumun geni\u015f bir kesimi, kolon kesmek, ka\u00e7ak kat \u00e7\u0131kmak, ikinci bodrum kazmak, balkonlar\u0131 odalara katmak gibi s\u0131radanla\u015fan yollardan \u015fehri keyfince istismar ederken, bunlar\u0131 \u00f6nlemekle sorumlu olan belediye geli\u015fmeleri uzaktan seyrediyor. Denetim yetkisini gerekti\u011fi gibi kullanmayan \u015fehir y\u00f6neticilerinin, estetik, k\u00fclt\u00fcr ve sanat konular\u0131na ilgisiz olmalar\u0131 ise, \u00e7arp\u0131kl\u0131\u011fa ayr\u0131ca \u00e7irkin boyutlar kazand\u0131r\u0131yor.   \u015e\u00fckr\u00fc Karatepe, edebi metin tad\u0131ndaki denemelerden olu\u015fan bu kitab\u0131nda, T\u00fcrkiye \u015fehirlerinin ba\u015fta imar, kirlenme, modernle\u015fme olmak \u00fczere, m\u00fczminle\u015fmi\u015f kentle\u015fme sorunlar\u0131na dikkat \u00e7ekiyor.<\/p>\n","protected":false},"excerpt":{"rendered":"<p>B\u00fcy\u00fck afetlerden sonra, \u00e7arp\u0131k yap\u0131la\u015fman\u0131n sorumlulu\u011fu genellikle s\u0131n\u0131rl\u0131 say\u0131daki m\u00fcteahhit \u00fczerine y\u0131k\u0131larak dosya kapat\u0131l\u0131yor. Oysa sorun b\u00fcy\u00fck \u00f6l\u00e7\u00fcde, belediye, arsa sahibi, planc\u0131, kontrol, m\u00fcteahhit gibi imar<span class=\"excerpt-hellip\"> [\u2026]<\/span><\/p>\n","protected":false},"featured_media":0,"template":"","meta":{"_monsterinsights_skip_tracking":false,"_monsterinsights_sitenote_active":false,"_monsterinsights_sitenote_note":"","_monsterinsights_sitenote_category":0},"product_brand":[],"product_cat":[12767,12324],"product_tag":[],"class_list":{"0":"post-763198","1":"product","2":"type-product","3":"status-publish","5":"product_cat-kentlesme-modernlesme","6":"product_cat-sosyoloji","7":"pa_cilt-ciltsiz","8":"pa_tur-kitap","9":"pa_yayinevi-idealkent-yayincilik","10":"pa_yazar-sukru-karatepe","12":"first","13":"instock","14":"sale","15":"shipping-taxable","16":"purchasable","17":"product-type-simple"},"_links":{"self":[{"href":"https:\/\/roveyayinevi.com.tr\/index.php\/wp-json\/wp\/v2\/product\/763198","targetHints":{"allow":["GET"]}}],"collection":[{"href":"https:\/\/roveyayinevi.com.tr\/index.php\/wp-json\/wp\/v2\/product"}],"about":[{"href":"https:\/\/roveyayinevi.com.tr\/index.php\/wp-json\/wp\/v2\/types\/product"}],"wp:attachment":[{"href":"https:\/\/roveyayinevi.com.tr\/index.php\/wp-json\/wp\/v2\/media?parent=763198"}],"wp:term":[{"taxonomy":"product_brand","embeddable":true,"href":"https:\/\/roveyayinevi.com.tr\/index.php\/wp-json\/wp\/v2\/product_brand?post=763198"},{"taxonomy":"product_cat","embeddable":true,"href":"https:\/\/roveyayinevi.com.tr\/index.php\/wp-json\/wp\/v2\/product_cat?post=763198"},{"taxonomy":"product_tag","embeddable":true,"href":"https:\/\/roveyayinevi.com.tr\/index.php\/wp-json\/wp\/v2\/product_tag?post=763198"}],"curies":[{"name":"wp","href":"https:\/\/api.w.org\/{rel}","templated":true}]}}