{"id":763197,"date":"2025-08-28T10:33:24","date_gmt":"2025-08-28T07:33:24","guid":{"rendered":"https:\/\/roveyayinevi.com.tr\/index.php\/urun\/kadrocular\/"},"modified":"2026-04-15T03:28:37","modified_gmt":"2026-04-15T00:28:37","slug":"kadrocular","status":"publish","type":"product","link":"https:\/\/roveyayinevi.com.tr\/index.php\/urun\/kadrocular\/","title":{"rendered":"Kadrocular"},"content":{"rendered":"<p>Kadrocular, 1932-35 y\u0131llar\u0131 aras\u0131nda Ankara&#8217;da Kadro dergisi etraf\u0131nda toplanan ve yeni rejim taraf\u0131ndan in\u015fa edilen devlete, alternatif bir ideolojik kimlik olu\u015fturma \u00e7al\u0131\u015fmalar\u0131n\u0131 y\u00fcr\u00fcten bir grup ayd\u0131nd\u0131r. Geleneksel se\u00e7kinci-devlet\u00e7i \u00e7izginin temsilcisi olan Kadrocular, \u00fclkenin temel meselelerinin \u00e7\u00f6z\u00fcm\u00fcn\u00fc, genel kabul g\u00f6ren modellerin d\u0131\u015f\u0131nda, &#8220;bize has&#8221; devlet\u00e7i bir siyasi ve ekonomik yap\u0131da arad\u0131lar. Kadro hareketinin daha iyi anla\u015f\u0131lmas\u0131, yak\u0131n tarih geli\u015fmelerini tan\u0131man\u0131n yan\u0131nda, bug\u00fcne uzanan fikr\u00ee etkileri de\u011ferlendirebilmek a\u00e7\u0131s\u0131ndan da \u00f6nem ta\u015f\u0131yor. <\/p>\n","protected":false},"excerpt":{"rendered":"<p>Kadrocular, 1932-35 y\u0131llar\u0131 aras\u0131nda Ankara&#8217;da Kadro dergisi etraf\u0131nda toplanan ve yeni rejim taraf\u0131ndan in\u015fa edilen devlete, alternatif bir ideolojik kimlik olu\u015fturma \u00e7al\u0131\u015fmalar\u0131n\u0131 y\u00fcr\u00fcten bir grup ayd\u0131nd\u0131r.<span class=\"excerpt-hellip\"> [\u2026]<\/span><\/p>\n","protected":false},"featured_media":0,"template":"","meta":{"_monsterinsights_skip_tracking":false,"_monsterinsights_sitenote_active":false,"_monsterinsights_sitenote_note":"","_monsterinsights_sitenote_category":0},"product_brand":[],"product_cat":[12337],"product_tag":[],"class_list":{"0":"post-763197","1":"product","2":"type-product","3":"status-publish","5":"product_cat-politika-siyaset","6":"pa_cilt-ciltsiz","7":"pa_tur-kitap","8":"pa_yayinevi-siyasiyat-yayinlari","9":"pa_yazar-m-naci-bostanci","11":"first","12":"instock","13":"sale","14":"shipping-taxable","15":"purchasable","16":"product-type-simple"},"_links":{"self":[{"href":"https:\/\/roveyayinevi.com.tr\/index.php\/wp-json\/wp\/v2\/product\/763197","targetHints":{"allow":["GET"]}}],"collection":[{"href":"https:\/\/roveyayinevi.com.tr\/index.php\/wp-json\/wp\/v2\/product"}],"about":[{"href":"https:\/\/roveyayinevi.com.tr\/index.php\/wp-json\/wp\/v2\/types\/product"}],"wp:attachment":[{"href":"https:\/\/roveyayinevi.com.tr\/index.php\/wp-json\/wp\/v2\/media?parent=763197"}],"wp:term":[{"taxonomy":"product_brand","embeddable":true,"href":"https:\/\/roveyayinevi.com.tr\/index.php\/wp-json\/wp\/v2\/product_brand?post=763197"},{"taxonomy":"product_cat","embeddable":true,"href":"https:\/\/roveyayinevi.com.tr\/index.php\/wp-json\/wp\/v2\/product_cat?post=763197"},{"taxonomy":"product_tag","embeddable":true,"href":"https:\/\/roveyayinevi.com.tr\/index.php\/wp-json\/wp\/v2\/product_tag?post=763197"}],"curies":[{"name":"wp","href":"https:\/\/api.w.org\/{rel}","templated":true}]}}