{"id":763196,"date":"2025-08-28T10:33:23","date_gmt":"2025-08-28T07:33:23","guid":{"rendered":"https:\/\/roveyayinevi.com.tr\/index.php\/urun\/siyasi-ideolojiler-2\/"},"modified":"2026-04-15T03:28:37","modified_gmt":"2026-04-15T00:28:37","slug":"siyasi-ideolojiler-2","status":"publish","type":"product","link":"https:\/\/roveyayinevi.com.tr\/index.php\/urun\/siyasi-ideolojiler-2\/","title":{"rendered":"Siyasi \u0130deolojiler"},"content":{"rendered":"<p>Modernle\u015fme s\u00fcrecinde, insan, tarih ve toplum sorunlar\u0131n\u0131n a\u00e7\u0131klanmas\u0131nda, geleneksel ahlak ve inan\u00e7 de\u011ferleri yerini ak\u0131lc\u0131, pozitif de\u011ferlere b\u0131rakt\u0131. Siyasi ideolojiler, bu s\u00fcre\u00e7te terk edilen eski inan\u00e7 ve de\u011ferin yerini &#8220;nas\u0131l bir yeni dolduracak&#8221; sorusuna verilen farkl\u0131 cevaplard\u0131r. Karma\u015f\u0131k olan d\u00fcnyay\u0131 \u00e7eli\u015fkilerinden ar\u0131nd\u0131rarak, kolayc\u0131 bak\u0131\u015f a\u00e7\u0131lar\u0131 geli\u015ftiren ideolojiler, siyasetin en \u00e7ok tart\u0131\u015f\u0131lan konular\u0131ndan biridir. \u0130deoloji, modern \u00e7a\u011fda insanl\u0131\u011f\u0131 derinden etkileyen d\u00fc\u015f\u00fcnce ak\u0131m\u0131, devrim, sava\u015f ve iktidar ili\u015fkilerini do\u011fru anlaman\u0131n anahtar kavram\u0131d\u0131r. Prof. Dr. \u015e\u00fckr\u00fc Karatepe, elinizdeki kitapta siyasi ideolojileri, d\u00fc\u015f\u00fcnce temelleri, tarihsel geli\u015fimleri, k\u00fcreselle\u015fme s\u00fcrecindeki d\u00f6n\u00fc\u015f\u00fcmleri, \u00e7at\u0131\u015fan ve uzla\u015fan y\u00f6nleriyle incelemektedir. <\/p>\n","protected":false},"excerpt":{"rendered":"<p>Modernle\u015fme s\u00fcrecinde, insan, tarih ve toplum sorunlar\u0131n\u0131n a\u00e7\u0131klanmas\u0131nda, geleneksel ahlak ve inan\u00e7 de\u011ferleri yerini ak\u0131lc\u0131, pozitif de\u011ferlere b\u0131rakt\u0131. Siyasi ideolojiler, bu s\u00fcre\u00e7te terk edilen eski inan\u00e7<span class=\"excerpt-hellip\"> [\u2026]<\/span><\/p>\n","protected":false},"featured_media":0,"template":"","meta":{"_monsterinsights_skip_tracking":false,"_monsterinsights_sitenote_active":false,"_monsterinsights_sitenote_note":"","_monsterinsights_sitenote_category":0},"product_brand":[],"product_cat":[12337],"product_tag":[],"class_list":{"0":"post-763196","1":"product","2":"type-product","3":"status-publish","5":"product_cat-politika-siyaset","6":"pa_cilt-ciltsiz","7":"pa_tur-kitap","8":"pa_yayinevi-siyasiyat-yayinlari","9":"pa_yazar-sukru-karatepe","11":"first","12":"instock","13":"sale","14":"shipping-taxable","15":"purchasable","16":"product-type-simple"},"_links":{"self":[{"href":"https:\/\/roveyayinevi.com.tr\/index.php\/wp-json\/wp\/v2\/product\/763196","targetHints":{"allow":["GET"]}}],"collection":[{"href":"https:\/\/roveyayinevi.com.tr\/index.php\/wp-json\/wp\/v2\/product"}],"about":[{"href":"https:\/\/roveyayinevi.com.tr\/index.php\/wp-json\/wp\/v2\/types\/product"}],"wp:attachment":[{"href":"https:\/\/roveyayinevi.com.tr\/index.php\/wp-json\/wp\/v2\/media?parent=763196"}],"wp:term":[{"taxonomy":"product_brand","embeddable":true,"href":"https:\/\/roveyayinevi.com.tr\/index.php\/wp-json\/wp\/v2\/product_brand?post=763196"},{"taxonomy":"product_cat","embeddable":true,"href":"https:\/\/roveyayinevi.com.tr\/index.php\/wp-json\/wp\/v2\/product_cat?post=763196"},{"taxonomy":"product_tag","embeddable":true,"href":"https:\/\/roveyayinevi.com.tr\/index.php\/wp-json\/wp\/v2\/product_tag?post=763196"}],"curies":[{"name":"wp","href":"https:\/\/api.w.org\/{rel}","templated":true}]}}