{"id":763194,"date":"2025-08-28T10:33:20","date_gmt":"2025-08-28T07:33:20","guid":{"rendered":"https:\/\/roveyayinevi.com.tr\/index.php\/urun\/cakil-adinda-bir-susamuru\/"},"modified":"2026-04-12T03:20:38","modified_gmt":"2026-04-12T00:20:38","slug":"cakil-adinda-bir-susamuru","status":"publish","type":"product","link":"https:\/\/roveyayinevi.com.tr\/index.php\/urun\/cakil-adinda-bir-susamuru\/","title":{"rendered":"\u00c7ak\u0131l Ad\u0131nda Bir Susamuru"},"content":{"rendered":"<p>Yak\u0131n arkada\u015flar Jasmine ve Tom, nehir k\u0131y\u0131s\u0131nda tek ba\u015f\u0131na gezen bir su samuru bulduklar\u0131nda \u015fa\u015f\u0131r\u0131p kal\u0131r. Ne var ki k\u00fc\u00e7\u00fck yavru ak\u0131nt\u0131yla s\u00fcr\u00fcklendi\u011finde onu kurtarmak i\u00e7in ellerinden gelen her \u015feyi yapmaya karar verirler. K\u00fc\u00e7\u00fck su samurunun ailesini bulmak i\u00e7in Jasmine ve Tom\u2019un zamana kar\u015f\u0131 yapt\u0131klar\u0131 yar\u0131\u015fa kat\u0131lmaya haz\u0131r m\u0131s\u0131n\u0131z?<\/p>\n","protected":false},"excerpt":{"rendered":"<p>Yak\u0131n arkada\u015flar Jasmine ve Tom, nehir k\u0131y\u0131s\u0131nda tek ba\u015f\u0131na gezen bir su samuru bulduklar\u0131nda \u015fa\u015f\u0131r\u0131p kal\u0131r. Ne var ki k\u00fc\u00e7\u00fck yavru ak\u0131nt\u0131yla s\u00fcr\u00fcklendi\u011finde onu kurtarmak i\u00e7in<span class=\"excerpt-hellip\"> [\u2026]<\/span><\/p>\n","protected":false},"featured_media":0,"template":"","meta":{"_monsterinsights_skip_tracking":false,"_monsterinsights_sitenote_active":false,"_monsterinsights_sitenote_note":"","_monsterinsights_sitenote_category":0},"product_brand":[],"product_cat":[12274,12284],"product_tag":[],"class_list":{"0":"post-763194","1":"product","2":"type-product","3":"status-publish","5":"product_cat-cocuk-ve-genclik-kitaplari","6":"product_cat-hikayeler","7":"pa_cilt-ciltsiz","8":"pa_tur-kitap","9":"pa_yayinevi-buyulu-fener-yayinlari","10":"pa_yazar-helen-peters","12":"first","13":"instock","14":"sale","15":"shipping-taxable","16":"purchasable","17":"product-type-simple"},"_links":{"self":[{"href":"https:\/\/roveyayinevi.com.tr\/index.php\/wp-json\/wp\/v2\/product\/763194","targetHints":{"allow":["GET"]}}],"collection":[{"href":"https:\/\/roveyayinevi.com.tr\/index.php\/wp-json\/wp\/v2\/product"}],"about":[{"href":"https:\/\/roveyayinevi.com.tr\/index.php\/wp-json\/wp\/v2\/types\/product"}],"wp:attachment":[{"href":"https:\/\/roveyayinevi.com.tr\/index.php\/wp-json\/wp\/v2\/media?parent=763194"}],"wp:term":[{"taxonomy":"product_brand","embeddable":true,"href":"https:\/\/roveyayinevi.com.tr\/index.php\/wp-json\/wp\/v2\/product_brand?post=763194"},{"taxonomy":"product_cat","embeddable":true,"href":"https:\/\/roveyayinevi.com.tr\/index.php\/wp-json\/wp\/v2\/product_cat?post=763194"},{"taxonomy":"product_tag","embeddable":true,"href":"https:\/\/roveyayinevi.com.tr\/index.php\/wp-json\/wp\/v2\/product_tag?post=763194"}],"curies":[{"name":"wp","href":"https:\/\/api.w.org\/{rel}","templated":true}]}}