{"id":763191,"date":"2025-08-28T10:33:14","date_gmt":"2025-08-28T07:33:14","guid":{"rendered":"https:\/\/roveyayinevi.com.tr\/index.php\/urun\/karistir-ve-degistir-hayvanlar-2-ciltli\/"},"modified":"2026-04-15T03:28:36","modified_gmt":"2026-04-15T00:28:36","slug":"karistir-ve-degistir-hayvanlar-2-ciltli","status":"publish","type":"product","link":"https:\/\/roveyayinevi.com.tr\/index.php\/urun\/karistir-ve-degistir-hayvanlar-2-ciltli\/","title":{"rendered":"Kar\u0131\u015ft\u0131r ve De\u011fi\u015ftir Hayvanlar 2 (Ciltli)"},"content":{"rendered":"<p>Bu kitab\u0131 kar\u0131\u015ft\u0131rmas\u0131 da de\u011fi\u015ftirmesi de \u00e7ok e\u011flenceli! \u0130nteraktif oyun kitab\u0131 \u201cKar\u0131\u015ft\u0131r De\u011fi\u015ftir Hayvanlar 2\u201d ile \u00e7ocu\u011funuz par\u00e7a b\u00fct\u00fcn ili\u015fkisi kurmay\u0131 \u00f6\u011frenecek. Renkleri ay\u0131rt edecek. Hayvan dostlar\u0131n\u0131 tek tek tan\u0131yacak. Filin burnu neden uzun? Aslanlar kazak giyer mi? \u0130nekler ne renk olur? Tav\u015fanlar nas\u0131l h\u0131zl\u0131 ko\u015far?Anne babalar bir sayfay\u0131 g\u00f6sterirken, \u00e7ocuk da do\u011fru sayfay\u0131 e\u015flemeye \u00e7al\u0131\u015facak, hepsi bu! Filden kuzuya, aslandan ine\u011fe, kaplumba\u011fadan kediye e\u011flenceli, yarat\u0131c\u0131 ve \u00f6\u011fretici bir i\u00e7erik sizleri bekliyor.  <\/p>\n","protected":false},"excerpt":{"rendered":"<p>Bu kitab\u0131 kar\u0131\u015ft\u0131rmas\u0131 da de\u011fi\u015ftirmesi de \u00e7ok e\u011flenceli! \u0130nteraktif oyun kitab\u0131 \u201cKar\u0131\u015ft\u0131r De\u011fi\u015ftir Hayvanlar 2\u201d ile \u00e7ocu\u011funuz par\u00e7a b\u00fct\u00fcn ili\u015fkisi kurmay\u0131 \u00f6\u011frenecek. Renkleri ay\u0131rt edecek. Hayvan<span class=\"excerpt-hellip\"> [\u2026]<\/span><\/p>\n","protected":false},"featured_media":0,"template":"","meta":{"_monsterinsights_skip_tracking":false,"_monsterinsights_sitenote_active":false,"_monsterinsights_sitenote_note":"","_monsterinsights_sitenote_category":0},"product_brand":[],"product_cat":[12274,15842],"product_tag":[],"class_list":{"0":"post-763191","1":"product","2":"type-product","3":"status-publish","5":"product_cat-cocuk-ve-genclik-kitaplari","6":"product_cat-egitici-kitaplar","7":"pa_cilt-ciltli","8":"pa_tur-kitap","9":"pa_yayinevi-masalperest","10":"pa_yazar-kolektif","12":"first","13":"instock","14":"sale","15":"shipping-taxable","16":"purchasable","17":"product-type-simple"},"_links":{"self":[{"href":"https:\/\/roveyayinevi.com.tr\/index.php\/wp-json\/wp\/v2\/product\/763191","targetHints":{"allow":["GET"]}}],"collection":[{"href":"https:\/\/roveyayinevi.com.tr\/index.php\/wp-json\/wp\/v2\/product"}],"about":[{"href":"https:\/\/roveyayinevi.com.tr\/index.php\/wp-json\/wp\/v2\/types\/product"}],"wp:attachment":[{"href":"https:\/\/roveyayinevi.com.tr\/index.php\/wp-json\/wp\/v2\/media?parent=763191"}],"wp:term":[{"taxonomy":"product_brand","embeddable":true,"href":"https:\/\/roveyayinevi.com.tr\/index.php\/wp-json\/wp\/v2\/product_brand?post=763191"},{"taxonomy":"product_cat","embeddable":true,"href":"https:\/\/roveyayinevi.com.tr\/index.php\/wp-json\/wp\/v2\/product_cat?post=763191"},{"taxonomy":"product_tag","embeddable":true,"href":"https:\/\/roveyayinevi.com.tr\/index.php\/wp-json\/wp\/v2\/product_tag?post=763191"}],"curies":[{"name":"wp","href":"https:\/\/api.w.org\/{rel}","templated":true}]}}