{"id":763189,"date":"2025-08-28T10:33:10","date_gmt":"2025-08-28T07:33:10","guid":{"rendered":"https:\/\/roveyayinevi.com.tr\/index.php\/urun\/karistir-ve-degistir-kim-ne-sever-ciltli\/"},"modified":"2026-04-15T03:28:36","modified_gmt":"2026-04-15T00:28:36","slug":"karistir-ve-degistir-kim-ne-sever-ciltli","status":"publish","type":"product","link":"https:\/\/roveyayinevi.com.tr\/index.php\/urun\/karistir-ve-degistir-kim-ne-sever-ciltli\/","title":{"rendered":"Kar\u0131\u015ft\u0131r ve De\u011fi\u015ftir Kim Ne Sever (Ciltli)"},"content":{"rendered":"<p>Bu kitab\u0131 kar\u0131\u015ft\u0131rmas\u0131 da de\u011fi\u015ftirmesi de \u00e7ok e\u011flenceli!   \u0130nteraktif oyun kitab\u0131 \u201cKar\u0131\u015ft\u0131r De\u011fi\u015ftir Kim Ne Sever?\u201d ile \u00e7ocu\u011funuz par\u00e7a b\u00fct\u00fcn ili\u015fkisi kurma yetisi kazanacak. Kavramlar\u0131 tan\u0131rken neyi ne ile e\u015fle\u015ftirece\u011fini \u00f6\u011frenecek. \u015eekilleri ay\u0131rt edecek. \u0130ki nesne aras\u0131nda ili\u015fki kurmaya \u00e7al\u0131\u015facak. Ay\u0131lar\u0131n en sevdi\u011fi yiyecek neydi? Muzu en \u00e7ok kim yerdi? Acaba mama kab\u0131ndaki s\u00fct\u00fc kim i\u00e7ti? Havu\u00e7lar\u0131 k\u00f6pekler mi yemi\u015fti? Anne babalar bir sayfay\u0131 g\u00f6sterirken, \u00e7ocuk da do\u011fru sayfay\u0131 e\u015flemeye \u00e7al\u0131\u015facak, hepsi bu! E\u015fekten sincaba, penguenden tavu\u011fa, kuzudan maymuna e\u011flenceli, yarat\u0131c\u0131 ve \u00f6\u011fretici bir i\u00e7erik sizleri bekliyor.<\/p>\n","protected":false},"excerpt":{"rendered":"<p>Bu kitab\u0131 kar\u0131\u015ft\u0131rmas\u0131 da de\u011fi\u015ftirmesi de \u00e7ok e\u011flenceli! \u0130nteraktif oyun kitab\u0131 \u201cKar\u0131\u015ft\u0131r De\u011fi\u015ftir Kim Ne Sever?\u201d ile \u00e7ocu\u011funuz par\u00e7a b\u00fct\u00fcn ili\u015fkisi kurma yetisi kazanacak. Kavramlar\u0131 tan\u0131rken<span class=\"excerpt-hellip\"> [\u2026]<\/span><\/p>\n","protected":false},"featured_media":0,"template":"","meta":{"_monsterinsights_skip_tracking":false,"_monsterinsights_sitenote_active":false,"_monsterinsights_sitenote_note":"","_monsterinsights_sitenote_category":0},"product_brand":[],"product_cat":[12274,15842],"product_tag":[],"class_list":{"0":"post-763189","1":"product","2":"type-product","3":"status-publish","5":"product_cat-cocuk-ve-genclik-kitaplari","6":"product_cat-egitici-kitaplar","7":"pa_cilt-ciltli","8":"pa_tur-kitap","9":"pa_yayinevi-masalperest","10":"pa_yazar-kolektif","12":"first","13":"instock","14":"sale","15":"shipping-taxable","16":"purchasable","17":"product-type-simple"},"_links":{"self":[{"href":"https:\/\/roveyayinevi.com.tr\/index.php\/wp-json\/wp\/v2\/product\/763189","targetHints":{"allow":["GET"]}}],"collection":[{"href":"https:\/\/roveyayinevi.com.tr\/index.php\/wp-json\/wp\/v2\/product"}],"about":[{"href":"https:\/\/roveyayinevi.com.tr\/index.php\/wp-json\/wp\/v2\/types\/product"}],"wp:attachment":[{"href":"https:\/\/roveyayinevi.com.tr\/index.php\/wp-json\/wp\/v2\/media?parent=763189"}],"wp:term":[{"taxonomy":"product_brand","embeddable":true,"href":"https:\/\/roveyayinevi.com.tr\/index.php\/wp-json\/wp\/v2\/product_brand?post=763189"},{"taxonomy":"product_cat","embeddable":true,"href":"https:\/\/roveyayinevi.com.tr\/index.php\/wp-json\/wp\/v2\/product_cat?post=763189"},{"taxonomy":"product_tag","embeddable":true,"href":"https:\/\/roveyayinevi.com.tr\/index.php\/wp-json\/wp\/v2\/product_tag?post=763189"}],"curies":[{"name":"wp","href":"https:\/\/api.w.org\/{rel}","templated":true}]}}