{"id":763188,"date":"2025-08-28T10:33:08","date_gmt":"2025-08-28T07:33:08","guid":{"rendered":"https:\/\/roveyayinevi.com.tr\/index.php\/urun\/aile-oyunu\/"},"modified":"2026-04-15T03:28:36","modified_gmt":"2026-04-15T00:28:36","slug":"aile-oyunu","status":"publish","type":"product","link":"https:\/\/roveyayinevi.com.tr\/index.php\/urun\/aile-oyunu\/","title":{"rendered":"Aile Oyunu"},"content":{"rendered":"<p>Zengin, eksantrik bir aile.Zamana kar\u015f\u0131 koyan gelenekler.Ya\u015famla \u00f6l\u00fcm aras\u0131nda bir oyun. Harriet, ilk kitab\u0131yla \u00fcnlenmi\u015f, \u00e7i\u00e7e\u011fi burnunda bir yazar.Edward, m\u00fcstakbel kocas\u0131, d\u00f6rt d\u00f6rtl\u00fck bir adam.Ancak Edward\u2019\u0131n n\u00fcfuzlu ailesi Holbecklerin hayatlar\u0131na tekrargirmesiyle a\u015fklar\u0131 da ni\u015fanlar\u0131 da \u00e7at\u0131rdamaya ba\u015fl\u0131yor. Y\u0131llard\u0131r medyay\u0131 avu\u00e7lar\u0131n\u0131n i\u00e7ine al\u0131yor, insanlar\u0131 parmaklar\u0131ndaoynat\u0131yorlar. Edward, kendi yolunu \u00e7izmek \u00fczere yanlar\u0131ndanayr\u0131l\u0131yor&#8230; Ama yerin kula\u011f\u0131 var&#8230; Her an her \u015fey tersine d\u00f6nebilir&#8230; Sonu\u00e7ta aileyle ba\u011flar\u0131n\u0131 koparmas\u0131na ra\u011fmen mirasa konacakolan yine Edward. Harriet, kendisine kucak a\u00e7an Holbeck ailesininkaranl\u0131k \u015fa\u015faas\u0131na ve zarafetine kap\u0131l\u0131rken, ailenin babas\u0131 Robert\u2019latan\u0131\u015ft\u0131\u011f\u0131nda her \u015fey de\u011fi\u015fiyor. Robert, tan\u0131\u015ft\u0131klar\u0131 g\u00fcn Harriet\u2019e birkaset veriyor ve geri d\u00f6n\u00fc\u015f\u00fc olmayan oyunu ba\u015flat\u0131yor. Sahi Robert, her \u015feyi yok etme potansiyeline sahip o kaseti nedenHarriet\u2019a verdi? \u015eimdi Harriet, kaybetmenin \u00f6l\u00fcmc\u00fcl sonu\u00e7lardo\u011furabilece\u011fi bu oyunu oynarken bir yandan da Holbeckailesinin ac\u0131mas\u0131z geleneklerine katlanmak zorunda.<\/p>\n","protected":false},"excerpt":{"rendered":"<p>Zengin, eksantrik bir aile.Zamana kar\u015f\u0131 koyan gelenekler.Ya\u015famla \u00f6l\u00fcm aras\u0131nda bir oyun. Harriet, ilk kitab\u0131yla \u00fcnlenmi\u015f, \u00e7i\u00e7e\u011fi burnunda bir yazar.Edward, m\u00fcstakbel kocas\u0131, d\u00f6rt d\u00f6rtl\u00fck bir adam.Ancak Edward\u2019\u0131n<span class=\"excerpt-hellip\"> [\u2026]<\/span><\/p>\n","protected":false},"featured_media":0,"template":"","meta":{"_monsterinsights_skip_tracking":false,"_monsterinsights_sitenote_active":false,"_monsterinsights_sitenote_note":"","_monsterinsights_sitenote_category":0},"product_brand":[],"product_cat":[12291,17033],"product_tag":[],"class_list":{"0":"post-763188","1":"product","2":"type-product","3":"status-publish","5":"product_cat-edebiyat","6":"product_cat-korku-gerilim","7":"pa_cilt-ciltsiz","8":"pa_tur-kitap","9":"pa_yayinevi-nemesis-kitap","10":"pa_yazar-catherine-steadman","12":"first","13":"instock","14":"sale","15":"shipping-taxable","16":"purchasable","17":"product-type-simple"},"_links":{"self":[{"href":"https:\/\/roveyayinevi.com.tr\/index.php\/wp-json\/wp\/v2\/product\/763188","targetHints":{"allow":["GET"]}}],"collection":[{"href":"https:\/\/roveyayinevi.com.tr\/index.php\/wp-json\/wp\/v2\/product"}],"about":[{"href":"https:\/\/roveyayinevi.com.tr\/index.php\/wp-json\/wp\/v2\/types\/product"}],"wp:attachment":[{"href":"https:\/\/roveyayinevi.com.tr\/index.php\/wp-json\/wp\/v2\/media?parent=763188"}],"wp:term":[{"taxonomy":"product_brand","embeddable":true,"href":"https:\/\/roveyayinevi.com.tr\/index.php\/wp-json\/wp\/v2\/product_brand?post=763188"},{"taxonomy":"product_cat","embeddable":true,"href":"https:\/\/roveyayinevi.com.tr\/index.php\/wp-json\/wp\/v2\/product_cat?post=763188"},{"taxonomy":"product_tag","embeddable":true,"href":"https:\/\/roveyayinevi.com.tr\/index.php\/wp-json\/wp\/v2\/product_tag?post=763188"}],"curies":[{"name":"wp","href":"https:\/\/api.w.org\/{rel}","templated":true}]}}