{"id":763186,"date":"2025-08-28T10:33:04","date_gmt":"2025-08-28T07:33:04","guid":{"rendered":"https:\/\/roveyayinevi.com.tr\/index.php\/urun\/iyot-giren-eve-doktor-girmez\/"},"modified":"2026-04-15T03:28:36","modified_gmt":"2026-04-15T00:28:36","slug":"iyot-giren-eve-doktor-girmez","status":"publish","type":"product","link":"https:\/\/roveyayinevi.com.tr\/index.php\/urun\/iyot-giren-eve-doktor-girmez\/","title":{"rendered":"\u0130yot Giren Eve Doktor Girmez"},"content":{"rendered":"<p>\u201cBirisi size \u2018iyodofobi, insanlara, d\u00fcnyada \u015fu ana kadar \u00e7\u0131km\u0131\u015f sava\u015flardan daha fazla zarar veriyor\u2019 derse ne d\u00fc\u015f\u00fcn\u00fcrs\u00fcn\u00fcz? \u00c7o\u011funuzun buna g\u00fcl\u00fcp ge\u00e7me ihtimali y\u00fcksek. Ama bu kitab\u0131 okudu\u011funuzda bu c\u00fcmlenin do\u011frulu\u011funu savunan biri olma ihtimaliniz \u00e7ok daha y\u00fcksek olacakt\u0131r.\u201d \u0130yotun hayat\u0131m\u0131zdan \u00e7\u0131kar\u0131lmas\u0131n\u0131n sa\u011fl\u0131\u011f\u0131m\u0131z \u00fczerindeki y\u0131k\u0131c\u0131 etkilerini, \u00f6n\u00fcne \u00e7\u0131kart\u0131lan engellere ra\u011fmen dile getiren bir t\u0131p doktoru bu c\u00fcmleyi kuruyor. Ayn\u0131 zamanda iyot olmadan ya\u015fam\u0131n olamayaca\u011f\u0131n\u0131 ve sa\u011fl\u0131kl\u0131 kalamayaca\u011f\u0131m\u0131z\u0131 da anlat\u0131yor. T\u00fcrkiye, onun anlat\u0131mlar\u0131 ile iyotun \u015fifa etkilerinin yeniden fark\u0131na vard\u0131. Bu kitab\u0131 okudu\u011funuzda, kullan\u0131m\u0131 ile ilgili korkular olu\u015fturulan iyotun asl\u0131nda insanlar i\u00e7inde\u011fil, patent t\u0131bb\u0131 i\u00e7in korku veren bir mineral oldu\u011funu anlayacaks\u0131n\u0131z. \u0130yodofobinin, masum ve insani ama\u00e7larla olu\u015fturulmad\u0131\u011f\u0131n\u0131 daha net alg\u0131layacaks\u0131n\u0131z. \u0130yot, ila\u00e7 de\u011fildir. Her h\u00fccremize temas eder ve her h\u00fccremiz i\u00e7in iyile\u015ftirme g\u00fcc\u00fcne sahiptir. Ona kar\u015f\u0131 koyabilen, diren\u00e7 geli\u015ftirmeyi ba\u015farm\u0131\u015f bir bakteri, vir\u00fcs, mantar yoktur. Evrensel bir antioksidand\u0131r. \u0130yot kolay ula\u015f\u0131labilen, basit, ucuz, patentlenemeyen, kimsenin tapulu mal\u0131 haline getirilemeyecek anonim bir \u015fifa mineralidir. Bu kitab\u0131 okudu\u011funuzda hastal\u0131klara kar\u015f\u0131 daha g\u00fc\u00e7l\u00fc, mikroplara kar\u015f\u0131 daha diren\u00e7li, toksinlere kar\u015f\u0131 daha korunakl\u0131 olmak i\u00e7in iyota her zamankinden daha fazla ihtiyac\u0131n\u0131z oldu\u011funu g\u00f6receksiniz. Size anlat\u0131landan \u00e7ok farkl\u0131, sa\u011fl\u0131\u011f\u0131n\u0131z\u0131 tehdit eden de\u011fil destekleyen bir iyot ile tan\u0131\u015facaks\u0131n\u0131z. \u00d6nyarg\u0131lar\u0131n\u0131z\u0131, korkular\u0131n\u0131z\u0131 bir kenara b\u0131rak\u0131p iyotu yeniden ke\u015ffetmeye haz\u0131r m\u0131s\u0131n\u0131z?<\/p>\n","protected":false},"excerpt":{"rendered":"<p>\u201cBirisi size \u2018iyodofobi, insanlara, d\u00fcnyada \u015fu ana kadar \u00e7\u0131km\u0131\u015f sava\u015flardan daha fazla zarar veriyor\u2019 derse ne d\u00fc\u015f\u00fcn\u00fcrs\u00fcn\u00fcz? \u00c7o\u011funuzun buna g\u00fcl\u00fcp ge\u00e7me ihtimali y\u00fcksek. Ama bu kitab\u0131<span class=\"excerpt-hellip\"> [\u2026]<\/span><\/p>\n","protected":false},"featured_media":0,"template":"","meta":{"_monsterinsights_skip_tracking":false,"_monsterinsights_sitenote_active":false,"_monsterinsights_sitenote_note":"","_monsterinsights_sitenote_category":0},"product_brand":[],"product_cat":[20313,13365],"product_tag":[],"class_list":{"0":"post-763186","1":"product","2":"type-product","3":"status-publish","5":"product_cat-basvuru-kitaplari-saglik","6":"product_cat-saglik","7":"pa_cilt-ciltsiz","8":"pa_tur-kitap","9":"pa_yayinevi-hayykitap","10":"pa_yazar-hasan-husnu-eren","12":"first","13":"instock","14":"sale","15":"shipping-taxable","16":"purchasable","17":"product-type-simple"},"_links":{"self":[{"href":"https:\/\/roveyayinevi.com.tr\/index.php\/wp-json\/wp\/v2\/product\/763186","targetHints":{"allow":["GET"]}}],"collection":[{"href":"https:\/\/roveyayinevi.com.tr\/index.php\/wp-json\/wp\/v2\/product"}],"about":[{"href":"https:\/\/roveyayinevi.com.tr\/index.php\/wp-json\/wp\/v2\/types\/product"}],"wp:attachment":[{"href":"https:\/\/roveyayinevi.com.tr\/index.php\/wp-json\/wp\/v2\/media?parent=763186"}],"wp:term":[{"taxonomy":"product_brand","embeddable":true,"href":"https:\/\/roveyayinevi.com.tr\/index.php\/wp-json\/wp\/v2\/product_brand?post=763186"},{"taxonomy":"product_cat","embeddable":true,"href":"https:\/\/roveyayinevi.com.tr\/index.php\/wp-json\/wp\/v2\/product_cat?post=763186"},{"taxonomy":"product_tag","embeddable":true,"href":"https:\/\/roveyayinevi.com.tr\/index.php\/wp-json\/wp\/v2\/product_tag?post=763186"}],"curies":[{"name":"wp","href":"https:\/\/api.w.org\/{rel}","templated":true}]}}