{"id":763184,"date":"2025-08-28T10:33:00","date_gmt":"2025-08-28T07:33:00","guid":{"rendered":"https:\/\/roveyayinevi.com.tr\/index.php\/urun\/boyle-buyurdu-zerdust-8\/"},"modified":"2026-04-15T03:28:36","modified_gmt":"2026-04-15T00:28:36","slug":"boyle-buyurdu-zerdust-8","status":"publish","type":"product","link":"https:\/\/roveyayinevi.com.tr\/index.php\/urun\/boyle-buyurdu-zerdust-8\/","title":{"rendered":"B\u00f6yle Buyurdu Zerd\u00fc\u015ft"},"content":{"rendered":"<p>\u0130nsan\u0131n olu\u015ftan olu\u015fa ge\u00e7i\u015finin en g\u00f6rkemli anlat\u0131mlar\u0131ndan biri. Zerd\u00fc\u015ft\u2019\u00fc duyuyor h\u00e2l\u00e2 insan\u2026 Nietzsche\u2019nin \u00e7\u0131lg\u0131n ve \u015fiir dolu sesinde\u2026 Dans etti\u011finde \u00f6zg\u00fcrce ve yukar\u0131y\u0131 arzulad\u0131\u011f\u0131nda korkmadan\u2026 \u0130yiyi ve k\u00f6t\u00fcy\u00fc yaratt\u0131\u011f\u0131nda yaln\u0131z kendi elleriyle\u2026 Yolunu \u00e7izdi\u011finde yeniden ve bir da\u011f\u0131 d\u00fc\u015fledi\u011finde\u2026 Reddetmenin ihti\u015fam\u0131yla parlad\u0131\u011f\u0131nda g\u00f6zleri\u2026   Y\u0131ld\u0131z\u0131n\u0131, karanl\u0131ktan sa\u011f\u0131yor adeta B\u00f6yle Buyurdu Zerd\u00fc\u015ft\u2019\u00fc her okudu\u011funda insan\u2026 <\/p>\n","protected":false},"excerpt":{"rendered":"<p>\u0130nsan\u0131n olu\u015ftan olu\u015fa ge\u00e7i\u015finin en g\u00f6rkemli anlat\u0131mlar\u0131ndan biri. Zerd\u00fc\u015ft\u2019\u00fc duyuyor h\u00e2l\u00e2 insan\u2026 Nietzsche\u2019nin \u00e7\u0131lg\u0131n ve \u015fiir dolu sesinde\u2026 Dans etti\u011finde \u00f6zg\u00fcrce ve yukar\u0131y\u0131 arzulad\u0131\u011f\u0131nda korkmadan\u2026 \u0130yiyi<span class=\"excerpt-hellip\"> [\u2026]<\/span><\/p>\n","protected":false},"featured_media":0,"template":"","meta":{"_monsterinsights_skip_tracking":false,"_monsterinsights_sitenote_active":false,"_monsterinsights_sitenote_note":"","_monsterinsights_sitenote_category":0},"product_brand":[],"product_cat":[12304],"product_tag":[],"class_list":{"0":"post-763184","1":"product","2":"type-product","3":"status-publish","5":"product_cat-tarih","6":"pa_cilt-ciltsiz","7":"pa_tur-kitap","8":"pa_yayinevi-kapi-yayinlari","9":"pa_yazar-friedrich-nietzsche","11":"first","12":"instock","13":"sale","14":"shipping-taxable","15":"purchasable","16":"product-type-simple"},"_links":{"self":[{"href":"https:\/\/roveyayinevi.com.tr\/index.php\/wp-json\/wp\/v2\/product\/763184","targetHints":{"allow":["GET"]}}],"collection":[{"href":"https:\/\/roveyayinevi.com.tr\/index.php\/wp-json\/wp\/v2\/product"}],"about":[{"href":"https:\/\/roveyayinevi.com.tr\/index.php\/wp-json\/wp\/v2\/types\/product"}],"wp:attachment":[{"href":"https:\/\/roveyayinevi.com.tr\/index.php\/wp-json\/wp\/v2\/media?parent=763184"}],"wp:term":[{"taxonomy":"product_brand","embeddable":true,"href":"https:\/\/roveyayinevi.com.tr\/index.php\/wp-json\/wp\/v2\/product_brand?post=763184"},{"taxonomy":"product_cat","embeddable":true,"href":"https:\/\/roveyayinevi.com.tr\/index.php\/wp-json\/wp\/v2\/product_cat?post=763184"},{"taxonomy":"product_tag","embeddable":true,"href":"https:\/\/roveyayinevi.com.tr\/index.php\/wp-json\/wp\/v2\/product_tag?post=763184"}],"curies":[{"name":"wp","href":"https:\/\/api.w.org\/{rel}","templated":true}]}}