{"id":763183,"date":"2025-08-28T10:32:57","date_gmt":"2025-08-28T07:32:57","guid":{"rendered":"https:\/\/roveyayinevi.com.tr\/index.php\/urun\/gokbey-goklerde-her-gezegen-ozeldir\/"},"modified":"2025-11-21T10:44:54","modified_gmt":"2025-11-21T07:44:54","slug":"gokbey-goklerde-her-gezegen-ozeldir","status":"publish","type":"product","link":"https:\/\/roveyayinevi.com.tr\/index.php\/urun\/gokbey-goklerde-her-gezegen-ozeldir\/","title":{"rendered":"G\u00f6kbey G\u00f6klerde : Her Gezegen \u00d6zeldir"},"content":{"rendered":"<p>De\u011ferli anne babalar; \u00c7ocuk yeti\u015ftirmek bir ekip i\u015fidir. Anne, baba ve \u00f6\u011fret-menler bu ekibin \u00fcyeleridir. Ekip\u00e7e \u2018sevgi k\u00fclt\u00fcr\u00fc&#8217; ile yeti\u015ftirilen; sevgiye, ilgiye, temasa doymu\u015f her \u00e7ocuk, i\u00e7indeki hazineyi ortaya \u00e7\u0131karacakt\u0131r. Hayal kurup hayallerini ger\u00e7ekle\u015ftirme \u00e7abas\u0131nda olan \u00e7ocuklar yeti\u015fecektir. Bu kitab\u0131n yaz\u0131l\u0131\u015f ama\u00e7lar\u0131ndan biri de Anne-Baba-\u00c7ocuk birlikteli\u011fi sa\u011flaman\u0131z i\u00e7in destek olmak. G\u00f6kbey de sizinle birlikte bu zamana e\u015flik etmek istiyor&#8230; G\u00fcn\u00fcn herhangi bir vaktinde \u00e7ok k\u0131sa da olsa ge\u00e7irilen kaliteli zaman, bizi birbirimize daha \u00e7ok ba\u011flayacak, \u00e7ocuklar\u0131m\u0131z\u0131n bize olan aidiyet duygusunu g\u00fc\u00e7lendirecektir. Buna bir ara\u00e7 da kitap okuma saatleridir. \u00dcstelik b\u0131rak\u0131labilecek en k\u0131ymetli miras, kaliteli e\u011fitim, sa\u011flam karakterdir. Bu da kitaplarla m\u00fcmk\u00fcn. Kitapla hemhal olmu\u015f bireyler yeti\u015ftirebilmek dile\u011fiyle&#8230;.. SEVG\u0130YLE KALIN&#8230; <\/p>\n","protected":false},"excerpt":{"rendered":"<p>De\u011ferli anne babalar; \u00c7ocuk yeti\u015ftirmek bir ekip i\u015fidir. Anne, baba ve \u00f6\u011fret-menler bu ekibin \u00fcyeleridir. Ekip\u00e7e \u2018sevgi k\u00fclt\u00fcr\u00fc&#8217; ile yeti\u015ftirilen; sevgiye, ilgiye, temasa doymu\u015f her \u00e7ocuk,<span class=\"excerpt-hellip\"> [\u2026]<\/span><\/p>\n","protected":false},"featured_media":0,"template":"","meta":{"_monsterinsights_skip_tracking":false,"_monsterinsights_sitenote_active":false,"_monsterinsights_sitenote_note":"","_monsterinsights_sitenote_category":0},"product_brand":[],"product_cat":[12274,12284],"product_tag":[],"class_list":{"0":"post-763183","1":"product","2":"type-product","3":"status-publish","5":"product_cat-cocuk-ve-genclik-kitaplari","6":"product_cat-hikayeler","7":"pa_cilt-ciltsiz","8":"pa_tur-kitap","9":"pa_yayinevi-vova-yayinlari","10":"pa_yazar-rumeysa-kaya-odabas","12":"first","13":"instock","14":"sale","15":"shipping-taxable","16":"purchasable","17":"product-type-simple"},"_links":{"self":[{"href":"https:\/\/roveyayinevi.com.tr\/index.php\/wp-json\/wp\/v2\/product\/763183","targetHints":{"allow":["GET"]}}],"collection":[{"href":"https:\/\/roveyayinevi.com.tr\/index.php\/wp-json\/wp\/v2\/product"}],"about":[{"href":"https:\/\/roveyayinevi.com.tr\/index.php\/wp-json\/wp\/v2\/types\/product"}],"wp:attachment":[{"href":"https:\/\/roveyayinevi.com.tr\/index.php\/wp-json\/wp\/v2\/media?parent=763183"}],"wp:term":[{"taxonomy":"product_brand","embeddable":true,"href":"https:\/\/roveyayinevi.com.tr\/index.php\/wp-json\/wp\/v2\/product_brand?post=763183"},{"taxonomy":"product_cat","embeddable":true,"href":"https:\/\/roveyayinevi.com.tr\/index.php\/wp-json\/wp\/v2\/product_cat?post=763183"},{"taxonomy":"product_tag","embeddable":true,"href":"https:\/\/roveyayinevi.com.tr\/index.php\/wp-json\/wp\/v2\/product_tag?post=763183"}],"curies":[{"name":"wp","href":"https:\/\/api.w.org\/{rel}","templated":true}]}}