{"id":763180,"date":"2025-08-28T10:32:51","date_gmt":"2025-08-28T07:32:51","guid":{"rendered":"https:\/\/roveyayinevi.com.tr\/index.php\/urun\/ilk-oyun-hamuru-kitabim-doga\/"},"modified":"2026-04-15T03:28:36","modified_gmt":"2026-04-15T00:28:36","slug":"ilk-oyun-hamuru-kitabim-doga","status":"publish","type":"product","link":"https:\/\/roveyayinevi.com.tr\/index.php\/urun\/ilk-oyun-hamuru-kitabim-doga\/","title":{"rendered":"\u0130lk Oyun Hamuru Kitab\u0131m &#8211; Do\u011fa"},"content":{"rendered":"<p>Bu Kitap Neden \u00d6nemli?\u0130lk Oyun Hamuru Kitab\u0131m &#8211; Do\u011faDo\u011fan\u0131n \u00f6zelliklerini anlatt\u0131\u011f\u0131m\u0131z bu kitap, her sayfada farkl\u0131 etkinlikler ve kazan\u0131mlarla parmak kaslar\u0131n\u0131n geli\u015fmesine katk\u0131 sa\u011flayacak. El ve g\u00f6z koordinasyonunu destekleyici, bununla beraber \u00e7ocu\u011funuza do\u011fa sevgisi kazand\u0131racak. Arka Kapak MetniOyun hamurlar\u0131yla do\u011fay\u0131 ad\u0131m ad\u0131m ke\u015ffetmeye ne dersin? Ormanlardan denizlere, yery\u00fcz\u00fcnden g\u00f6ky\u00fcz\u00fcne&#8230;Reng\u00e2renk etkinlikler, birbirinden e\u011flenceli ve \u00f6\u011fretici uygulamalar. \u00c7ok satan oyun hamuru serisinin \u00fc\u00e7\u00fcnc\u00fcs\u00fc: DO\u011eA. Haydi, minik parmaklar i\u015f ba\u015f\u0131na.<\/p>\n","protected":false},"excerpt":{"rendered":"<p>Bu Kitap Neden \u00d6nemli?\u0130lk Oyun Hamuru Kitab\u0131m &#8211; Do\u011faDo\u011fan\u0131n \u00f6zelliklerini anlatt\u0131\u011f\u0131m\u0131z bu kitap, her sayfada farkl\u0131 etkinlikler ve kazan\u0131mlarla parmak kaslar\u0131n\u0131n geli\u015fmesine katk\u0131 sa\u011flayacak. El ve<span class=\"excerpt-hellip\"> [\u2026]<\/span><\/p>\n","protected":false},"featured_media":0,"template":"","meta":{"_monsterinsights_skip_tracking":false,"_monsterinsights_sitenote_active":false,"_monsterinsights_sitenote_note":"","_monsterinsights_sitenote_category":0},"product_brand":[],"product_cat":[12274,12518],"product_tag":[],"class_list":{"0":"post-763180","1":"product","2":"type-product","3":"status-publish","5":"product_cat-cocuk-ve-genclik-kitaplari","6":"product_cat-okul-oncesi-kitaplar","7":"pa_cilt-ciltsiz","8":"pa_tur-kitap","9":"pa_yayinevi-bi-kutu-oyun","10":"pa_yazar-nagehan-pehlivan","12":"first","13":"instock","14":"sale","15":"shipping-taxable","16":"purchasable","17":"product-type-simple"},"_links":{"self":[{"href":"https:\/\/roveyayinevi.com.tr\/index.php\/wp-json\/wp\/v2\/product\/763180","targetHints":{"allow":["GET"]}}],"collection":[{"href":"https:\/\/roveyayinevi.com.tr\/index.php\/wp-json\/wp\/v2\/product"}],"about":[{"href":"https:\/\/roveyayinevi.com.tr\/index.php\/wp-json\/wp\/v2\/types\/product"}],"wp:attachment":[{"href":"https:\/\/roveyayinevi.com.tr\/index.php\/wp-json\/wp\/v2\/media?parent=763180"}],"wp:term":[{"taxonomy":"product_brand","embeddable":true,"href":"https:\/\/roveyayinevi.com.tr\/index.php\/wp-json\/wp\/v2\/product_brand?post=763180"},{"taxonomy":"product_cat","embeddable":true,"href":"https:\/\/roveyayinevi.com.tr\/index.php\/wp-json\/wp\/v2\/product_cat?post=763180"},{"taxonomy":"product_tag","embeddable":true,"href":"https:\/\/roveyayinevi.com.tr\/index.php\/wp-json\/wp\/v2\/product_tag?post=763180"}],"curies":[{"name":"wp","href":"https:\/\/api.w.org\/{rel}","templated":true}]}}