{"id":763179,"date":"2025-08-28T10:32:49","date_gmt":"2025-08-28T07:32:49","guid":{"rendered":"https:\/\/roveyayinevi.com.tr\/index.php\/urun\/ilk-harf-trenim-cirt-cirtli-yapboz-ve-kitap-seti\/"},"modified":"2026-04-15T03:28:36","modified_gmt":"2026-04-15T00:28:36","slug":"ilk-harf-trenim-cirt-cirtli-yapboz-ve-kitap-seti","status":"publish","type":"product","link":"https:\/\/roveyayinevi.com.tr\/index.php\/urun\/ilk-harf-trenim-cirt-cirtli-yapboz-ve-kitap-seti\/","title":{"rendered":"\u0130lk Harf Trenim &#8211; C\u0131rt C\u0131rtl\u0131 Yapboz ve Kitap Seti"},"content":{"rendered":"<p>\u00c7UF \u00c7UF! ALFABE TREN\u0130 KALKIYOR, BU YOLCULU\u011eA S\u0130Z\u0130 DE BEKL\u0130YOR!\u00c7ocu\u011funuzla birlikte yapbozu tamamlay\u0131n, upuzuuun treni olu\u015fturun!Harfleri tan\u0131t\u0131rken kitap\u00e7\u0131\u011f\u0131 incelemeyi de unutmay\u0131n!\u00c7ocuklar bu kitap ve yapboz sayesinde harfleri tan\u0131rken ayn\u0131 zamanda hayvanlarla tan\u0131\u015facak ve onlar\u0131 \u00e7ok sevecekler.\u0130lk harf trenim sizlerle!<\/p>\n","protected":false},"excerpt":{"rendered":"<p>\u00c7UF \u00c7UF! ALFABE TREN\u0130 KALKIYOR, BU YOLCULU\u011eA S\u0130Z\u0130 DE BEKL\u0130YOR!\u00c7ocu\u011funuzla birlikte yapbozu tamamlay\u0131n, upuzuuun treni olu\u015fturun!Harfleri tan\u0131t\u0131rken kitap\u00e7\u0131\u011f\u0131 incelemeyi de unutmay\u0131n!\u00c7ocuklar bu kitap ve yapboz sayesinde<span class=\"excerpt-hellip\"> [\u2026]<\/span><\/p>\n","protected":false},"featured_media":0,"template":"","meta":{"_monsterinsights_skip_tracking":false,"_monsterinsights_sitenote_active":false,"_monsterinsights_sitenote_note":"","_monsterinsights_sitenote_category":0},"product_brand":[],"product_cat":[12274,90558],"product_tag":[],"class_list":{"0":"post-763179","1":"product","2":"type-product","3":"status-publish","5":"product_cat-cocuk-ve-genclik-kitaplari","6":"product_cat-yapboz-kitaplari","7":"pa_cilt-ciltsiz","8":"pa_tur-kitap20","9":"pa_yayinevi-bi-kutu-oyun","10":"pa_yazar-buse-nazilli","12":"first","13":"instock","14":"sale","15":"shipping-taxable","16":"purchasable","17":"product-type-simple"},"_links":{"self":[{"href":"https:\/\/roveyayinevi.com.tr\/index.php\/wp-json\/wp\/v2\/product\/763179","targetHints":{"allow":["GET"]}}],"collection":[{"href":"https:\/\/roveyayinevi.com.tr\/index.php\/wp-json\/wp\/v2\/product"}],"about":[{"href":"https:\/\/roveyayinevi.com.tr\/index.php\/wp-json\/wp\/v2\/types\/product"}],"wp:attachment":[{"href":"https:\/\/roveyayinevi.com.tr\/index.php\/wp-json\/wp\/v2\/media?parent=763179"}],"wp:term":[{"taxonomy":"product_brand","embeddable":true,"href":"https:\/\/roveyayinevi.com.tr\/index.php\/wp-json\/wp\/v2\/product_brand?post=763179"},{"taxonomy":"product_cat","embeddable":true,"href":"https:\/\/roveyayinevi.com.tr\/index.php\/wp-json\/wp\/v2\/product_cat?post=763179"},{"taxonomy":"product_tag","embeddable":true,"href":"https:\/\/roveyayinevi.com.tr\/index.php\/wp-json\/wp\/v2\/product_tag?post=763179"}],"curies":[{"name":"wp","href":"https:\/\/api.w.org\/{rel}","templated":true}]}}