{"id":763178,"date":"2025-08-28T10:32:47","date_gmt":"2025-08-28T07:32:47","guid":{"rendered":"https:\/\/roveyayinevi.com.tr\/index.php\/urun\/ilk-bilim-cantam-cirt-cirtli\/"},"modified":"2026-04-15T03:28:36","modified_gmt":"2026-04-15T00:28:36","slug":"ilk-bilim-cantam-cirt-cirtli","status":"publish","type":"product","link":"https:\/\/roveyayinevi.com.tr\/index.php\/urun\/ilk-bilim-cantam-cirt-cirtli\/","title":{"rendered":"\u0130lk Bilim \u00c7antam (C\u0131rt C\u0131rtl\u0131)"},"content":{"rendered":"<p>HEEEY! \u015eimdi bilimin e\u011flencesine haz\u0131r ol. Yeni maceralar, ke\u015fifler, renkli deneyler, \u0131\u015f\u0131klar\u2026 Peki hangi deney malzemelerini kullanaca\u011f\u0131n\u0131 biliyor musun? Haydi, \u00e7evir sayfalar\u0131 ve \u00f6\u011fren hepsini! Sen de ekle listene, yepyeni deneyleri.<\/p>\n","protected":false},"excerpt":{"rendered":"<p>HEEEY! \u015eimdi bilimin e\u011flencesine haz\u0131r ol. Yeni maceralar, ke\u015fifler, renkli deneyler, \u0131\u015f\u0131klar\u2026 Peki hangi deney malzemelerini kullanaca\u011f\u0131n\u0131 biliyor musun? Haydi, \u00e7evir sayfalar\u0131 ve \u00f6\u011fren hepsini! Sen<span class=\"excerpt-hellip\"> [\u2026]<\/span><\/p>\n","protected":false},"featured_media":0,"template":"","meta":{"_monsterinsights_skip_tracking":false,"_monsterinsights_sitenote_active":false,"_monsterinsights_sitenote_note":"","_monsterinsights_sitenote_category":0},"product_brand":[],"product_cat":[13829,12274],"product_tag":[],"class_list":{"0":"post-763178","1":"product","2":"type-product","3":"status-publish","5":"product_cat-bilimsel-kitaplar","6":"product_cat-cocuk-ve-genclik-kitaplari","7":"pa_cilt-ciltsiz","8":"pa_tur-kitap","9":"pa_yayinevi-bi-kutu-oyun","10":"pa_yazar-aylin-dogan-omur","12":"first","13":"instock","14":"sale","15":"shipping-taxable","16":"purchasable","17":"product-type-simple"},"_links":{"self":[{"href":"https:\/\/roveyayinevi.com.tr\/index.php\/wp-json\/wp\/v2\/product\/763178","targetHints":{"allow":["GET"]}}],"collection":[{"href":"https:\/\/roveyayinevi.com.tr\/index.php\/wp-json\/wp\/v2\/product"}],"about":[{"href":"https:\/\/roveyayinevi.com.tr\/index.php\/wp-json\/wp\/v2\/types\/product"}],"wp:attachment":[{"href":"https:\/\/roveyayinevi.com.tr\/index.php\/wp-json\/wp\/v2\/media?parent=763178"}],"wp:term":[{"taxonomy":"product_brand","embeddable":true,"href":"https:\/\/roveyayinevi.com.tr\/index.php\/wp-json\/wp\/v2\/product_brand?post=763178"},{"taxonomy":"product_cat","embeddable":true,"href":"https:\/\/roveyayinevi.com.tr\/index.php\/wp-json\/wp\/v2\/product_cat?post=763178"},{"taxonomy":"product_tag","embeddable":true,"href":"https:\/\/roveyayinevi.com.tr\/index.php\/wp-json\/wp\/v2\/product_tag?post=763178"}],"curies":[{"name":"wp","href":"https:\/\/api.w.org\/{rel}","templated":true}]}}