{"id":763177,"date":"2025-08-28T10:32:45","date_gmt":"2025-08-28T07:32:45","guid":{"rendered":"https:\/\/roveyayinevi.com.tr\/index.php\/urun\/dinozor-dino-benim-pop-it-kitabim\/"},"modified":"2026-04-15T03:28:36","modified_gmt":"2026-04-15T00:28:36","slug":"dinozor-dino-benim-pop-it-kitabim","status":"publish","type":"product","link":"https:\/\/roveyayinevi.com.tr\/index.php\/urun\/dinozor-dino-benim-pop-it-kitabim\/","title":{"rendered":"Dinozor Dino &#8211; Benim Pop &#8211; \u0130t Kitab\u0131m"},"content":{"rendered":"<p>E\u011flenceli, macera dolu dinozorlar\u0131n d\u00fcnyas\u0131na ad\u0131m atmaya ve minik parmaklar\u0131nla dinolar\u0131n karn\u0131na dokunmaya ne dersin? Haydi, kitab\u0131 a\u00e7 ve pop-it ile bu e\u011flenceli maceraya ba\u015fla! <\/p>\n","protected":false},"excerpt":{"rendered":"<p>E\u011flenceli, macera dolu dinozorlar\u0131n d\u00fcnyas\u0131na ad\u0131m atmaya ve minik parmaklar\u0131nla dinolar\u0131n karn\u0131na dokunmaya ne dersin? Haydi, kitab\u0131 a\u00e7 ve pop-it ile bu e\u011flenceli maceraya ba\u015fla!<\/p>\n","protected":false},"featured_media":0,"template":"","meta":{"_monsterinsights_skip_tracking":false,"_monsterinsights_sitenote_active":false,"_monsterinsights_sitenote_note":"","_monsterinsights_sitenote_category":0},"product_brand":[],"product_cat":[12274,15842],"product_tag":[],"class_list":{"0":"post-763177","1":"product","2":"type-product","3":"status-publish","5":"product_cat-cocuk-ve-genclik-kitaplari","6":"product_cat-egitici-kitaplar","7":"pa_cilt-ciltsiz","8":"pa_tur-kitap","9":"pa_yayinevi-bi-kutu-oyun","10":"pa_yazar-esra-canoglu","12":"first","13":"instock","14":"sale","15":"shipping-taxable","16":"purchasable","17":"product-type-simple"},"_links":{"self":[{"href":"https:\/\/roveyayinevi.com.tr\/index.php\/wp-json\/wp\/v2\/product\/763177","targetHints":{"allow":["GET"]}}],"collection":[{"href":"https:\/\/roveyayinevi.com.tr\/index.php\/wp-json\/wp\/v2\/product"}],"about":[{"href":"https:\/\/roveyayinevi.com.tr\/index.php\/wp-json\/wp\/v2\/types\/product"}],"wp:attachment":[{"href":"https:\/\/roveyayinevi.com.tr\/index.php\/wp-json\/wp\/v2\/media?parent=763177"}],"wp:term":[{"taxonomy":"product_brand","embeddable":true,"href":"https:\/\/roveyayinevi.com.tr\/index.php\/wp-json\/wp\/v2\/product_brand?post=763177"},{"taxonomy":"product_cat","embeddable":true,"href":"https:\/\/roveyayinevi.com.tr\/index.php\/wp-json\/wp\/v2\/product_cat?post=763177"},{"taxonomy":"product_tag","embeddable":true,"href":"https:\/\/roveyayinevi.com.tr\/index.php\/wp-json\/wp\/v2\/product_tag?post=763177"}],"curies":[{"name":"wp","href":"https:\/\/api.w.org\/{rel}","templated":true}]}}