{"id":763176,"date":"2025-08-28T10:32:43","date_gmt":"2025-08-28T07:32:43","guid":{"rendered":"https:\/\/roveyayinevi.com.tr\/index.php\/urun\/antik-cagin-son-buyuk-savasi\/"},"modified":"2026-04-15T03:28:36","modified_gmt":"2026-04-15T00:28:36","slug":"antik-cagin-son-buyuk-savasi","status":"publish","type":"product","link":"https:\/\/roveyayinevi.com.tr\/index.php\/urun\/antik-cagin-son-buyuk-savasi\/","title":{"rendered":"Antik \u00c7a\u011f\u2019\u0131n Son B\u00fcy\u00fck Sava\u015f\u0131"},"content":{"rendered":"<p>Antik \u00c7a\u011f\u0131n Son B\u00fcy\u00fck Sava\u015f\u0131, Roma ve Sasani \u0130mparatorluklar\u0131 aras\u0131nda ge\u00e7en ve insanl\u0131k tarihinin seyrini de\u011fi\u015ftiren destans\u0131 bir m\u00fccadelenin hik\u00e2yesi. \u00d6zellikle 603-628 y\u0131llar\u0131 aras\u0131nda k\u0131z\u0131\u015fan ve Kafkaslardan Filistin\u2019e, Kuzey Afrika\u2019dan Karadeniz sahillerine kadar geni\u015f bir co\u011frafyada meydana gelen bu uzun sava\u015flar silsilesi, tarihin en uzun ve en karma\u015f\u0131k sava\u015flar\u0131ndan biri. Oxford \u00dcniversitesi\u2019nin k\u0131demli profes\u00f6rlerinden ge\u00e7 antik \u00e7a\u011f tarihinin \u00f6nde gelen uzmanlar\u0131ndan James Howard-Johnston d\u00f6nemin siyasi, asker\u00ee ve sosyal dinamiklerini titizlikle ele alarak okuyucuyu olaylar\u0131n merkezine \u00e7ekiyor. II. H\u00fcsrev ve Heraclius gibi fig\u00fcrlerin stratejilerini, ba\u015far\u0131lar\u0131n\u0131 ve ba\u015far\u0131s\u0131zl\u0131klar\u0131n\u0131 detayland\u0131rarak, her iki imparatorlu\u011fun da nas\u0131l birbirlerini zay\u0131flatt\u0131klar\u0131, T\u00fcrk ka\u011fanl\u0131\u011f\u0131n\u0131n bu sava\u015flardaki kritik rol\u00fcn\u00fc ve \u0130slam\u2019\u0131n i\u00e7ine do\u011fdu\u011fu siyasi ve sosyal konjonkt\u00fcr\u00fc ak\u0131c\u0131 bir dille resmediyor. Kitap, sadece asker\u00ee tarihi de\u011fil, ayn\u0131 zamanda d\u00f6nemin sosyal yap\u0131s\u0131n\u0131 ve yerel ya\u015fam\u0131 da detayland\u0131ran zengin kesitler sunuyor. Antik \u00c7a\u011f\u0131n Son B\u00fcy\u00fck Sava\u015f\u0131 hem i\u00e7eri\u011fi hem de anlat\u0131m tarz\u0131yla tarih okurlar\u0131 i\u00e7in vazge\u00e7ilmez bir kaynak ve rehber niteli\u011finde. <\/p>\n","protected":false},"excerpt":{"rendered":"<p>Antik \u00c7a\u011f\u0131n Son B\u00fcy\u00fck Sava\u015f\u0131, Roma ve Sasani \u0130mparatorluklar\u0131 aras\u0131nda ge\u00e7en ve insanl\u0131k tarihinin seyrini de\u011fi\u015ftiren destans\u0131 bir m\u00fccadelenin hik\u00e2yesi. \u00d6zellikle 603-628 y\u0131llar\u0131 aras\u0131nda k\u0131z\u0131\u015fan ve<span class=\"excerpt-hellip\"> [\u2026]<\/span><\/p>\n","protected":false},"featured_media":0,"template":"","meta":{"_monsterinsights_skip_tracking":false,"_monsterinsights_sitenote_active":false,"_monsterinsights_sitenote_note":"","_monsterinsights_sitenote_category":0},"product_brand":[],"product_cat":[12304],"product_tag":[],"class_list":{"0":"post-763176","1":"product","2":"type-product","3":"status-publish","5":"product_cat-tarih","6":"pa_cilt-ciltsiz","7":"pa_tur-kitap","8":"pa_yayinevi-vakifbank-kultur-yayinlari","9":"pa_yazar-james-howard-johnston","11":"first","12":"instock","13":"sale","14":"shipping-taxable","15":"purchasable","16":"product-type-simple"},"_links":{"self":[{"href":"https:\/\/roveyayinevi.com.tr\/index.php\/wp-json\/wp\/v2\/product\/763176","targetHints":{"allow":["GET"]}}],"collection":[{"href":"https:\/\/roveyayinevi.com.tr\/index.php\/wp-json\/wp\/v2\/product"}],"about":[{"href":"https:\/\/roveyayinevi.com.tr\/index.php\/wp-json\/wp\/v2\/types\/product"}],"wp:attachment":[{"href":"https:\/\/roveyayinevi.com.tr\/index.php\/wp-json\/wp\/v2\/media?parent=763176"}],"wp:term":[{"taxonomy":"product_brand","embeddable":true,"href":"https:\/\/roveyayinevi.com.tr\/index.php\/wp-json\/wp\/v2\/product_brand?post=763176"},{"taxonomy":"product_cat","embeddable":true,"href":"https:\/\/roveyayinevi.com.tr\/index.php\/wp-json\/wp\/v2\/product_cat?post=763176"},{"taxonomy":"product_tag","embeddable":true,"href":"https:\/\/roveyayinevi.com.tr\/index.php\/wp-json\/wp\/v2\/product_tag?post=763176"}],"curies":[{"name":"wp","href":"https:\/\/api.w.org\/{rel}","templated":true}]}}