{"id":763175,"date":"2025-08-28T10:32:42","date_gmt":"2025-08-28T07:32:42","guid":{"rendered":"https:\/\/roveyayinevi.com.tr\/index.php\/urun\/anne-agac\/"},"modified":"2026-04-15T03:28:36","modified_gmt":"2026-04-15T00:28:36","slug":"anne-agac","status":"publish","type":"product","link":"https:\/\/roveyayinevi.com.tr\/index.php\/urun\/anne-agac\/","title":{"rendered":"Anne A\u011fa\u00e7"},"content":{"rendered":"<p>\u201c\u00d6mr\u00fcm boyunca yapt\u0131\u011f\u0131m orman dedektifli\u011finin ard\u0131ndan a\u011fa\u00e7lara dair alg\u0131m tamamen de\u011fi\u015fti. Ya\u015fad\u0131\u011f\u0131m her yeni ayd\u0131nlanmayla beraber ormanla daha derinden b\u00fct\u00fcnle\u015ftim. Bilimsel kan\u0131tlara g\u00f6zleri kapatmak olanaks\u0131z: Orman bilge, duyarl\u0131, \u015fifal\u0131 bir do\u011faya sahip.    Bu kitap a\u011fa\u00e7lar\u0131 nas\u0131l kurtarabilece\u011fimizi anlatm\u0131yor. Bu kitap a\u011fa\u00e7lar\u0131n bizi nas\u0131l kurtarabilece\u011fini anlat\u0131yor.\u201d   Suzanne Simard, Anne A\u011fa\u00e7\u2019ta okurlar\u0131 a\u011fa\u00e7lar\u0131n samimi d\u00fcnyas\u0131na g\u00f6t\u00fcr\u00fcyor. A\u011fa\u00e7lar\u0131n sadece kereste ya da k\u00e2\u011f\u0131t hamuru kayna\u011f\u0131 de\u011fil; karma\u015f\u0131k, birbirine ba\u011fl\u0131 bir ya\u015fam d\u00f6ng\u00fcs\u00fcne sahip; bizimkinden \u00e7ok da farkl\u0131 olmayan ortak ya\u015famlarla birbirine sosyal anlamda ba\u011fl\u0131, i\u015fbirlik\u00e7i canl\u0131lar oldu\u011funu ortaya koyuyor. Simard, ayr\u0131ca y\u00fczlerce y\u0131ld\u0131r bir arada ya\u015fayan a\u011fa\u00e7lar\u0131n nas\u0131l evrimle\u015fti\u011fini, davran\u0131\u015flar\u0131n\u0131, birbirlerini nas\u0131l tan\u0131d\u0131klar\u0131n\u0131, birbirleriyle nas\u0131l rekabet ettiklerini ya da i\u015fbirli\u011fi yapt\u0131klar\u0131n\u0131 ve asl\u0131nda insan zek\u00e2s\u0131na atfedilen \u00f6zelliklere sahip olduklar\u0131n\u0131 yal\u0131n bir dille ele al\u0131yor.   \u00c7ocukken ormandaki a\u011fa\u00e7lar\u0131 kataloglayarak ge\u00e7irdi\u011fi g\u00fcnleri, onlar\u0131 nas\u0131l sevip sayg\u0131 duymaya ba\u015flad\u0131\u011f\u0131n\u0131, bilimsel aray\u0131\u015f\u0131yla beraber nas\u0131l kendi yolculu\u011funun da pe\u015fine d\u00fc\u015ft\u00fc\u011f\u00fcn\u00fc anlatan yazar, hayat\u0131ndan aktard\u0131\u011f\u0131 kesitlerle insan\u0131n bilimsel ara\u015ft\u0131rmas\u0131n\u0131n ne kadar derin ve ki\u015fisel olabilece\u011fini de g\u00f6steriyor:   \u201cAnne A\u011fa\u00e7: Orman\u0131n Bilgeli\u011finin Ke\u015ffi d\u00fcnyan\u0131n bizi birbirimize ba\u011flayan bir hik\u00e2yeler a\u011f\u0131 oldu\u011funu hat\u0131rlat\u0131yor. A\u011fa\u00e7lar\u0131n, mantarlar\u0131n, topra\u011f\u0131n, ay\u0131lar\u0131n ve bu konu\u015fmalar\u0131 dinleyen bir insan\u0131n hik\u00e2yelerini aktar\u0131yor. Ki\u015fisel anlat\u0131lar\u0131n, bilimsel i\u00e7g\u00f6r\u00fclerin ve orman\u0131n ya\u015fam\u0131na dair \u015fa\u015f\u0131rt\u0131c\u0131 ke\u015fiflerin etkile\u015fimi ilgi \u00e7ekici bir hik\u00e2ye ortaya \u00e7\u0131kar\u0131yor.\u201d   Robin Wall Kimmerer <\/p>\n","protected":false},"excerpt":{"rendered":"<p>\u201c\u00d6mr\u00fcm boyunca yapt\u0131\u011f\u0131m orman dedektifli\u011finin ard\u0131ndan a\u011fa\u00e7lara dair alg\u0131m tamamen de\u011fi\u015fti. Ya\u015fad\u0131\u011f\u0131m her yeni ayd\u0131nlanmayla beraber ormanla daha derinden b\u00fct\u00fcnle\u015ftim. Bilimsel kan\u0131tlara g\u00f6zleri kapatmak olanaks\u0131z: Orman<span class=\"excerpt-hellip\"> [\u2026]<\/span><\/p>\n","protected":false},"featured_media":0,"template":"","meta":{"_monsterinsights_skip_tracking":false,"_monsterinsights_sitenote_active":false,"_monsterinsights_sitenote_note":"","_monsterinsights_sitenote_category":0},"product_brand":[],"product_cat":[23323,12364],"product_tag":[],"class_list":{"0":"post-763175","1":"product","2":"type-product","3":"status-publish","5":"product_cat-ekoloji","6":"product_cat-genel-konular","7":"pa_cilt-ciltsiz","8":"pa_tur-kitap","9":"pa_yayinevi-tellekt","10":"pa_yazar-suzanne-simard","12":"first","13":"instock","14":"sale","15":"shipping-taxable","16":"purchasable","17":"product-type-simple"},"_links":{"self":[{"href":"https:\/\/roveyayinevi.com.tr\/index.php\/wp-json\/wp\/v2\/product\/763175","targetHints":{"allow":["GET"]}}],"collection":[{"href":"https:\/\/roveyayinevi.com.tr\/index.php\/wp-json\/wp\/v2\/product"}],"about":[{"href":"https:\/\/roveyayinevi.com.tr\/index.php\/wp-json\/wp\/v2\/types\/product"}],"wp:attachment":[{"href":"https:\/\/roveyayinevi.com.tr\/index.php\/wp-json\/wp\/v2\/media?parent=763175"}],"wp:term":[{"taxonomy":"product_brand","embeddable":true,"href":"https:\/\/roveyayinevi.com.tr\/index.php\/wp-json\/wp\/v2\/product_brand?post=763175"},{"taxonomy":"product_cat","embeddable":true,"href":"https:\/\/roveyayinevi.com.tr\/index.php\/wp-json\/wp\/v2\/product_cat?post=763175"},{"taxonomy":"product_tag","embeddable":true,"href":"https:\/\/roveyayinevi.com.tr\/index.php\/wp-json\/wp\/v2\/product_tag?post=763175"}],"curies":[{"name":"wp","href":"https:\/\/api.w.org\/{rel}","templated":true}]}}