{"id":763174,"date":"2025-08-28T10:32:39","date_gmt":"2025-08-28T07:32:39","guid":{"rendered":"https:\/\/roveyayinevi.com.tr\/index.php\/urun\/cennetmekan-ivan-petrovic-belkinin-hikayeleri\/"},"modified":"2026-04-15T03:28:36","modified_gmt":"2026-04-15T00:28:36","slug":"cennetmekan-ivan-petrovic-belkinin-hikayeleri","status":"publish","type":"product","link":"https:\/\/roveyayinevi.com.tr\/index.php\/urun\/cennetmekan-ivan-petrovic-belkinin-hikayeleri\/","title":{"rendered":"Cennetmekan \u0130van Petrovi\u00e7 Belkin&#8217;in Hikayeleri"},"content":{"rendered":"<p>Cennetmek\u00e2n \u0130van Petrovi\u00e7 Belkin\u2019in Hik\u00e2yeleri \u015fiirleriyle 19. y\u00fczy\u0131l Rus edebiyat\u0131n\u0131n en de\u011ferli isimlerinden biri haline gelen Pu\u015fkin\u2019in ilk d\u00fczyaz\u0131 eserlerindendir. Hatta tecr\u00fcbesizli\u011finden endi\u015fe duyan \u015fair, \u00f6yk\u00fclerini yaln\u0131zca yay\u0131nc\u0131s\u0131 oldu\u011funu ifade etti\u011fi bir \u00f6ns\u00f6zle ve A.P. imzas\u0131yla yay\u0131mlar. \u00d6yk\u00fcler merhum toprak sahibi \u0130van Petrovi\u00e7\u2019e aitmi\u015f gibi bir hava yarat\u0131r. Ancak eser k\u0131sa s\u00fcrede Rus okurunun en sevdi\u011fi kitaplar aras\u0131nda yerini al\u0131r ve Pu\u015fkin yeni bask\u0131larda kendi imzas\u0131n\u0131 kullanmaya ba\u015flar; dostu \u015fair Pletnov\u2019a yazd\u0131\u011f\u0131 mektupta bu \u00f6yk\u00fclerden \u201cmelankolik \u015fair Barat\u0131nski\u2019yi g\u00fclmekten \u00f6ld\u00fcren \u00f6yk\u00fcler\u201d diye bahseder.   Merhum toprak sahibi \u0130van Petrovi\u00e7\u2019e anlat\u0131ld\u0131\u011f\u0131 s\u00f6ylenen be\u015f \u00f6yk\u00fcn\u00fcn topland\u0131\u011f\u0131 eser, d\u00f6nemin Rusya\u2019s\u0131ndan manzaralar sunar. Gen\u00e7 Rus asilzadelerinin, askerlerin, postac\u0131lar\u0131n, toprak sahiplerinin ya\u015fant\u0131lar\u0131n\u0131n anlat\u0131ld\u0131\u011f\u0131 bu \u00f6yk\u00fcler, merak uyand\u0131ran, e\u011flenceli ve s\u00fcr\u00fckleyici olaylar\u0131n ard\u0131ndan ortal\u0131\u011fa d\u00f6k\u00fclen s\u0131rlarla sonlan\u0131r. <\/p>\n","protected":false},"excerpt":{"rendered":"<p>Cennetmek\u00e2n \u0130van Petrovi\u00e7 Belkin\u2019in Hik\u00e2yeleri \u015fiirleriyle 19. y\u00fczy\u0131l Rus edebiyat\u0131n\u0131n en de\u011ferli isimlerinden biri haline gelen Pu\u015fkin\u2019in ilk d\u00fczyaz\u0131 eserlerindendir. Hatta tecr\u00fcbesizli\u011finden endi\u015fe duyan \u015fair, \u00f6yk\u00fclerini<span class=\"excerpt-hellip\"> [\u2026]<\/span><\/p>\n","protected":false},"featured_media":0,"template":"","meta":{"_monsterinsights_skip_tracking":false,"_monsterinsights_sitenote_active":false,"_monsterinsights_sitenote_note":"","_monsterinsights_sitenote_category":0},"product_brand":[],"product_cat":[12291,18202],"product_tag":[],"class_list":{"0":"post-763174","1":"product","2":"type-product","3":"status-publish","5":"product_cat-edebiyat","6":"product_cat-hikaye","7":"pa_cilt-ciltsiz","8":"pa_tur-kitap","9":"pa_yayinevi-can-yayinlari","10":"pa_yazar-aleksandr-sergeyevic-puskin","12":"first","13":"instock","14":"sale","15":"shipping-taxable","16":"purchasable","17":"product-type-simple"},"_links":{"self":[{"href":"https:\/\/roveyayinevi.com.tr\/index.php\/wp-json\/wp\/v2\/product\/763174","targetHints":{"allow":["GET"]}}],"collection":[{"href":"https:\/\/roveyayinevi.com.tr\/index.php\/wp-json\/wp\/v2\/product"}],"about":[{"href":"https:\/\/roveyayinevi.com.tr\/index.php\/wp-json\/wp\/v2\/types\/product"}],"wp:attachment":[{"href":"https:\/\/roveyayinevi.com.tr\/index.php\/wp-json\/wp\/v2\/media?parent=763174"}],"wp:term":[{"taxonomy":"product_brand","embeddable":true,"href":"https:\/\/roveyayinevi.com.tr\/index.php\/wp-json\/wp\/v2\/product_brand?post=763174"},{"taxonomy":"product_cat","embeddable":true,"href":"https:\/\/roveyayinevi.com.tr\/index.php\/wp-json\/wp\/v2\/product_cat?post=763174"},{"taxonomy":"product_tag","embeddable":true,"href":"https:\/\/roveyayinevi.com.tr\/index.php\/wp-json\/wp\/v2\/product_tag?post=763174"}],"curies":[{"name":"wp","href":"https:\/\/api.w.org\/{rel}","templated":true}]}}