{"id":763173,"date":"2025-08-28T10:32:37","date_gmt":"2025-08-28T07:32:37","guid":{"rendered":"https:\/\/roveyayinevi.com.tr\/index.php\/urun\/atilgan-1959dan-gunumuze-yusuf-atilgan-uzerine-yazilar\/"},"modified":"2026-04-15T03:28:36","modified_gmt":"2026-04-15T00:28:36","slug":"atilgan-1959dan-gunumuze-yusuf-atilgan-uzerine-yazilar","status":"publish","type":"product","link":"https:\/\/roveyayinevi.com.tr\/index.php\/urun\/atilgan-1959dan-gunumuze-yusuf-atilgan-uzerine-yazilar\/","title":{"rendered":"At\u0131lgan: 1959\u2019dan G\u00fcn\u00fcm\u00fcze Yusuf At\u0131lgan \u00dczerine Yaz\u0131lar"},"content":{"rendered":"<p>Yusuf At\u0131lgan, 68 y\u0131ll\u0131k \u00f6mr\u00fcnde d\u00f6rt kitap yay\u0131mlad\u0131 \u2013 Aylak Adam 1959\u2019da, Bodur Minareden \u00d6te 1960\u2019ta, Anayurt Oteli 1973\u2019te, \u00e7ocuklar i\u00e7in yazd\u0131\u011f\u0131 Ekmek Elden S\u00fct Memeden 1981\u2019de bas\u0131ld\u0131; \u00f6l\u00fcm\u00fcnden sonra \u00f6yk\u00fcleri tek bir ciltte topland\u0131, tamamlayamad\u0131\u011f\u0131 roman\u0131ysa Canistan ad\u0131yla \u00e7\u0131kt\u0131. Can Yay\u0131nlar\u0131 At\u0131lgan\u2019\u0131n b\u00fct\u00fcn yap\u0131tlar\u0131n\u0131 2017\u2019de okurlara sundu, 2018\u2019deyse yazar\u0131n kitaplar\u0131na girmemi\u015f yaz\u0131lar\u0131n\u0131, \u015fiirlerini, s\u00f6yle\u015filerini ve \u00e7evirilerini Siz Rahat Ya\u015fayas\u0131n\u0131z Diye adl\u0131 kitapta bir araya getirdi.   Bug\u00fcn Yusuf At\u0131lgan\u2019\u0131 T\u00fcrk edebiyat\u0131n\u0131n en b\u00fcy\u00fck yazarlar\u0131ndan biri olarak kabul ediyoruz; Aylak Adam ve Anayurt Oteli de birer ba\u015fyap\u0131t olarak kanondaki yerini ald\u0131. Ancak bu g\u00f6r\u00fc\u015f birli\u011fine hemen ula\u015f\u0131lmad\u0131; kitaplar\u0131n de\u011ferini hemen anlayanlar vard\u0131 ama ilk a\u015famada tepki duyanlar, anlam veremeyenler de oldu. Bu tepkilerin ana nedeni Yusuf At\u0131lgan\u2019\u0131n cinselli\u011fi ele al\u0131\u015f bi\u00e7imi oldu\u011fu kadar, \u015fehirli ve ta\u015fral\u0131 bireyi hem ki\u015fisel alanda hem de toplumsal \u00e7er\u00e7evede kurgulay\u0131\u015f bi\u00e7imiydi. At\u0131lgan\u2019\u0131n metinleri, o zamana kadar edebiyat\u0131m\u0131zda az g\u00f6r\u00fclm\u00fc\u015f yenilikler bar\u0131nd\u0131r\u0131yordu ve kendisinden sonraki yazarlar i\u00e7in ilham kayna\u011f\u0131 olacakt\u0131 ama kitaplar\u0131n yay\u0131mland\u0131\u011f\u0131 d\u00f6nemde bunun kabul edilmesi o kadar da kolay olmad\u0131.   Cem Aka\u015f\u2019\u0131n yay\u0131na haz\u0131rlad\u0131\u011f\u0131 bu hacimli derleme, ku\u015faklar boyunca Fethi Naci, Can Y\u00fccel, Selim \u0130leri, F\u00fcsun Akatl\u0131, Ahmet Oktay, Nurdan G\u00fcrbilek, Orhan Ko\u00e7ak, Semih G\u00fcm\u00fc\u015f, Beh\u00e7et \u00c7elik, Faruk Duman, Murat G\u00fclsoy ve Fatih \u00d6zg\u00fcven gibi yazarlar\u0131n, akademisyenlerin ve ele\u015ftirmenlerin Yusuf At\u0131lgan\u2019\u0131n yap\u0131tlar\u0131na y\u00f6nelik yorum ve de\u011ferlendirmelerindeki \u00e7e\u015fitlili\u011fi, zaman i\u00e7indeki de\u011fi\u015fimleri g\u00f6sterebilmeyi hedefliyor.   At\u0131lgan \u2013 bir ba\u015fvuru kayna\u011f\u0131 ve Yusuf At\u0131lgan okurlar\u0131 i\u00e7in bir yol arkada\u015f\u0131. <\/p>\n","protected":false},"excerpt":{"rendered":"<p>Yusuf At\u0131lgan, 68 y\u0131ll\u0131k \u00f6mr\u00fcnde d\u00f6rt kitap yay\u0131mlad\u0131 \u2013 Aylak Adam 1959\u2019da, Bodur Minareden \u00d6te 1960\u2019ta, Anayurt Oteli 1973\u2019te, \u00e7ocuklar i\u00e7in yazd\u0131\u011f\u0131 Ekmek Elden S\u00fct Memeden<span class=\"excerpt-hellip\"> [\u2026]<\/span><\/p>\n","protected":false},"featured_media":0,"template":"","meta":{"_monsterinsights_skip_tracking":false,"_monsterinsights_sitenote_active":false,"_monsterinsights_sitenote_note":"","_monsterinsights_sitenote_category":0},"product_brand":[],"product_cat":[27157,12291],"product_tag":[],"class_list":{"0":"post-763173","1":"product","2":"type-product","3":"status-publish","5":"product_cat-derleme","6":"product_cat-edebiyat","7":"pa_cilt-ciltsiz","8":"pa_tur-kitap","9":"pa_yayinevi-can-yayinlari","10":"pa_yazar-cem-akas","12":"first","13":"instock","14":"sale","15":"shipping-taxable","16":"purchasable","17":"product-type-simple"},"_links":{"self":[{"href":"https:\/\/roveyayinevi.com.tr\/index.php\/wp-json\/wp\/v2\/product\/763173","targetHints":{"allow":["GET"]}}],"collection":[{"href":"https:\/\/roveyayinevi.com.tr\/index.php\/wp-json\/wp\/v2\/product"}],"about":[{"href":"https:\/\/roveyayinevi.com.tr\/index.php\/wp-json\/wp\/v2\/types\/product"}],"wp:attachment":[{"href":"https:\/\/roveyayinevi.com.tr\/index.php\/wp-json\/wp\/v2\/media?parent=763173"}],"wp:term":[{"taxonomy":"product_brand","embeddable":true,"href":"https:\/\/roveyayinevi.com.tr\/index.php\/wp-json\/wp\/v2\/product_brand?post=763173"},{"taxonomy":"product_cat","embeddable":true,"href":"https:\/\/roveyayinevi.com.tr\/index.php\/wp-json\/wp\/v2\/product_cat?post=763173"},{"taxonomy":"product_tag","embeddable":true,"href":"https:\/\/roveyayinevi.com.tr\/index.php\/wp-json\/wp\/v2\/product_tag?post=763173"}],"curies":[{"name":"wp","href":"https:\/\/api.w.org\/{rel}","templated":true}]}}