{"id":763172,"date":"2025-08-28T10:32:34","date_gmt":"2025-08-28T07:32:34","guid":{"rendered":"https:\/\/roveyayinevi.com.tr\/index.php\/urun\/medusanin-olu-kumlari-2-ciltli\/"},"modified":"2026-04-15T03:28:36","modified_gmt":"2026-04-15T00:28:36","slug":"medusanin-olu-kumlari-2-ciltli","status":"publish","type":"product","link":"https:\/\/roveyayinevi.com.tr\/index.php\/urun\/medusanin-olu-kumlari-2-ciltli\/","title":{"rendered":"Medusa\u2019n\u0131n \u00d6l\u00fc Kumlar\u0131 2 (Ciltli)"},"content":{"rendered":"<p>Araf\u2019ta umdu\u011fundan daha fazlas\u0131n\u0131 bulan Elzem, Orta \u00c7a\u011f\u2019\u0131n zorlu \u015fartlar\u0131na uyum sa\u011flamaya ba\u015flam\u0131\u015ft\u0131r. Hi\u00e7 ummad\u0131\u011f\u0131 bir yerde, b\u00fcy\u00fcl\u00fc bir evrende a\u015fk kar\u015f\u0131s\u0131na \u00e7\u0131kt\u0131\u011f\u0131nda art\u0131k eve d\u00f6nmek istedi\u011finden bile emin de\u011fildir. Ancak her ge\u00e7en g\u00fcnle kendi hakk\u0131ndaki korkun\u00e7 s\u0131rlar\u0131 ke\u015ffetti\u011finde hislerini ve kararlar\u0131n\u0131 sorgulamaya ba\u015flar. Do\u011fumuyla ilgili \u00e7arp\u0131c\u0131 ger\u00e7eklerin gizemini \u00e7\u00f6zd\u00fc\u011f\u00fcnde ise ihanet hi\u00e7 ummad\u0131\u011f\u0131 bir yerden gelir.   Bu, \u00f6l\u00fcmden do\u011fan bir kad\u0131n\u0131n i\u00e7ine \u00e7ekildi\u011fi korkun\u00e7 bir takast\u0131r: Bir hayata kar\u015f\u0131l\u0131k onun hayat\u0131\u2026 Ama kader er ya da ge\u00e7 adaleti sa\u011flayacak ve \u00d6l\u00fcler Diyar\u0131 kendisine ait olan\u0131n pe\u015fine d\u00fc\u015fecektir.   \u201cONLAR TAHTLARINDA OTURAB\u0130L\u0130R. BEN BA\u015eLI BA\u015eINA B\u0130R KRALLI\u011eIM.\u201d <\/p>\n","protected":false},"excerpt":{"rendered":"<p>Araf\u2019ta umdu\u011fundan daha fazlas\u0131n\u0131 bulan Elzem, Orta \u00c7a\u011f\u2019\u0131n zorlu \u015fartlar\u0131na uyum sa\u011flamaya ba\u015flam\u0131\u015ft\u0131r. Hi\u00e7 ummad\u0131\u011f\u0131 bir yerde, b\u00fcy\u00fcl\u00fc bir evrende a\u015fk kar\u015f\u0131s\u0131na \u00e7\u0131kt\u0131\u011f\u0131nda art\u0131k eve d\u00f6nmek<span class=\"excerpt-hellip\"> [\u2026]<\/span><\/p>\n","protected":false},"featured_media":0,"template":"","meta":{"_monsterinsights_skip_tracking":false,"_monsterinsights_sitenote_active":false,"_monsterinsights_sitenote_note":"","_monsterinsights_sitenote_category":0},"product_brand":[],"product_cat":[12291,12711],"product_tag":[],"class_list":{"0":"post-763172","1":"product","2":"type-product","3":"status-publish","5":"product_cat-edebiyat","6":"product_cat-roman-oyku","7":"pa_cilt-ciltli","8":"pa_tur-kitap","9":"pa_yayinevi-ephesus-yayinlari","10":"pa_yazar-maral-atmaca","12":"first","13":"instock","14":"sale","15":"shipping-taxable","16":"purchasable","17":"product-type-simple"},"_links":{"self":[{"href":"https:\/\/roveyayinevi.com.tr\/index.php\/wp-json\/wp\/v2\/product\/763172","targetHints":{"allow":["GET"]}}],"collection":[{"href":"https:\/\/roveyayinevi.com.tr\/index.php\/wp-json\/wp\/v2\/product"}],"about":[{"href":"https:\/\/roveyayinevi.com.tr\/index.php\/wp-json\/wp\/v2\/types\/product"}],"wp:attachment":[{"href":"https:\/\/roveyayinevi.com.tr\/index.php\/wp-json\/wp\/v2\/media?parent=763172"}],"wp:term":[{"taxonomy":"product_brand","embeddable":true,"href":"https:\/\/roveyayinevi.com.tr\/index.php\/wp-json\/wp\/v2\/product_brand?post=763172"},{"taxonomy":"product_cat","embeddable":true,"href":"https:\/\/roveyayinevi.com.tr\/index.php\/wp-json\/wp\/v2\/product_cat?post=763172"},{"taxonomy":"product_tag","embeddable":true,"href":"https:\/\/roveyayinevi.com.tr\/index.php\/wp-json\/wp\/v2\/product_tag?post=763172"}],"curies":[{"name":"wp","href":"https:\/\/api.w.org\/{rel}","templated":true}]}}