{"id":763170,"date":"2025-08-28T10:32:30","date_gmt":"2025-08-28T07:32:30","guid":{"rendered":"https:\/\/roveyayinevi.com.tr\/index.php\/urun\/cin-siyasal-dusuncesi-ve-siyasi-tarihi-baglaminda-cin-siyasal-elitleri\/"},"modified":"2026-04-15T03:28:36","modified_gmt":"2026-04-15T00:28:36","slug":"cin-siyasal-dusuncesi-ve-siyasi-tarihi-baglaminda-cin-siyasal-elitleri","status":"publish","type":"product","link":"https:\/\/roveyayinevi.com.tr\/index.php\/urun\/cin-siyasal-dusuncesi-ve-siyasi-tarihi-baglaminda-cin-siyasal-elitleri\/","title":{"rendered":"\u00c7in Siyasal D\u00fc\u015f\u00fcncesi ve Siyasi Tarihi Ba\u011flam\u0131nda \u00c7in Siyasal Elitleri"},"content":{"rendered":"<p>Bu \u00e7al\u0131\u015fma, \u00c7in siyasal d\u00fc\u015f\u00fcnceler tarihi ve siyasi tarih ba\u011flam\u0131nda \u00c7in siyasal elitlerini 1840-1978 y\u0131llar\u0131 aras\u0131nda elit dola\u015f\u0131m\u0131 teorileri e\u015fli\u011finde tart\u0131\u015fmaktad\u0131r. Ayr\u0131ca geleneksel siyasal elit tipinin d\u00f6n\u00fc\u015f\u00fcm\u00fcn\u00fc a\u00e7\u0131klayabilmek i\u00e7in \u00c7in Klasik \u00c7a\u011f\u0131\u2019n\u0131n siyasal elitlerini \u015fekillendiren kurumsal yap\u0131 ve d\u00fc\u015f\u00fcnce okullar\u0131 hakk\u0131nda bilgiler nakledilmi\u015ftir.Elinizdeki kitap, \u00fc\u00e7 ciltlik bir \u00e7al\u0131\u015fma plan\u0131n\u0131n ilk cildidir. \u0130kinci ciltte 1978\u2019den 2011\u2019e, \u00fc\u00e7\u00fcnc\u00fc ciltte ise Xi Jingping D\u00fc\u015f\u00fcncesi ve d\u00f6nemi tart\u0131\u015f\u0131lacakt\u0131r.Ku\u015fak-Yol Giri\u015fimi ba\u015fta olmak \u00fczere, \u00c7in\u2019in k\u00fcresel bir akt\u00f6r olarak b\u00f6lgemizde ve \u00fclkemizde etkinli\u011fini artt\u0131rd\u0131\u011f\u0131 bir d\u00f6nemde \u00c7in siyasal karar al\u0131c\u0131lar\u0131n\u0131 tan\u0131mak, onlar\u0131n d\u00fc\u015f\u00fcnce ve davran\u0131\u015f bi\u00e7imlerini kavramak, siyasal-diplomatik dillerini anlamak ve s\u0131n\u0131rlar\u0131n\u0131 bilmek T\u00fcrkiye\u2019de konunun t\u00fcm siyasal, akademik ve diplomatik muhataplar\u0131 a\u00e7\u0131s\u0131ndan elzemdir. Bu \u00e7al\u0131\u015fma, T\u00fcrkiye\u2019deki \u00c7in ara\u015ft\u0131rmalar\u0131 a\u00e7\u0131s\u0131ndan m\u00fchim bir eksikli\u011fi gidermek i\u00e7in ortaya konmu\u015f bir \u00e7aba ve benzeri \u00e7al\u0131\u015fmalar\u0131 te\u015fvik edecek bir \u00f6nc\u00fc ad\u0131md\u0131r. Elbette tart\u0131\u015f\u0131lan d\u00f6nemlerin her bir alt ba\u015fl\u0131\u011f\u0131ndan onlarca ayr\u0131 \u00e7al\u0131\u015fma yap\u0131labilir. B\u00f6ylelikle uluslararas\u0131 literat\u00fcre de T\u00fcrkiye merkezli \u00f6nemli bir katk\u0131 sunulabilir. Nitekim t\u00fcm ciltler tamamland\u0131\u011f\u0131nda, \u00c7in siyasal elitleri \u00fczerine uluslararas\u0131 literat\u00fcrdeki en kapsaml\u0131 \u00e7al\u0131\u015fma ortaya konmu\u015f olacakt\u0131r.Bu kitapta okuyucu, Osmanl\u0131 \u0130mparatorlu\u011fu ile Qing \u0130mparatorlu\u011fu\u2019nun kapitalist d\u00fcnya ekonomisine eklemlenme s\u00fcreci ve modernle\u015fme \u00e7abalar\u0131 i\u00e7inde siyasal elitlerin d\u00fc\u015f\u00fcnce, tutum ve uygulamalar\u0131n\u0131n mukayeseli tart\u0131\u015fmas\u0131n\u0131 da takip edebilir.<\/p>\n","protected":false},"excerpt":{"rendered":"<p>Bu \u00e7al\u0131\u015fma, \u00c7in siyasal d\u00fc\u015f\u00fcnceler tarihi ve siyasi tarih ba\u011flam\u0131nda \u00c7in siyasal elitlerini 1840-1978 y\u0131llar\u0131 aras\u0131nda elit dola\u015f\u0131m\u0131 teorileri e\u015fli\u011finde tart\u0131\u015fmaktad\u0131r. Ayr\u0131ca geleneksel siyasal elit tipinin<span class=\"excerpt-hellip\"> [\u2026]<\/span><\/p>\n","protected":false},"featured_media":0,"template":"","meta":{"_monsterinsights_skip_tracking":false,"_monsterinsights_sitenote_active":false,"_monsterinsights_sitenote_note":"","_monsterinsights_sitenote_category":0},"product_brand":[],"product_cat":[13590,12337],"product_tag":[],"class_list":{"0":"post-763170","1":"product","2":"type-product","3":"status-publish","5":"product_cat-arastirma-inceleme-politika-siyaset","6":"product_cat-politika-siyaset","7":"pa_cilt-ciltsiz","8":"pa_tur-kitap","9":"pa_yayinevi-kapadokya-universitesi-yayinlari","10":"pa_yazar-can-ulusoy","12":"first","13":"instock","14":"sale","15":"shipping-taxable","16":"purchasable","17":"product-type-simple"},"_links":{"self":[{"href":"https:\/\/roveyayinevi.com.tr\/index.php\/wp-json\/wp\/v2\/product\/763170","targetHints":{"allow":["GET"]}}],"collection":[{"href":"https:\/\/roveyayinevi.com.tr\/index.php\/wp-json\/wp\/v2\/product"}],"about":[{"href":"https:\/\/roveyayinevi.com.tr\/index.php\/wp-json\/wp\/v2\/types\/product"}],"wp:attachment":[{"href":"https:\/\/roveyayinevi.com.tr\/index.php\/wp-json\/wp\/v2\/media?parent=763170"}],"wp:term":[{"taxonomy":"product_brand","embeddable":true,"href":"https:\/\/roveyayinevi.com.tr\/index.php\/wp-json\/wp\/v2\/product_brand?post=763170"},{"taxonomy":"product_cat","embeddable":true,"href":"https:\/\/roveyayinevi.com.tr\/index.php\/wp-json\/wp\/v2\/product_cat?post=763170"},{"taxonomy":"product_tag","embeddable":true,"href":"https:\/\/roveyayinevi.com.tr\/index.php\/wp-json\/wp\/v2\/product_tag?post=763170"}],"curies":[{"name":"wp","href":"https:\/\/api.w.org\/{rel}","templated":true}]}}