{"id":763169,"date":"2025-08-28T10:32:29","date_gmt":"2025-08-28T07:32:29","guid":{"rendered":"https:\/\/roveyayinevi.com.tr\/index.php\/urun\/gastronomi-mirasi-kapadokya-yemekleri\/"},"modified":"2026-04-15T03:28:36","modified_gmt":"2026-04-15T00:28:36","slug":"gastronomi-mirasi-kapadokya-yemekleri","status":"publish","type":"product","link":"https:\/\/roveyayinevi.com.tr\/index.php\/urun\/gastronomi-mirasi-kapadokya-yemekleri\/","title":{"rendered":"Gastronomi Miras\u0131: Kapadokya Yemekleri"},"content":{"rendered":"<p>\u015eefler: Cem Aydo\u011fdu &amp; Melih \u0130\u00e7igenGastronomi Miras\u0131: Kapadokya Yemekleri kitab\u0131n\u0131n ilk taslaklar\u0131 Kapadokya \u00dcniversitesi A\u015f\u00e7\u0131l\u0131k Program\u0131\u2019n\u0131n ilk mezunlar\u0131 taraf\u0131ndan haz\u0131rlanm\u0131\u015ft\u0131. Ama\u00e7 Kapadokya\u2019n\u0131n zengin mutfak k\u00fclt\u00fcr\u00fc ile bu k\u00fclt\u00fcr\u00fc temsil eden gastronomi \u00fcr\u00fcnlerini ya\u015fatmak ve gelecek ku\u015faklara aktarmakt\u0131. Kitapta yer alan yemek re\u00e7eteleri i\u00e7in bir\u00e7ok yaz\u0131l\u0131 ve s\u00f6zl\u00fc kayna\u011f\u0131n yan\u0131nda, Marcus Gavius Apicius: De Re Coquinaria ba\u015fl\u0131kl\u0131 eski bir Roma risalesinden de faydalan\u0131ld\u0131. Y\u0131llar i\u00e7inde olgunla\u015fan tarifler \u015feflerimiz taraf\u0131ndan say\u0131s\u0131z denemelerle tecr\u00fcbe edildi. Kapadokya\u2019ya uygun sofra d\u00fczeni ve yemek g\u00f6rselleri ise okuyucuya daha iyi bir fikir vermek i\u00e7in \u00f6zenle tasarland\u0131.Kapadokya gastronomi miras\u0131n\u0131 kay\u0131t alt\u0131na alan bu kitap b\u00f6lgedeki y\u00fcksek kaliteli i\u015fletmelerin men\u00fclerini olu\u015fturacak ve gastronomi turizminde yeni bir sayfa a\u00e7acak nitelikte bir \u00e7al\u0131\u015fma olarak okuyucular\u0131 ile bulu\u015fuyor. Kapadokya \u00dcniversitesi\u2019nin d\u00fcnya \u00e7ap\u0131nda tan\u0131nan \u015fefleri ve akademisyenleri bu \u00e7al\u0131\u015fmada yer alan tarifleri kullanmak isteyen herkese destek vermekten onur duyacaklard\u0131r.<\/p>\n","protected":false},"excerpt":{"rendered":"<p>\u015eefler: Cem Aydo\u011fdu &amp; Melih \u0130\u00e7igenGastronomi Miras\u0131: Kapadokya Yemekleri kitab\u0131n\u0131n ilk taslaklar\u0131 Kapadokya \u00dcniversitesi A\u015f\u00e7\u0131l\u0131k Program\u0131\u2019n\u0131n ilk mezunlar\u0131 taraf\u0131ndan haz\u0131rlanm\u0131\u015ft\u0131. Ama\u00e7 Kapadokya\u2019n\u0131n zengin mutfak k\u00fclt\u00fcr\u00fc ile<span class=\"excerpt-hellip\"> [\u2026]<\/span><\/p>\n","protected":false},"featured_media":0,"template":"","meta":{"_monsterinsights_skip_tracking":false,"_monsterinsights_sitenote_active":false,"_monsterinsights_sitenote_note":"","_monsterinsights_sitenote_category":0},"product_brand":[],"product_cat":[12457],"product_tag":[],"class_list":{"0":"post-763169","1":"product","2":"type-product","3":"status-publish","5":"product_cat-yemek-kitaplari","6":"pa_cilt-ciltsiz","7":"pa_tur-kitap","8":"pa_yayinevi-kapadokya-universitesi-yayinlari","9":"pa_yazar-kolektif","11":"first","12":"instock","13":"sale","14":"shipping-taxable","15":"purchasable","16":"product-type-simple"},"_links":{"self":[{"href":"https:\/\/roveyayinevi.com.tr\/index.php\/wp-json\/wp\/v2\/product\/763169","targetHints":{"allow":["GET"]}}],"collection":[{"href":"https:\/\/roveyayinevi.com.tr\/index.php\/wp-json\/wp\/v2\/product"}],"about":[{"href":"https:\/\/roveyayinevi.com.tr\/index.php\/wp-json\/wp\/v2\/types\/product"}],"wp:attachment":[{"href":"https:\/\/roveyayinevi.com.tr\/index.php\/wp-json\/wp\/v2\/media?parent=763169"}],"wp:term":[{"taxonomy":"product_brand","embeddable":true,"href":"https:\/\/roveyayinevi.com.tr\/index.php\/wp-json\/wp\/v2\/product_brand?post=763169"},{"taxonomy":"product_cat","embeddable":true,"href":"https:\/\/roveyayinevi.com.tr\/index.php\/wp-json\/wp\/v2\/product_cat?post=763169"},{"taxonomy":"product_tag","embeddable":true,"href":"https:\/\/roveyayinevi.com.tr\/index.php\/wp-json\/wp\/v2\/product_tag?post=763169"}],"curies":[{"name":"wp","href":"https:\/\/api.w.org\/{rel}","templated":true}]}}