{"id":763168,"date":"2025-08-28T10:32:28","date_gmt":"2025-08-28T07:32:28","guid":{"rendered":"https:\/\/roveyayinevi.com.tr\/index.php\/urun\/top-tarikati\/"},"modified":"2026-04-15T03:28:36","modified_gmt":"2026-04-15T00:28:36","slug":"top-tarikati","status":"publish","type":"product","link":"https:\/\/roveyayinevi.com.tr\/index.php\/urun\/top-tarikati\/","title":{"rendered":"Top Tarikat\u0131"},"content":{"rendered":"<p>H\u0130TABE Ey T\u00fcrk Medyas\u0131! Birinci vazifen tuttu\u011fun kul\u00fcb\u00fcn istiklalini ilelebet muhafaza ve m\u00fcdafaa etmek de\u011fildir. K\u00f6\u015feni, program\u0131n\u0131 ilelebet muhafaza ve m\u00fcdafaa etmek hi\u00e7 de\u011fildir. Birinci vazifen T\u00fcrk Cumhuriyeti\u2019ni, T\u00fcrk sporunun istiklalini ilelebet, muhafaza ve m\u00fcdafaa etmektir. Siyasete, siyasilere, spordaki uzant\u0131lar\u0131na kar\u015f\u0131 ilelebet korumakt\u0131r. Mevcudiyetinin ve T\u00fcrk sporunun istikbalinin yeg\u00e2ne temeli budur. Bu temel, senin, en k\u0131ymetli hazinendir. \u0130stikbalde dahi, seni bu hazineden mahrum etmek isteyecek, dahili bedhahlar\u0131n olacakt\u0131r. Bir g\u00fcn, T\u00fcrk sporunun istiklalini m\u00fcdafaa mecburiyetine d\u00fc\u015fersen, vazifeye at\u0131lmak i\u00e7in, i\u00e7inde bulunaca\u011f\u0131n vaziyetin imk\u00e2n ve \u015feraitini d\u00fc\u015f\u00fcnmeyeceksin! Gastedeki k\u00f6\u015feni, tivideki koltu\u011funu kaybetmen gerekse de d\u00fc\u015f\u00fcnmeyeceksin. G\u00fcn\u00fcn birinde k\u00f6\u015femi, koltu\u011fumu verece\u011fime her g\u00fcn ruhumu veririm diye de d\u00fc\u015f\u00fcnmeyeceksin. Bu imk\u00e2n ve \u015ferait, \u00e7ok nam\u00fcsait bir mahiyette tezah\u00fcr edebilir. T\u00fcrk sporunun istiklaline kastedecek insanlar b\u00fct\u00fcn \u00fclkede emsali g\u00f6r\u00fclmemi\u015f bir galibiyetin m\u00fcmessili olabilirler. Sporun b\u00fct\u00fcn kaleleri zapt edilmi\u015f, b\u00fct\u00fcn federasyonlar\u0131na girilmi\u015f ve sporun her k\u00f6\u015fesi bilfiil i\u015fgal edilmi\u015f olabilir. T\u00fcrk sporu fakr-u zaruret i\u00e7inde harap ve bitap d\u00fc\u015fm\u00fc\u015f olabilir. Siyaset liglere, kupaya, yay\u0131na, yoruma her yere girmi\u015f olabilir. Milli ma\u00e7lar mehter e\u015fli\u011finde oynanm\u0131\u015f olabilir. Hatta federasyonlar se\u00e7ilerek de\u011fil, atanarak gelmi\u015f bile olabilir. \u0130\u015fte bu ahval ve \u015ferait i\u00e7inde dahi vazifen, T\u00fcrk sporunu siyasetten kurtarmakt\u0131r! Korumakt\u0131r. Muhta\u00e7 oldu\u011funuz kudret, hepinizin olmasa bile \u201cbi k\u0131sm\u0131n\u0131z\u201d\u0131n damarlar\u0131ndaki asil sportif kanda h\u00e2l\u00e2 mevcuttur! H\u00fcrriyet 20.02.2015<\/p>\n","protected":false},"excerpt":{"rendered":"<p>H\u0130TABE Ey T\u00fcrk Medyas\u0131! Birinci vazifen tuttu\u011fun kul\u00fcb\u00fcn istiklalini ilelebet muhafaza ve m\u00fcdafaa etmek de\u011fildir. K\u00f6\u015feni, program\u0131n\u0131 ilelebet muhafaza ve m\u00fcdafaa etmek hi\u00e7 de\u011fildir. Birinci vazifen<span class=\"excerpt-hellip\"> [\u2026]<\/span><\/p>\n","protected":false},"featured_media":0,"template":"","meta":{"_monsterinsights_skip_tracking":false,"_monsterinsights_sitenote_active":false,"_monsterinsights_sitenote_note":"","_monsterinsights_sitenote_category":0},"product_brand":[],"product_cat":[13590,12337],"product_tag":[],"class_list":{"0":"post-763168","1":"product","2":"type-product","3":"status-publish","5":"product_cat-arastirma-inceleme-politika-siyaset","6":"product_cat-politika-siyaset","7":"pa_cilt-ciltsiz","8":"pa_tur-kitap","9":"pa_yayinevi-kirmizi-kedi-yayinevi","10":"pa_yazar-bilgin-gokberk","12":"first","13":"instock","14":"sale","15":"shipping-taxable","16":"purchasable","17":"product-type-simple"},"_links":{"self":[{"href":"https:\/\/roveyayinevi.com.tr\/index.php\/wp-json\/wp\/v2\/product\/763168","targetHints":{"allow":["GET"]}}],"collection":[{"href":"https:\/\/roveyayinevi.com.tr\/index.php\/wp-json\/wp\/v2\/product"}],"about":[{"href":"https:\/\/roveyayinevi.com.tr\/index.php\/wp-json\/wp\/v2\/types\/product"}],"wp:attachment":[{"href":"https:\/\/roveyayinevi.com.tr\/index.php\/wp-json\/wp\/v2\/media?parent=763168"}],"wp:term":[{"taxonomy":"product_brand","embeddable":true,"href":"https:\/\/roveyayinevi.com.tr\/index.php\/wp-json\/wp\/v2\/product_brand?post=763168"},{"taxonomy":"product_cat","embeddable":true,"href":"https:\/\/roveyayinevi.com.tr\/index.php\/wp-json\/wp\/v2\/product_cat?post=763168"},{"taxonomy":"product_tag","embeddable":true,"href":"https:\/\/roveyayinevi.com.tr\/index.php\/wp-json\/wp\/v2\/product_tag?post=763168"}],"curies":[{"name":"wp","href":"https:\/\/api.w.org\/{rel}","templated":true}]}}