{"id":763167,"date":"2025-08-28T10:32:27","date_gmt":"2025-08-28T07:32:27","guid":{"rendered":"https:\/\/roveyayinevi.com.tr\/index.php\/urun\/turkiyenin-turizm-gelisimi-ve-egilimler\/"},"modified":"2026-04-15T03:28:36","modified_gmt":"2026-04-15T00:28:36","slug":"turkiyenin-turizm-gelisimi-ve-egilimler","status":"publish","type":"product","link":"https:\/\/roveyayinevi.com.tr\/index.php\/urun\/turkiyenin-turizm-gelisimi-ve-egilimler\/","title":{"rendered":"T\u00fcrkiye&#8217;nin Turizm Geli\u015fimi ve E\u011filimler"},"content":{"rendered":"<p>Yap\u0131lan ara\u015ft\u0131rmalar sonucunda altm\u0131\u015ftan fazla sekt\u00f6r\u00fc etkiledi\u011fi bilinen turizm end\u00fcstrisi, bir\u00e7ok \u00fclkede oldu\u011fu gibi \u00fclkemizin de en \u00f6nemli gelir kaynaklar\u0131ndan biridir. \u0130\u00e7inde bulundu\u011fu \u00f6demeler dengesindeki a\u00e7\u0131\u011f\u0131n kapat\u0131lmas\u0131 ve emek-yo\u011fun bir sekt\u00f6r olmas\u0131 sebebiyle i\u015fsizli\u011fin giderilmesindeki katk\u0131s\u0131 bu \u00f6nemini ortaya koymaktad\u0131r. Ayr\u0131ca \u00fclkeye d\u00f6viz girdisini kazand\u0131r\u0131rken, bunu minimum d\u00fczeyde ithalatla ger\u00e7ekle\u015ftirmesi turizm sekt\u00f6r\u00fcn\u00fc ger\u00e7ek \u201cmilli ve yerli\u201d bir sekt\u00f6r konumuna yerle\u015ftirmektedir. Bu sebepledir ki Cumhurba\u015fkanl\u0131\u011f\u0131 taraf\u0131ndan \u201cstratejik sekt\u00f6r\u201d olarak ilan edilmi\u015ftir. T\u00fcrkiye\u2019nin rakip \u00fclkelere g\u00f6re hangi pazarlarda uzmanla\u015fm\u0131\u015f veya uzmanla\u015fmam\u0131\u015f oldu\u011funun bilinmesi ve rekabet avantaj\u0131n\u0131n veya dezavantaj\u0131n\u0131n oldu\u011fu alanlar\u0131n incelenmesi, sekt\u00f6r\u00fcn gelece\u011fini ilgilendiren stratejilerin ve y\u00f6netim anlay\u0131\u015f\u0131n\u0131n belirlenmesi kadar yerel ve merkezi idare taraf\u0131ndan uygulanacak politika ve d\u00fczenlemeler a\u00e7\u0131s\u0131ndan da \u00f6nemlidir. Bu kapsamda, bu kitapta T\u00fcrkiye\u2019nin turizm ve otelcilik sekt\u00f6r geli\u015fimi ve yeni e\u011filimler incelenerek Akdeniz \u00fclkeleri aras\u0131nda de\u011fi\u015fim pay\u0131 analizi ile dinamiklere de\u011finilmi\u015ftir. Di\u011fer \u00fclkeler ve T\u00fcrkiye\u2019nin turizm ba\u011flam\u0131nda hangi \u00fclke pazarlar\u0131nda uzmanla\u015fm\u0131\u015f olup olmad\u0131\u011f\u0131 incelenmi\u015ftir.Bu kitab\u0131n turizm dinamikleri ve e\u011filimleri konular\u0131nda \u00e7al\u0131\u015fan ara\u015ft\u0131rmac\u0131lara kaynak olmas\u0131n\u0131n yan\u0131 s\u0131ra turizm politikas\u0131 ve stratejisi geli\u015ftirenlere ve yerel y\u00f6netimlere rehberlik etmesi ama\u00e7lanm\u0131\u015ft\u0131r.<\/p>\n","protected":false},"excerpt":{"rendered":"<p>Yap\u0131lan ara\u015ft\u0131rmalar sonucunda altm\u0131\u015ftan fazla sekt\u00f6r\u00fc etkiledi\u011fi bilinen turizm end\u00fcstrisi, bir\u00e7ok \u00fclkede oldu\u011fu gibi \u00fclkemizin de en \u00f6nemli gelir kaynaklar\u0131ndan biridir. \u0130\u00e7inde bulundu\u011fu \u00f6demeler dengesindeki a\u00e7\u0131\u011f\u0131n<span class=\"excerpt-hellip\"> [\u2026]<\/span><\/p>\n","protected":false},"featured_media":0,"template":"","meta":{"_monsterinsights_skip_tracking":false,"_monsterinsights_sitenote_active":false,"_monsterinsights_sitenote_note":"","_monsterinsights_sitenote_category":0},"product_brand":[],"product_cat":[12337],"product_tag":[],"class_list":{"0":"post-763167","1":"product","2":"type-product","3":"status-publish","5":"product_cat-politika-siyaset","6":"pa_cilt-ciltsiz","7":"pa_tur-kitap","8":"pa_yayinevi-kapadokya-universitesi-yayinlari","9":"pa_yazar-mehmet-bahar","11":"first","12":"instock","13":"sale","14":"shipping-taxable","15":"purchasable","16":"product-type-simple"},"_links":{"self":[{"href":"https:\/\/roveyayinevi.com.tr\/index.php\/wp-json\/wp\/v2\/product\/763167","targetHints":{"allow":["GET"]}}],"collection":[{"href":"https:\/\/roveyayinevi.com.tr\/index.php\/wp-json\/wp\/v2\/product"}],"about":[{"href":"https:\/\/roveyayinevi.com.tr\/index.php\/wp-json\/wp\/v2\/types\/product"}],"wp:attachment":[{"href":"https:\/\/roveyayinevi.com.tr\/index.php\/wp-json\/wp\/v2\/media?parent=763167"}],"wp:term":[{"taxonomy":"product_brand","embeddable":true,"href":"https:\/\/roveyayinevi.com.tr\/index.php\/wp-json\/wp\/v2\/product_brand?post=763167"},{"taxonomy":"product_cat","embeddable":true,"href":"https:\/\/roveyayinevi.com.tr\/index.php\/wp-json\/wp\/v2\/product_cat?post=763167"},{"taxonomy":"product_tag","embeddable":true,"href":"https:\/\/roveyayinevi.com.tr\/index.php\/wp-json\/wp\/v2\/product_tag?post=763167"}],"curies":[{"name":"wp","href":"https:\/\/api.w.org\/{rel}","templated":true}]}}