{"id":763166,"date":"2025-08-28T10:32:26","date_gmt":"2025-08-28T07:32:26","guid":{"rendered":"https:\/\/roveyayinevi.com.tr\/index.php\/urun\/ucus-notlari\/"},"modified":"2026-04-15T03:28:36","modified_gmt":"2026-04-15T00:28:36","slug":"ucus-notlari","status":"publish","type":"product","link":"https:\/\/roveyayinevi.com.tr\/index.php\/urun\/ucus-notlari\/","title":{"rendered":"U\u00e7u\u015f Notlar\u0131"},"content":{"rendered":"<p>U\u00e7aklarda neler oluyor? Havada neler oluyor? Bu sorular zihnimizi hep me\u015fgul etmi\u015f, cevaplar\u0131n\u0131 merak etmi\u015fizdir. Bu kitapta, genel olarak havac\u0131l\u0131k sekt\u00f6r\u00fc ve u\u00e7aklara y\u00f6nelik merak edilen sorular\u0131n cevab\u0131n\u0131 bulacaks\u0131n\u0131z. Tarihten bug\u00fcne, havac\u0131l\u0131kta d\u00f6n\u00fcm noktas\u0131 olmu\u015f olaylar \u00f6nemli ya da ilgi \u00e7ekici hadiseler de bu kitapta size ula\u015facak. Havac\u0131l\u0131\u011fa ilgi duyanlar ve havada olan biteni merak edenler i\u00e7in bir ba\u015fucu kitab\u0131 niteli\u011finde haz\u0131rlanan bu \u00e7al\u0131\u015fma ile bir\u00e7ok farkl\u0131 bilgiye ula\u015facak, merak etti\u011finiz bir\u00e7ok soruya yan\u0131t bulacaks\u0131n\u0131z.<\/p>\n","protected":false},"excerpt":{"rendered":"<p>U\u00e7aklarda neler oluyor? Havada neler oluyor? Bu sorular zihnimizi hep me\u015fgul etmi\u015f, cevaplar\u0131n\u0131 merak etmi\u015fizdir. Bu kitapta, genel olarak havac\u0131l\u0131k sekt\u00f6r\u00fc ve u\u00e7aklara y\u00f6nelik merak edilen<span class=\"excerpt-hellip\"> [\u2026]<\/span><\/p>\n","protected":false},"featured_media":0,"template":"","meta":{"_monsterinsights_skip_tracking":false,"_monsterinsights_sitenote_active":false,"_monsterinsights_sitenote_note":"","_monsterinsights_sitenote_category":0},"product_brand":[],"product_cat":[13005],"product_tag":[],"class_list":{"0":"post-763166","1":"product","2":"type-product","3":"status-publish","5":"product_cat-bilim-muhendislik","6":"pa_cilt-ciltsiz","7":"pa_tur-kitap","8":"pa_yayinevi-kapadokya-universitesi-yayinlari","9":"pa_yazar-semih-guray","11":"first","12":"instock","13":"sale","14":"shipping-taxable","15":"purchasable","16":"product-type-simple"},"_links":{"self":[{"href":"https:\/\/roveyayinevi.com.tr\/index.php\/wp-json\/wp\/v2\/product\/763166","targetHints":{"allow":["GET"]}}],"collection":[{"href":"https:\/\/roveyayinevi.com.tr\/index.php\/wp-json\/wp\/v2\/product"}],"about":[{"href":"https:\/\/roveyayinevi.com.tr\/index.php\/wp-json\/wp\/v2\/types\/product"}],"wp:attachment":[{"href":"https:\/\/roveyayinevi.com.tr\/index.php\/wp-json\/wp\/v2\/media?parent=763166"}],"wp:term":[{"taxonomy":"product_brand","embeddable":true,"href":"https:\/\/roveyayinevi.com.tr\/index.php\/wp-json\/wp\/v2\/product_brand?post=763166"},{"taxonomy":"product_cat","embeddable":true,"href":"https:\/\/roveyayinevi.com.tr\/index.php\/wp-json\/wp\/v2\/product_cat?post=763166"},{"taxonomy":"product_tag","embeddable":true,"href":"https:\/\/roveyayinevi.com.tr\/index.php\/wp-json\/wp\/v2\/product_tag?post=763166"}],"curies":[{"name":"wp","href":"https:\/\/api.w.org\/{rel}","templated":true}]}}