{"id":763165,"date":"2025-08-28T10:32:25","date_gmt":"2025-08-28T07:32:25","guid":{"rendered":"https:\/\/roveyayinevi.com.tr\/index.php\/urun\/turkiye-rusya-iliskilerinde-enerji\/"},"modified":"2026-04-15T03:28:36","modified_gmt":"2026-04-15T00:28:36","slug":"turkiye-rusya-iliskilerinde-enerji","status":"publish","type":"product","link":"https:\/\/roveyayinevi.com.tr\/index.php\/urun\/turkiye-rusya-iliskilerinde-enerji\/","title":{"rendered":"T\u00fcrkiye-Rusya \u0130li\u015fkilerinde Enerji"},"content":{"rendered":"<p>Bu \u00e7al\u0131\u015fma, 26-28 Eyl\u00fcl 2018 tarihleri aras\u0131nda Kapadokya \u00dcniversitesinin Mustafapa\u015fa yerle\u015fkesinde Ankara Politikalar Merkezi (APM), Rusya Stratejik Ara\u015ft\u0131rmalar Enstit\u00fcs\u00fc (Ros- siyskiy \u0130nstitut Strategi\u00e7eskih \u0130ssledovaniy \u2013 R\u0130S\u0130) ve Kapadokya \u00dcniversitesi (K\u00dcN) i\u015f birli\u011fi ile ger\u00e7ekle\u015ftirilen \u00e7al\u0131\u015ftay\u0131n notlar\u0131n\u0131n derlenmesi ile haz\u0131rlanm\u0131\u015ft\u0131r. \u00c7al\u0131\u015ftay, T\u00fcrkiye ile Rusya aras\u0131ndaki ili\u015fkiler \u00e7er\u00e7evesinde, T\u00fcrkiye, Rusya ve Ortado\u011fu\u2019da enerji alan\u0131nda i\u015f birlikleri, sorun alanlar\u0131, g\u00fcncel meseleler ve gelece\u011fe dair de\u011ferlendirmeler \u00fczerine kurulu konu\u015fma ve sunumlardan olu\u015fmu\u015ftur. \u00d6zellikle son y\u0131llarda, Arap Bahar\u0131n\u0131 takip eden s\u00fcre\u00e7te T\u00fcrkiye\u2019yi de i\u00e7ine alan ve Rusya d\u00e2hil d\u00fcnyadaki t\u00fcm \u00fclkeleri ilgilendiren Ortado\u011fu b\u00f6lgesinde ya\u015fanan geli\u015fmeler, siyasi krizler ve sava\u015flar, bu b\u00f6lgede enerji meselelerinin \u00f6nemini art\u0131rd\u0131. B\u00f6lgenin gelece\u011finin belirlenmesinde, Rusya ve T\u00fcrkiye aras\u0131nda ya\u015fanan diplomatik ve siyasi krizlerin ard\u0131ndan h\u0131zla geli\u015fen ikili ili\u015fkilerin ve i\u015f birli\u011fi ortam\u0131n\u0131n etkisinin b\u00fcy\u00fck olaca\u011f\u0131 \u015f\u00fcphesizdir.<\/p>\n","protected":false},"excerpt":{"rendered":"<p>Bu \u00e7al\u0131\u015fma, 26-28 Eyl\u00fcl 2018 tarihleri aras\u0131nda Kapadokya \u00dcniversitesinin Mustafapa\u015fa yerle\u015fkesinde Ankara Politikalar Merkezi (APM), Rusya Stratejik Ara\u015ft\u0131rmalar Enstit\u00fcs\u00fc (Ros- siyskiy \u0130nstitut Strategi\u00e7eskih \u0130ssledovaniy \u2013 R\u0130S\u0130)<span class=\"excerpt-hellip\"> [\u2026]<\/span><\/p>\n","protected":false},"featured_media":0,"template":"","meta":{"_monsterinsights_skip_tracking":false,"_monsterinsights_sitenote_active":false,"_monsterinsights_sitenote_note":"","_monsterinsights_sitenote_category":0},"product_brand":[],"product_cat":[12337,17225],"product_tag":[],"class_list":{"0":"post-763165","1":"product","2":"type-product","3":"status-publish","5":"product_cat-politika-siyaset","6":"product_cat-uluslararasi-iliskiler","7":"pa_cilt-ciltsiz","8":"pa_tur-kitap","9":"pa_yayinevi-kapadokya-universitesi-yayinlari","10":"pa_yazar-kolektif","12":"first","13":"instock","14":"sale","15":"shipping-taxable","16":"purchasable","17":"product-type-simple"},"_links":{"self":[{"href":"https:\/\/roveyayinevi.com.tr\/index.php\/wp-json\/wp\/v2\/product\/763165","targetHints":{"allow":["GET"]}}],"collection":[{"href":"https:\/\/roveyayinevi.com.tr\/index.php\/wp-json\/wp\/v2\/product"}],"about":[{"href":"https:\/\/roveyayinevi.com.tr\/index.php\/wp-json\/wp\/v2\/types\/product"}],"wp:attachment":[{"href":"https:\/\/roveyayinevi.com.tr\/index.php\/wp-json\/wp\/v2\/media?parent=763165"}],"wp:term":[{"taxonomy":"product_brand","embeddable":true,"href":"https:\/\/roveyayinevi.com.tr\/index.php\/wp-json\/wp\/v2\/product_brand?post=763165"},{"taxonomy":"product_cat","embeddable":true,"href":"https:\/\/roveyayinevi.com.tr\/index.php\/wp-json\/wp\/v2\/product_cat?post=763165"},{"taxonomy":"product_tag","embeddable":true,"href":"https:\/\/roveyayinevi.com.tr\/index.php\/wp-json\/wp\/v2\/product_tag?post=763165"}],"curies":[{"name":"wp","href":"https:\/\/api.w.org\/{rel}","templated":true}]}}