{"id":763164,"date":"2025-08-28T10:32:23","date_gmt":"2025-08-28T07:32:23","guid":{"rendered":"https:\/\/roveyayinevi.com.tr\/index.php\/urun\/tibbi-goruntuleme-teknikleri-uygulama-kitabi\/"},"modified":"2026-04-15T03:28:36","modified_gmt":"2026-04-15T00:28:36","slug":"tibbi-goruntuleme-teknikleri-uygulama-kitabi","status":"publish","type":"product","link":"https:\/\/roveyayinevi.com.tr\/index.php\/urun\/tibbi-goruntuleme-teknikleri-uygulama-kitabi\/","title":{"rendered":"T\u0131bbi G\u00f6r\u00fcnt\u00fcleme Teknikleri Uygulama Kitab\u0131"},"content":{"rendered":"<p>T\u0131bbi G\u00f6r\u00fcnt\u00fcleme Teknikleri Uygulama Kitab\u0131 ile \u00f6\u011frencilerin; Anatomi, Radyografi Pozisyonlar\u0131, Radyasyondan Korunma ve benzeri derslerinde ald\u0131klar\u0131 teorik bilgilerin g\u00f6rseller ve anahtar sorular yoluyla desteklenerek \u00f6\u011frenmenin kolayla\u015ft\u0131r\u0131lmas\u0131, peki\u015ftirilmesi ve kal\u0131c\u0131l\u0131\u011f\u0131n\u0131n artt\u0131r\u0131lmas\u0131 ama\u00e7lanm\u0131\u015ft\u0131r. Alman fizik\u00e7i Wilhelm Conrad R\u00f6ntgen\u2019in 1895 y\u0131l\u0131nda ke\u015ffetti\u011fi x-\u0131\u015f\u0131nlar\u0131n\u0131n sa\u011fl\u0131k alan\u0131nda kullan\u0131m\u0131 ile v\u00fccut bulan radyografi, t\u0131bb\u0131n g\u00f6ren g\u00f6z\u00fc olarak tan\u0131mlanan radyolojinin temelini olu\u015fturur. G\u00fcn\u00fcm\u00fcz t\u0131p teknolojisinde ileri g\u00f6r\u00fcnt\u00fcleme teknikleri, gerek iyi yeti\u015fmi\u015f kalifiye t\u0131bbi g\u00f6r\u00fcnt\u00fcleme teknikerlerinin i\u015f disiplini gerekse h\u0131zl\u0131 ve d\u00fc\u015f\u00fck maliyetle elde edilen radyografik tetkiklerin etkisiyle, t\u0131bbi ama\u00e7l\u0131 elde edilen g\u00f6r\u00fcnt\u00fclerin olduk\u00e7a b\u00fcy\u00fck bir b\u00f6l\u00fcm\u00fcn\u00fc olu\u015fturur. Bu kitapta, \u00f6\u011frencilerin x-\u0131\u015f\u0131nlar\u0131 yoluyla grafi elde ederlerken \u201cneyi, neden, nas\u0131l\u201d sorular\u0131n\u0131 cevaplayabilmeleri hedeflenmi\u015ftir.  Kitab\u0131n kapsad\u0131\u011f\u0131 anatomik bilgiler sayesinde neyin g\u00f6r\u00fcnt\u00fclenece\u011fi, radyografilerin \u00e7ekilme amac\u0131 ile neden g\u00f6r\u00fcnt\u00fclenece\u011fi ve radyografi pozisyonland\u0131rmalar\u0131 ile tetkikin nas\u0131l \u00e7ekilece\u011fi tan\u0131mlanmaktad\u0131r. Bu kitap ile sa\u011flanacak kazan\u0131mlar yoluyla \u00f6\u011frencilerin gerek \u00f6\u011frenimleri s\u0131ras\u0131nda gerekse mesleki ya\u015famlar\u0131nda ba\u015far\u0131l\u0131 birer t\u0131bbi g\u00f6r\u00fcnt\u00fcleme teknikeri olmalar\u0131 hedeflenmektedir.<\/p>\n","protected":false},"excerpt":{"rendered":"<p>T\u0131bbi G\u00f6r\u00fcnt\u00fcleme Teknikleri Uygulama Kitab\u0131 ile \u00f6\u011frencilerin; Anatomi, Radyografi Pozisyonlar\u0131, Radyasyondan Korunma ve benzeri derslerinde ald\u0131klar\u0131 teorik bilgilerin g\u00f6rseller ve anahtar sorular yoluyla desteklenerek \u00f6\u011frenmenin kolayla\u015ft\u0131r\u0131lmas\u0131,<span class=\"excerpt-hellip\"> [\u2026]<\/span><\/p>\n","protected":false},"featured_media":0,"template":"","meta":{"_monsterinsights_skip_tracking":false,"_monsterinsights_sitenote_active":false,"_monsterinsights_sitenote_note":"","_monsterinsights_sitenote_category":0},"product_brand":[],"product_cat":[13365],"product_tag":[],"class_list":{"0":"post-763164","1":"product","2":"type-product","3":"status-publish","5":"product_cat-saglik","6":"pa_cilt-ciltsiz","7":"pa_tur-kitap","8":"pa_yayinevi-kapadokya-universitesi-yayinlari","9":"pa_yazar-ercan-turerer","11":"first","12":"instock","13":"sale","14":"shipping-taxable","15":"purchasable","16":"product-type-simple"},"_links":{"self":[{"href":"https:\/\/roveyayinevi.com.tr\/index.php\/wp-json\/wp\/v2\/product\/763164","targetHints":{"allow":["GET"]}}],"collection":[{"href":"https:\/\/roveyayinevi.com.tr\/index.php\/wp-json\/wp\/v2\/product"}],"about":[{"href":"https:\/\/roveyayinevi.com.tr\/index.php\/wp-json\/wp\/v2\/types\/product"}],"wp:attachment":[{"href":"https:\/\/roveyayinevi.com.tr\/index.php\/wp-json\/wp\/v2\/media?parent=763164"}],"wp:term":[{"taxonomy":"product_brand","embeddable":true,"href":"https:\/\/roveyayinevi.com.tr\/index.php\/wp-json\/wp\/v2\/product_brand?post=763164"},{"taxonomy":"product_cat","embeddable":true,"href":"https:\/\/roveyayinevi.com.tr\/index.php\/wp-json\/wp\/v2\/product_cat?post=763164"},{"taxonomy":"product_tag","embeddable":true,"href":"https:\/\/roveyayinevi.com.tr\/index.php\/wp-json\/wp\/v2\/product_tag?post=763164"}],"curies":[{"name":"wp","href":"https:\/\/api.w.org\/{rel}","templated":true}]}}