{"id":763161,"date":"2025-08-28T10:32:20","date_gmt":"2025-08-28T07:32:20","guid":{"rendered":"https:\/\/roveyayinevi.com.tr\/index.php\/urun\/tasrada-kent-ve-aydin-bursa-ornegi-1930-1950\/"},"modified":"2026-04-15T03:28:36","modified_gmt":"2026-04-15T00:28:36","slug":"tasrada-kent-ve-aydin-bursa-ornegi-1930-1950","status":"publish","type":"product","link":"https:\/\/roveyayinevi.com.tr\/index.php\/urun\/tasrada-kent-ve-aydin-bursa-ornegi-1930-1950\/","title":{"rendered":"Ta\u015frada Kent ve Ayd\u0131n Bursa \u00d6rne\u011fi (1930-1950)"},"content":{"rendered":"<p>Bursa \u00f6rne\u011fi \u00fczerinden ta\u015frada kent ve ayd\u0131n ili\u015fkisini bir zaman kesitinden tart\u0131\u015fan bu \u00e7al\u0131\u015fma; elit dola\u015f\u0131m\u0131 teorileri, elit ve ayd\u0131n kavramlar\u0131, mek\u00e2n \u00fczerinden y\u00fcr\u00fct\u00fclen siyasal-k\u00fclt\u00fcrel tart\u0131\u015fmalar\u0131, siyasal muhayyileler \u00fczerinden \u015fekillenen toplumsal haf\u0131za in\u015f\u00e2 s\u00fcre\u00e7leri ve tarih yaz\u0131m\u0131 gibi, sosyal bilimlerle me\u015fgul olan ara\u015ft\u0131rmac\u0131lar\u0131n ve bu alanlara ilgi duyan okuyucunun ba\u015fucu kitab\u0131 olarak de\u011ferlendirebilece\u011fi bir kaynakt\u0131r. Yazar, bu kavram ve teorileri, tarihsel zemin ve zaman\u0131n ruhu i\u00e7inde, yap\u0131lar ve failler aras\u0131ndaki ili\u015fkileri sorgulayarak somutla\u015ft\u0131rmak istemi\u015ftir. Bu nedenle okuyucunun dikkatine sunulan \u00e7al\u0131\u015fman\u0131n ba\u015fl\u0131\u011f\u0131n\u0131n zaman ve mek\u00e2n s\u0131n\u0131r\u0131n\u0131n, post-modern anlay\u0131\u015f\u0131n minimalist ve mikro-tarih\u00e7i bak\u0131\u015f\u0131n\u0131n bir yans\u0131mas\u0131 olarak d\u00fc\u015f\u00fcn\u00fclmemesi gerekti\u011fini, yap\u0131salc\u0131-tarihselci bir metotla somut bir d\u00fczlemden hareket edildi\u011fini vurgulamak \u015fartt\u0131r. Bu a\u00e7\u0131dan elinizdeki \u00e7al\u0131\u015fma; siyasal k\u00fclt\u00fcr, T\u00fcrk siyasal hayat\u0131, siyaset bilimi, kentle\u015fme ve mimarl\u0131k tarihi konular\u0131yla ilgilenenler ba\u015fta olmak \u00fczere b\u00fct\u00fcn sosyal bilimcilerin dikkatine sunulmu\u015ftur.<\/p>\n","protected":false},"excerpt":{"rendered":"<p>Bursa \u00f6rne\u011fi \u00fczerinden ta\u015frada kent ve ayd\u0131n ili\u015fkisini bir zaman kesitinden tart\u0131\u015fan bu \u00e7al\u0131\u015fma; elit dola\u015f\u0131m\u0131 teorileri, elit ve ayd\u0131n kavramlar\u0131, mek\u00e2n \u00fczerinden y\u00fcr\u00fct\u00fclen siyasal-k\u00fclt\u00fcrel tart\u0131\u015fmalar\u0131,<span class=\"excerpt-hellip\"> [\u2026]<\/span><\/p>\n","protected":false},"featured_media":0,"template":"","meta":{"_monsterinsights_skip_tracking":false,"_monsterinsights_sitenote_active":false,"_monsterinsights_sitenote_note":"","_monsterinsights_sitenote_category":0},"product_brand":[],"product_cat":[12337],"product_tag":[],"class_list":{"0":"post-763161","1":"product","2":"type-product","3":"status-publish","5":"product_cat-politika-siyaset","6":"pa_cilt-ciltsiz","7":"pa_tur-kitap","8":"pa_yayinevi-kapadokya-universitesi-yayinlari","9":"pa_yazar-can-ulusoy","11":"first","12":"instock","13":"sale","14":"shipping-taxable","15":"purchasable","16":"product-type-simple"},"_links":{"self":[{"href":"https:\/\/roveyayinevi.com.tr\/index.php\/wp-json\/wp\/v2\/product\/763161","targetHints":{"allow":["GET"]}}],"collection":[{"href":"https:\/\/roveyayinevi.com.tr\/index.php\/wp-json\/wp\/v2\/product"}],"about":[{"href":"https:\/\/roveyayinevi.com.tr\/index.php\/wp-json\/wp\/v2\/types\/product"}],"wp:attachment":[{"href":"https:\/\/roveyayinevi.com.tr\/index.php\/wp-json\/wp\/v2\/media?parent=763161"}],"wp:term":[{"taxonomy":"product_brand","embeddable":true,"href":"https:\/\/roveyayinevi.com.tr\/index.php\/wp-json\/wp\/v2\/product_brand?post=763161"},{"taxonomy":"product_cat","embeddable":true,"href":"https:\/\/roveyayinevi.com.tr\/index.php\/wp-json\/wp\/v2\/product_cat?post=763161"},{"taxonomy":"product_tag","embeddable":true,"href":"https:\/\/roveyayinevi.com.tr\/index.php\/wp-json\/wp\/v2\/product_tag?post=763161"}],"curies":[{"name":"wp","href":"https:\/\/api.w.org\/{rel}","templated":true}]}}