{"id":763159,"date":"2025-08-28T10:32:18","date_gmt":"2025-08-28T07:32:18","guid":{"rendered":"https:\/\/roveyayinevi.com.tr\/index.php\/urun\/saglik-mesleginde-temel-teknikler-uygulama-kitabi\/"},"modified":"2026-04-15T03:28:36","modified_gmt":"2026-04-15T00:28:36","slug":"saglik-mesleginde-temel-teknikler-uygulama-kitabi","status":"publish","type":"product","link":"https:\/\/roveyayinevi.com.tr\/index.php\/urun\/saglik-mesleginde-temel-teknikler-uygulama-kitabi\/","title":{"rendered":"Sa\u011fl\u0131k Mesle\u011finde Temel Teknikler Uygulama Kitab\u0131"},"content":{"rendered":"<p>G\u00fcn\u00fcm\u00fcz \u015fartlar\u0131nda ihtiya\u00e7 duyulan bilgiye ula\u015fma yollar\u0131 her ne kadar artsa da meslek\u00ee e\u011fitimi esas alan bilim dallar\u0131nda bilginin beceriye d\u00f6n\u00fc\u015fmesini sa\u011flamak temel ama\u00e7t\u0131r. Dolay\u0131s\u0131yla Sa\u011fl\u0131k Mesle\u011finde Temel Teknikler Uygulama Kitab\u0131, \u00f6n lisans sa\u011fl\u0131k programlar\u0131nda teknikerlik e\u011fitimi alan \u00f6\u011frencilerin alanlar\u0131na \u00f6zg\u00fc yetkin birer meslek sahibi olabilmelerine katk\u0131 sa\u011flamak amac\u0131yla haz\u0131rlanm\u0131\u015f olup; \u00f6\u011frencilerin laboratuvar derslerinde kazanacaklar\u0131 temel beceri ve uygulamalar kapsam\u0131nda yer alan invaziv-noninvaziv giri\u015fimlerin kontrol listelerinde tan\u0131mlanan s\u0131ral\u0131 i\u015flem basamaklar\u0131 yoluyla do\u011fru, eksiksiz ve s\u00fcrekli ayn\u0131 \u015fekilde yap\u0131lan i\u015flemler formunda kazanmalar\u0131n\u0131, b\u00f6ylece hedeflenen i\u015flemlerde ustala\u015fm\u0131\u015f beceri d\u00fczeyine ula\u015fmalar\u0131n\u0131 ama\u00e7lamaktad\u0131r Sa\u011fl\u0131k Teknikerlerinin meslek hayatlar\u0131 boyunca kullanmalar\u0131 gereken muayene ve tedavi ama\u00e7l\u0131 pozisyon uygulamalar\u0131, asepsi teknikleri, ya\u015fam bulgular\u0131n\u0131 \u00f6l\u00e7me i\u015flemleri ve invaziv giri\u015fimleri i\u00e7eren bu beceri e\u011fitimi kitab\u0131, \u00f6\u011frencilerin hem uygulamal\u0131 laboratuvar derslerinde hem de i\u015f hayatlar\u0131nda k\u0131lavuz olarak yararlanabilecekleri bir kaynakt\u0131r.<\/p>\n","protected":false},"excerpt":{"rendered":"<p>G\u00fcn\u00fcm\u00fcz \u015fartlar\u0131nda ihtiya\u00e7 duyulan bilgiye ula\u015fma yollar\u0131 her ne kadar artsa da meslek\u00ee e\u011fitimi esas alan bilim dallar\u0131nda bilginin beceriye d\u00f6n\u00fc\u015fmesini sa\u011flamak temel ama\u00e7t\u0131r. Dolay\u0131s\u0131yla Sa\u011fl\u0131k<span class=\"excerpt-hellip\"> [\u2026]<\/span><\/p>\n","protected":false},"featured_media":0,"template":"","meta":{"_monsterinsights_skip_tracking":false,"_monsterinsights_sitenote_active":false,"_monsterinsights_sitenote_note":"","_monsterinsights_sitenote_category":0},"product_brand":[],"product_cat":[13365],"product_tag":[],"class_list":{"0":"post-763159","1":"product","2":"type-product","3":"status-publish","5":"product_cat-saglik","6":"pa_cilt-ciltsiz","7":"pa_tur-kitap","8":"pa_yayinevi-kapadokya-universitesi-yayinlari","9":"pa_yazar-semra-sariay","11":"first","12":"instock","13":"sale","14":"shipping-taxable","15":"purchasable","16":"product-type-simple"},"_links":{"self":[{"href":"https:\/\/roveyayinevi.com.tr\/index.php\/wp-json\/wp\/v2\/product\/763159","targetHints":{"allow":["GET"]}}],"collection":[{"href":"https:\/\/roveyayinevi.com.tr\/index.php\/wp-json\/wp\/v2\/product"}],"about":[{"href":"https:\/\/roveyayinevi.com.tr\/index.php\/wp-json\/wp\/v2\/types\/product"}],"wp:attachment":[{"href":"https:\/\/roveyayinevi.com.tr\/index.php\/wp-json\/wp\/v2\/media?parent=763159"}],"wp:term":[{"taxonomy":"product_brand","embeddable":true,"href":"https:\/\/roveyayinevi.com.tr\/index.php\/wp-json\/wp\/v2\/product_brand?post=763159"},{"taxonomy":"product_cat","embeddable":true,"href":"https:\/\/roveyayinevi.com.tr\/index.php\/wp-json\/wp\/v2\/product_cat?post=763159"},{"taxonomy":"product_tag","embeddable":true,"href":"https:\/\/roveyayinevi.com.tr\/index.php\/wp-json\/wp\/v2\/product_tag?post=763159"}],"curies":[{"name":"wp","href":"https:\/\/api.w.org\/{rel}","templated":true}]}}