{"id":763157,"date":"2025-08-28T10:32:15","date_gmt":"2025-08-28T07:32:15","guid":{"rendered":"https:\/\/roveyayinevi.com.tr\/index.php\/urun\/radyografik-anatomi\/"},"modified":"2026-04-15T03:28:36","modified_gmt":"2026-04-15T00:28:36","slug":"radyografik-anatomi","status":"publish","type":"product","link":"https:\/\/roveyayinevi.com.tr\/index.php\/urun\/radyografik-anatomi\/","title":{"rendered":"Radyografik Anatomi"},"content":{"rendered":"<p>Radyografik Anatomi, ba\u015fta T\u0131bbi G\u00f6r\u00fcnt\u00fcleme Teknikleri programlar\u0131nda okuyan meslek y\u00fcksekokulu \u00f6\u011frencilerinin Radyolojik Anatomi ve benzeri derslerinde kullan\u0131lmas\u0131 hedefiyle haz\u0131rlanm\u0131\u015ft\u0131r. Kitapta, T\u00fcrkiye\u2019de yayg\u0131n m\u00fcfredata uygun olarak; kafa ve y\u00fcz radyografileri, akci\u011fer radyografileri, \u00fcst ve alt ekstremite radyografileri, sindirim sistemi radyografileri, \u00fcrogenital sistem radyografileri, g\u00f6vde radyografileri, vertebra radyografileri, mamografi, serebral ve boyun angiografileri, toraks ve abdominal angiografi, \u00fcst ve alt ekstremite angiografilerinde anatomik yap\u0131lar tan\u0131t\u0131lm\u0131\u015ft\u0131r. \u00d6\u011frencilerin ve radyoloji merakl\u0131lar\u0131n\u0131n \u00f6ncelikle bilmesi gereken bilgiler sade ve yal\u0131n bir \u00fcslupla okuyuculara sunulmu\u015ftur. \u00d6\u011frenmeyi zevkli hale getirmek ve \u00e7al\u0131\u015fmay\u0131 \u00f6zendirmek amac\u0131yla \u00e7ok say\u0131da g\u00f6rselden faydalan\u0131lm\u0131\u015ft\u0131r. G\u00f6rseller \u00fczerinden tan\u0131mlay\u0131c\u0131 bilgilerin sunulmas\u0131n\u0131 takiben, \u00e7oktan se\u00e7meli testler ile kazan\u0131mlar\u0131n peki\u015ftirilmesi ama\u00e7lanm\u0131\u015ft\u0131r. Radyografik Anatomi, ba\u015fta sa\u011fl\u0131k meslek y\u00fcksekokulu \u00f6\u011frencileri olmak \u00fczere radyolojiye ilgi duyan t\u00fcm okuyuculara hitap etmektedir.<\/p>\n","protected":false},"excerpt":{"rendered":"<p>Radyografik Anatomi, ba\u015fta T\u0131bbi G\u00f6r\u00fcnt\u00fcleme Teknikleri programlar\u0131nda okuyan meslek y\u00fcksekokulu \u00f6\u011frencilerinin Radyolojik Anatomi ve benzeri derslerinde kullan\u0131lmas\u0131 hedefiyle haz\u0131rlanm\u0131\u015ft\u0131r. Kitapta, T\u00fcrkiye\u2019de yayg\u0131n m\u00fcfredata uygun olarak; kafa<span class=\"excerpt-hellip\"> [\u2026]<\/span><\/p>\n","protected":false},"featured_media":0,"template":"","meta":{"_monsterinsights_skip_tracking":false,"_monsterinsights_sitenote_active":false,"_monsterinsights_sitenote_note":"","_monsterinsights_sitenote_category":0},"product_brand":[],"product_cat":[13365],"product_tag":[],"class_list":{"0":"post-763157","1":"product","2":"type-product","3":"status-publish","5":"product_cat-saglik","6":"pa_cilt-ciltsiz","7":"pa_tur-kitap","8":"pa_yayinevi-kapadokya-universitesi-yayinlari","9":"pa_yazar-saban-tiryaki","11":"first","12":"instock","13":"sale","14":"shipping-taxable","15":"purchasable","16":"product-type-simple"},"_links":{"self":[{"href":"https:\/\/roveyayinevi.com.tr\/index.php\/wp-json\/wp\/v2\/product\/763157","targetHints":{"allow":["GET"]}}],"collection":[{"href":"https:\/\/roveyayinevi.com.tr\/index.php\/wp-json\/wp\/v2\/product"}],"about":[{"href":"https:\/\/roveyayinevi.com.tr\/index.php\/wp-json\/wp\/v2\/types\/product"}],"wp:attachment":[{"href":"https:\/\/roveyayinevi.com.tr\/index.php\/wp-json\/wp\/v2\/media?parent=763157"}],"wp:term":[{"taxonomy":"product_brand","embeddable":true,"href":"https:\/\/roveyayinevi.com.tr\/index.php\/wp-json\/wp\/v2\/product_brand?post=763157"},{"taxonomy":"product_cat","embeddable":true,"href":"https:\/\/roveyayinevi.com.tr\/index.php\/wp-json\/wp\/v2\/product_cat?post=763157"},{"taxonomy":"product_tag","embeddable":true,"href":"https:\/\/roveyayinevi.com.tr\/index.php\/wp-json\/wp\/v2\/product_tag?post=763157"}],"curies":[{"name":"wp","href":"https:\/\/api.w.org\/{rel}","templated":true}]}}