{"id":763156,"date":"2025-08-28T10:32:14","date_gmt":"2025-08-28T07:32:14","guid":{"rendered":"https:\/\/roveyayinevi.com.tr\/index.php\/urun\/psikolojiye-genel-bakis\/"},"modified":"2026-04-15T03:28:36","modified_gmt":"2026-04-15T00:28:36","slug":"psikolojiye-genel-bakis","status":"publish","type":"product","link":"https:\/\/roveyayinevi.com.tr\/index.php\/urun\/psikolojiye-genel-bakis\/","title":{"rendered":"Psikolojiye Genel Bak\u0131\u015f"},"content":{"rendered":"<p>Ba\u015fl\u0131ca amac\u0131 Sa\u011fl\u0131k Meslek Y\u00fcksekokullar\u0131nda e\u011fitim alan \u00f6\u011frencilere Psikoloji bilimini genel hatlar\u0131yla tan\u0131tmak olan bu kitap, okuruna yaln\u0131zca zengin bir i\u00e7erik sunmakla s\u0131n\u0131rl\u0131 kalmay\u0131p ayn\u0131 zamanda g\u00fcndelik hayatta kar\u015f\u0131la\u015f\u0131lan ruhsal sorunlar hakk\u0131nda kapsaml\u0131 bilgiler edinme olana\u011f\u0131 da sa\u011flamaktad\u0131r. Bu nedenle hem Psikoloji bilimine ili\u015fkin derslerde yard\u0131mc\u0131 kayna\u011fa ihtiya\u00e7 duyan \u00fcniversite ve meslek y\u00fcksekokulu \u00f6\u011frencilerine hem de alana y\u00f6nelik bilgisini geni\u015fletmek ve benli\u011fini anlamak isteyen okurlara hitap etmektedir.Psikoloji biliminin \u00f6nemli kuramc\u0131lar\u0131n\u0131n \u00e7al\u0131\u015fmalar\u0131 ve g\u00fcncel yay\u0131nlardan yararlan\u0131larak haz\u0131rlanan kitapta, kolay anla\u015f\u0131l\u0131r bir \u00fcslup benimsenirken verilen bilgiler i\u00e7eri\u011fi zenginle\u015ftirici \u00e7e\u015fitli g\u00f6rsellerle desteklenmi\u015ftir.<\/p>\n","protected":false},"excerpt":{"rendered":"<p>Ba\u015fl\u0131ca amac\u0131 Sa\u011fl\u0131k Meslek Y\u00fcksekokullar\u0131nda e\u011fitim alan \u00f6\u011frencilere Psikoloji bilimini genel hatlar\u0131yla tan\u0131tmak olan bu kitap, okuruna yaln\u0131zca zengin bir i\u00e7erik sunmakla s\u0131n\u0131rl\u0131 kalmay\u0131p ayn\u0131 zamanda<span class=\"excerpt-hellip\"> [\u2026]<\/span><\/p>\n","protected":false},"featured_media":0,"template":"","meta":{"_monsterinsights_skip_tracking":false,"_monsterinsights_sitenote_active":false,"_monsterinsights_sitenote_note":"","_monsterinsights_sitenote_category":0},"product_brand":[],"product_cat":[12357],"product_tag":[],"class_list":{"0":"post-763156","1":"product","2":"type-product","3":"status-publish","5":"product_cat-psikoloji","6":"pa_cilt-ciltsiz","7":"pa_tur-kitap","8":"pa_yayinevi-kapadokya-universitesi-yayinlari","9":"pa_yazar-demet-vadi","11":"first","12":"instock","13":"sale","14":"shipping-taxable","15":"purchasable","16":"product-type-simple"},"_links":{"self":[{"href":"https:\/\/roveyayinevi.com.tr\/index.php\/wp-json\/wp\/v2\/product\/763156","targetHints":{"allow":["GET"]}}],"collection":[{"href":"https:\/\/roveyayinevi.com.tr\/index.php\/wp-json\/wp\/v2\/product"}],"about":[{"href":"https:\/\/roveyayinevi.com.tr\/index.php\/wp-json\/wp\/v2\/types\/product"}],"wp:attachment":[{"href":"https:\/\/roveyayinevi.com.tr\/index.php\/wp-json\/wp\/v2\/media?parent=763156"}],"wp:term":[{"taxonomy":"product_brand","embeddable":true,"href":"https:\/\/roveyayinevi.com.tr\/index.php\/wp-json\/wp\/v2\/product_brand?post=763156"},{"taxonomy":"product_cat","embeddable":true,"href":"https:\/\/roveyayinevi.com.tr\/index.php\/wp-json\/wp\/v2\/product_cat?post=763156"},{"taxonomy":"product_tag","embeddable":true,"href":"https:\/\/roveyayinevi.com.tr\/index.php\/wp-json\/wp\/v2\/product_tag?post=763156"}],"curies":[{"name":"wp","href":"https:\/\/api.w.org\/{rel}","templated":true}]}}