{"id":763155,"date":"2025-08-28T10:32:12","date_gmt":"2025-08-28T07:32:12","guid":{"rendered":"https:\/\/roveyayinevi.com.tr\/index.php\/urun\/patoloji-ve-histoloji-laboratuvari-uygulama-kitabi\/"},"modified":"2026-04-15T03:28:36","modified_gmt":"2026-04-15T00:28:36","slug":"patoloji-ve-histoloji-laboratuvari-uygulama-kitabi","status":"publish","type":"product","link":"https:\/\/roveyayinevi.com.tr\/index.php\/urun\/patoloji-ve-histoloji-laboratuvari-uygulama-kitabi\/","title":{"rendered":"Patoloji ve Histoloji Laboratuvar\u0131 Uygulama Kitab\u0131"},"content":{"rendered":"<p>Patoloji ve Histoloji Laboratuvar\u0131 Uygulama Kitab\u0131, temelde \u00fcniversitelerin Patoloji Laboratuvar Teknikleri program\u0131nda okuyan \u00f6\u011frenciler i\u00e7in haz\u0131rlanm\u0131\u015ft\u0131r. Patoloji laboratuvar\u0131 uygulamalar\u0131nda s\u0131k kullan\u0131lan takip ve boyama y\u00f6ntemleri, takip a\u015famalar\u0131nda ortaya \u00e7\u0131kan hatalar ve bu hatalar\u0131n giderilmesine y\u00f6nelik pratik \u00e7\u00f6z\u00fcmlerin yan\u0131 s\u0131ra pek \u00e7ok farkl\u0131 uygulaman\u0131n prosed\u00fcr\u00fcn\u00fc bir arada bulabilece\u011finiz bu kitap, ayn\u0131 zamanda halen mesle\u011fini icra etmekte olan t\u00fcm patoloji teknikerlerinin faydalanabilece\u011fi bir kaynak niteli\u011findedir. Kitap i\u00e7erisinde rutin doku takip prosed\u00fcr\u00fc, 7 farkl\u0131 fiksatif sol\u00fcsyonu haz\u0131rlama prosed\u00fcr\u00fc, 4 farkl\u0131 dekalsifikasyon sol\u00fcsyonu haz\u0131rlama prosed\u00fcr\u00fc ve 10 farkl\u0131 doku boyama prosed\u00fcr\u00fcne ek olarak histolojik dokulara ait \u00e7izim alanlar\u0131 ve laboratuvar uygulama \u00e7al\u0131\u015fmalar\u0131 i\u00e7in not alma alanlar\u0131 haz\u0131rlanm\u0131\u015ft\u0131r. Prosed\u00fcr uygulamalar\u0131n\u0131n takibi ile teknikerlerin patoloji ya da histoloji laboratuvarlar\u0131nda gereksinim duyaca\u011f\u0131 temel uygulama bilgileri kazand\u0131r\u0131lacakt\u0131r.<\/p>\n","protected":false},"excerpt":{"rendered":"<p>Patoloji ve Histoloji Laboratuvar\u0131 Uygulama Kitab\u0131, temelde \u00fcniversitelerin Patoloji Laboratuvar Teknikleri program\u0131nda okuyan \u00f6\u011frenciler i\u00e7in haz\u0131rlanm\u0131\u015ft\u0131r. Patoloji laboratuvar\u0131 uygulamalar\u0131nda s\u0131k kullan\u0131lan takip ve boyama y\u00f6ntemleri, takip<span class=\"excerpt-hellip\"> [\u2026]<\/span><\/p>\n","protected":false},"featured_media":0,"template":"","meta":{"_monsterinsights_skip_tracking":false,"_monsterinsights_sitenote_active":false,"_monsterinsights_sitenote_note":"","_monsterinsights_sitenote_category":0},"product_brand":[],"product_cat":[13365],"product_tag":[],"class_list":{"0":"post-763155","1":"product","2":"type-product","3":"status-publish","5":"product_cat-saglik","6":"pa_cilt-ciltsiz","7":"pa_tur-kitap","8":"pa_yayinevi-kapadokya-universitesi-yayinlari","9":"pa_yazar-tayfun-ceylan-mehmet-alparslan-unal","11":"first","12":"instock","13":"sale","14":"shipping-taxable","15":"purchasable","16":"product-type-simple"},"_links":{"self":[{"href":"https:\/\/roveyayinevi.com.tr\/index.php\/wp-json\/wp\/v2\/product\/763155","targetHints":{"allow":["GET"]}}],"collection":[{"href":"https:\/\/roveyayinevi.com.tr\/index.php\/wp-json\/wp\/v2\/product"}],"about":[{"href":"https:\/\/roveyayinevi.com.tr\/index.php\/wp-json\/wp\/v2\/types\/product"}],"wp:attachment":[{"href":"https:\/\/roveyayinevi.com.tr\/index.php\/wp-json\/wp\/v2\/media?parent=763155"}],"wp:term":[{"taxonomy":"product_brand","embeddable":true,"href":"https:\/\/roveyayinevi.com.tr\/index.php\/wp-json\/wp\/v2\/product_brand?post=763155"},{"taxonomy":"product_cat","embeddable":true,"href":"https:\/\/roveyayinevi.com.tr\/index.php\/wp-json\/wp\/v2\/product_cat?post=763155"},{"taxonomy":"product_tag","embeddable":true,"href":"https:\/\/roveyayinevi.com.tr\/index.php\/wp-json\/wp\/v2\/product_tag?post=763155"}],"curies":[{"name":"wp","href":"https:\/\/api.w.org\/{rel}","templated":true}]}}