{"id":763154,"date":"2025-08-28T10:32:11","date_gmt":"2025-08-28T07:32:11","guid":{"rendered":"https:\/\/roveyayinevi.com.tr\/index.php\/urun\/nevsehir-1913-salnamesi\/"},"modified":"2026-04-15T03:28:36","modified_gmt":"2026-04-15T00:28:36","slug":"nevsehir-1913-salnamesi","status":"publish","type":"product","link":"https:\/\/roveyayinevi.com.tr\/index.php\/urun\/nevsehir-1913-salnamesi\/","title":{"rendered":"Nev\u015fehir 1913 Salnamesi"},"content":{"rendered":"<p>Salnameler; Osmanl\u0131 toplumu i\u00e7erisindeki Rum cemaatinin ya\u015fad\u0131\u011f\u0131 illerdeki sosyal ve k\u00fclt\u00fcrel d\u00fczeylerinin artmas\u0131nda \u00f6nemli rol oynayan ve y\u0131lda bir \u00e7\u0131kar\u0131lan kitaplard\u0131r. \u0130\u00e7eri\u011finde genellikle toplumsal olaylar, ilim, fen, t\u0131p, co\u011frafya, tarih, ilgin\u00e7 makaleler, faydal\u0131 bilgiler, f\u0131kralar, \u00f6yk\u00fcler, atas\u00f6zleri ve \u00f6\u011f\u00fct i\u00e7erikli dinsel metinler yer al\u0131r.Bu salname, Karamanl\u0131ca yaz\u0131 dili ve Nev\u015fehir tarihi \u00fczerine \u00e7al\u0131\u015fmalar y\u00fcr\u00fcten ara\u015ft\u0131rmac\u0131lara bir kaynak olarak haz\u0131rlanm\u0131\u015ft\u0131r. Karamanl\u0131ca yaz\u0131l\u0131 eserler, say\u0131ca az olmakla birlikte genellikle dini i\u00e7eriklidir. Bu niteli\u011finden dolay\u0131, d\u00f6neminin sosyal ya\u015fam\u0131n\u0131 anlamak i\u00e7in incelenecek en de\u011ferli eserler salnamelerdir. Nev\u015fehir i\u00e7in \u00e7\u0131kar\u0131lan iki salnameden ilki olan bu kitap, Anadolu\u2019da ya\u015fayan ve T\u00fcrk\u00e7e konu\u015fan Rum cemaatin i\u00e7inde bulunduklar\u0131 zaman, ge\u00e7mi\u015f ve gelecek ile ilgili bilgiler edinmesi, \u00f6rf ve adetlerin ya\u015fat\u0131lmas\u0131, genel bilgilerin sunulmas\u0131 amac\u0131yla haz\u0131rlanm\u0131\u015ft\u0131r. 1912 y\u0131l\u0131nda haz\u0131rlan\u0131p derlenen ve 1913 y\u0131l\u0131nda okuyucusuyla bulu\u015fan bu eserin bu kitap arac\u0131l\u0131\u011f\u0131yla sunulan g\u00fcn\u00fcm\u00fcz T\u00fcrk\u00e7esine \u00e7evirisi; t\u00fcm ara\u015ft\u0131rmac\u0131, akademisyen ve okurlara sunulmu\u015ftur.<\/p>\n","protected":false},"excerpt":{"rendered":"<p>Salnameler; Osmanl\u0131 toplumu i\u00e7erisindeki Rum cemaatinin ya\u015fad\u0131\u011f\u0131 illerdeki sosyal ve k\u00fclt\u00fcrel d\u00fczeylerinin artmas\u0131nda \u00f6nemli rol oynayan ve y\u0131lda bir \u00e7\u0131kar\u0131lan kitaplard\u0131r. \u0130\u00e7eri\u011finde genellikle toplumsal olaylar, ilim,<span class=\"excerpt-hellip\"> [\u2026]<\/span><\/p>\n","protected":false},"featured_media":0,"template":"","meta":{"_monsterinsights_skip_tracking":false,"_monsterinsights_sitenote_active":false,"_monsterinsights_sitenote_note":"","_monsterinsights_sitenote_category":0},"product_brand":[],"product_cat":[12337],"product_tag":[],"class_list":{"0":"post-763154","1":"product","2":"type-product","3":"status-publish","5":"product_cat-politika-siyaset","6":"pa_cilt-ciltsiz","7":"pa_tur-kitap","8":"pa_yayinevi-kapadokya-universitesi-yayinlari","9":"pa_yazar-kolektif","11":"first","12":"instock","13":"sale","14":"shipping-taxable","15":"purchasable","16":"product-type-simple"},"_links":{"self":[{"href":"https:\/\/roveyayinevi.com.tr\/index.php\/wp-json\/wp\/v2\/product\/763154","targetHints":{"allow":["GET"]}}],"collection":[{"href":"https:\/\/roveyayinevi.com.tr\/index.php\/wp-json\/wp\/v2\/product"}],"about":[{"href":"https:\/\/roveyayinevi.com.tr\/index.php\/wp-json\/wp\/v2\/types\/product"}],"wp:attachment":[{"href":"https:\/\/roveyayinevi.com.tr\/index.php\/wp-json\/wp\/v2\/media?parent=763154"}],"wp:term":[{"taxonomy":"product_brand","embeddable":true,"href":"https:\/\/roveyayinevi.com.tr\/index.php\/wp-json\/wp\/v2\/product_brand?post=763154"},{"taxonomy":"product_cat","embeddable":true,"href":"https:\/\/roveyayinevi.com.tr\/index.php\/wp-json\/wp\/v2\/product_cat?post=763154"},{"taxonomy":"product_tag","embeddable":true,"href":"https:\/\/roveyayinevi.com.tr\/index.php\/wp-json\/wp\/v2\/product_tag?post=763154"}],"curies":[{"name":"wp","href":"https:\/\/api.w.org\/{rel}","templated":true}]}}