{"id":763152,"date":"2025-08-28T10:32:08","date_gmt":"2025-08-28T07:32:08","guid":{"rendered":"https:\/\/roveyayinevi.com.tr\/index.php\/urun\/montessori-gunluk-yasam-becerileri-uygulamalari\/"},"modified":"2026-04-15T03:28:36","modified_gmt":"2026-04-15T00:28:36","slug":"montessori-gunluk-yasam-becerileri-uygulamalari","status":"publish","type":"product","link":"https:\/\/roveyayinevi.com.tr\/index.php\/urun\/montessori-gunluk-yasam-becerileri-uygulamalari\/","title":{"rendered":"Montessori G\u00fcnl\u00fck Ya\u015fam Becerileri Uygulamalar\u0131"},"content":{"rendered":"<p>\u00c7ocuk Geli\u015fimi ve E\u011fitimi Serisi\u2019nin ikinci kitab\u0131 olan Montessori G\u00fcnl\u00fck Ya\u015fam Becerileri Uygulamalar\u0131 okul\u00f6ncesi ya\u015f grubu \u00e7ocuklar ile zaman ge\u00e7iren yeti\u015fkinlere rehber olmas\u0131 amac\u0131yla haz\u0131rland\u0131. D\u00f6rt farkl\u0131 kategoride s\u0131n\u0131fland\u0131r\u0131lan g\u00fcnl\u00fck ya\u015fam becerisi ara\u00e7lar\u0131n\u0131n sunumu sade bir dille ad\u0131m ad\u0131m anlat\u0131ld\u0131, ill\u00fcstrasyonlar ile zenginle\u015ftirildi.   Serinin ilk kitab\u0131 Montessori Duyu Ara\u00e7lar\u0131 Uygulamalar\u0131 farkl\u0131 duyular\u0131m\u0131z\u0131 desteklemek amac\u0131yla tasarlanm\u0131\u015f ara\u00e7lar\u0131n sunumunu i\u00e7eren hem teorik hem de videolarla desteklenmi\u015f bir rehberdir. Bu kitap ise \u00e7ocuklar\u0131n g\u00fcnl\u00fck hayatta kar\u015f\u0131la\u015facaklar\u0131 ya\u015fam becerilerini Montessori ara\u00e7lar\u0131 ile deneyimleyip bir yeti\u015fkine ihtiya\u00e7 duymadan bu becerileri uygulamalar\u0131n\u0131 hedefler.   Montessori g\u00fcnl\u00fck ya\u015fam becerisi ara\u00e7lar\u0131, \u00e7ocu\u011fa uygun boyutlarda haz\u0131rlanm\u0131\u015f ve yap\u0131land\u0131r\u0131lm\u0131\u015f \u00e7evrede uygulan\u0131r. Tehlikeden uzak, \u00e7ocu\u011fu ya\u015fam\u0131n i\u00e7erisinde hissettiren ara\u00e7lard\u0131r. G\u00fcnl\u00fck ya\u015fam becerisi al\u0131\u015ft\u0131rmalar\u0131; duyu, matematik, dil ve di\u011fer Montessori ara\u00e7lar\u0131na \u00f6n haz\u0131rl\u0131k ara\u00e7lar\u0131d\u0131r.   \u00c7ocu\u011fa sunulan her arac\u0131n do\u011frudan ve dolayl\u0131 ama\u00e7lar\u0131 vard\u0131r. Montessori e\u011fitim modelinde hedef, ula\u015fmak istenilen amaca hemen ula\u015fmak de\u011fildir. \u00c7ocuk, esas ara\u00e7la \u00e7al\u0131\u015ft\u0131ktan sonra \u00f6\u011fretmen taraf\u0131ndan haz\u0131rlanan ek \u00e7al\u0131\u015fmalarla da desteklenir. Ayn\u0131 zamanda ba\u015fka alanlardaki ara\u00e7larla da me\u015fgul olmas\u0131 ile \u00e7ocu\u011fun b\u00fct\u00fcnsel geli\u015fimi desteklenmi\u015f olur. Montessori ara\u00e7lar\u0131 ile \u00e7al\u0131\u015fan \u00e7ocuklar; i\u015fi seven, sorumluluk duygusu ta\u015f\u0131yan, g\u00fc\u00e7l\u00fcklerden y\u0131lmayan, sorunlarla ba\u015fa \u00e7\u0131kabilen, kendisi ve \u00e7evresiyle bar\u0131\u015f\u0131k bir ki\u015filik geli\u015ftirir. <\/p>\n","protected":false},"excerpt":{"rendered":"<p>\u00c7ocuk Geli\u015fimi ve E\u011fitimi Serisi\u2019nin ikinci kitab\u0131 olan Montessori G\u00fcnl\u00fck Ya\u015fam Becerileri Uygulamalar\u0131 okul\u00f6ncesi ya\u015f grubu \u00e7ocuklar ile zaman ge\u00e7iren yeti\u015fkinlere rehber olmas\u0131 amac\u0131yla haz\u0131rland\u0131. D\u00f6rt<span class=\"excerpt-hellip\"> [\u2026]<\/span><\/p>\n","protected":false},"featured_media":0,"template":"","meta":{"_monsterinsights_skip_tracking":false,"_monsterinsights_sitenote_active":false,"_monsterinsights_sitenote_note":"","_monsterinsights_sitenote_category":0},"product_brand":[],"product_cat":[26509,13365],"product_tag":[],"class_list":{"0":"post-763152","1":"product","2":"type-product","3":"status-publish","5":"product_cat-cocuk-gelisimi","6":"product_cat-saglik","7":"pa_cilt-ciltsiz","8":"pa_tur-kitap","9":"pa_yayinevi-kapadokya-universitesi-yayinlari","10":"pa_yazar-kolektif","12":"first","13":"instock","14":"sale","15":"shipping-taxable","16":"purchasable","17":"product-type-simple"},"_links":{"self":[{"href":"https:\/\/roveyayinevi.com.tr\/index.php\/wp-json\/wp\/v2\/product\/763152","targetHints":{"allow":["GET"]}}],"collection":[{"href":"https:\/\/roveyayinevi.com.tr\/index.php\/wp-json\/wp\/v2\/product"}],"about":[{"href":"https:\/\/roveyayinevi.com.tr\/index.php\/wp-json\/wp\/v2\/types\/product"}],"wp:attachment":[{"href":"https:\/\/roveyayinevi.com.tr\/index.php\/wp-json\/wp\/v2\/media?parent=763152"}],"wp:term":[{"taxonomy":"product_brand","embeddable":true,"href":"https:\/\/roveyayinevi.com.tr\/index.php\/wp-json\/wp\/v2\/product_brand?post=763152"},{"taxonomy":"product_cat","embeddable":true,"href":"https:\/\/roveyayinevi.com.tr\/index.php\/wp-json\/wp\/v2\/product_cat?post=763152"},{"taxonomy":"product_tag","embeddable":true,"href":"https:\/\/roveyayinevi.com.tr\/index.php\/wp-json\/wp\/v2\/product_tag?post=763152"}],"curies":[{"name":"wp","href":"https:\/\/api.w.org\/{rel}","templated":true}]}}