{"id":763151,"date":"2025-08-28T10:32:07","date_gmt":"2025-08-28T07:32:07","guid":{"rendered":"https:\/\/roveyayinevi.com.tr\/index.php\/urun\/okula-hazir-misin-mor-mamut\/"},"modified":"2026-04-15T03:28:36","modified_gmt":"2026-04-15T00:28:36","slug":"okula-hazir-misin-mor-mamut","status":"publish","type":"product","link":"https:\/\/roveyayinevi.com.tr\/index.php\/urun\/okula-hazir-misin-mor-mamut\/","title":{"rendered":"Okula Haz\u0131r m\u0131s\u0131n Mor Mamut?"},"content":{"rendered":"<p>Mor Mamut ilk kez okula gidecek. Peki ya okulda renkli boya kalemleri yoksa? Ya okulda brokolili puding yemek zorundaysa? Ya okuluna aniden bir uzay gemisi ini\u015f yaparsa? Mor Mamut\u2019un akl\u0131nda d\u00f6n\u00fcp duran bir s\u00fcr\u00fc soru var. Sen de okulun nas\u0131l bir yer oldu\u011funu merak ediyor musun? \u0130yisi mi sorular\u0131n yan\u0131tlar\u0131n\u0131 Mor Mamut\u2019la birlikte ke\u015ffet. <\/p>\n","protected":false},"excerpt":{"rendered":"<p>Mor Mamut ilk kez okula gidecek. Peki ya okulda renkli boya kalemleri yoksa? Ya okulda brokolili puding yemek zorundaysa? Ya okuluna aniden bir uzay gemisi ini\u015f<span class=\"excerpt-hellip\"> [\u2026]<\/span><\/p>\n","protected":false},"featured_media":0,"template":"","meta":{"_monsterinsights_skip_tracking":false,"_monsterinsights_sitenote_active":false,"_monsterinsights_sitenote_note":"","_monsterinsights_sitenote_category":0},"product_brand":[],"product_cat":[12274,12518],"product_tag":[],"class_list":{"0":"post-763151","1":"product","2":"type-product","3":"status-publish","5":"product_cat-cocuk-ve-genclik-kitaplari","6":"product_cat-okul-oncesi-kitaplar","7":"pa_cilt-ciltsiz","8":"pa_tur-kitap","9":"pa_yayinevi-elma-cocuk","10":"pa_yazar-selen-aydin-altinok","12":"first","13":"instock","14":"sale","15":"shipping-taxable","16":"purchasable","17":"product-type-simple"},"_links":{"self":[{"href":"https:\/\/roveyayinevi.com.tr\/index.php\/wp-json\/wp\/v2\/product\/763151","targetHints":{"allow":["GET"]}}],"collection":[{"href":"https:\/\/roveyayinevi.com.tr\/index.php\/wp-json\/wp\/v2\/product"}],"about":[{"href":"https:\/\/roveyayinevi.com.tr\/index.php\/wp-json\/wp\/v2\/types\/product"}],"wp:attachment":[{"href":"https:\/\/roveyayinevi.com.tr\/index.php\/wp-json\/wp\/v2\/media?parent=763151"}],"wp:term":[{"taxonomy":"product_brand","embeddable":true,"href":"https:\/\/roveyayinevi.com.tr\/index.php\/wp-json\/wp\/v2\/product_brand?post=763151"},{"taxonomy":"product_cat","embeddable":true,"href":"https:\/\/roveyayinevi.com.tr\/index.php\/wp-json\/wp\/v2\/product_cat?post=763151"},{"taxonomy":"product_tag","embeddable":true,"href":"https:\/\/roveyayinevi.com.tr\/index.php\/wp-json\/wp\/v2\/product_tag?post=763151"}],"curies":[{"name":"wp","href":"https:\/\/api.w.org\/{rel}","templated":true}]}}