{"id":763150,"date":"2025-08-28T10:32:05","date_gmt":"2025-08-28T07:32:05","guid":{"rendered":"https:\/\/roveyayinevi.com.tr\/index.php\/urun\/montessori-duyu-araclari-uygulamalari\/"},"modified":"2026-04-15T03:28:35","modified_gmt":"2026-04-15T00:28:35","slug":"montessori-duyu-araclari-uygulamalari","status":"publish","type":"product","link":"https:\/\/roveyayinevi.com.tr\/index.php\/urun\/montessori-duyu-araclari-uygulamalari\/","title":{"rendered":"Montessori Duyu Ara\u00e7lar\u0131 Uygulamalar\u0131"},"content":{"rendered":"<p>Yenilik\u00e7i bir ki\u015fili\u011fe sahip olan \u0130talyan t\u0131p doktoru Maria Montessori, kendi ad\u0131n\u0131 ta\u015f\u0131yan e\u011fitim metodunu \u00e7ocuklar\u0131n do\u011fal ortamda \u00f6\u011frendikleri bir e\u011fitim y\u00f6ntemi olarak tan\u0131mlamaktad\u0131r. Montessori e\u011fitimi \u00e7ocu\u011fun kendi tercihine g\u00f6re \u00e7al\u0131\u015fma alan\u0131n\u0131 se\u00e7ti\u011fi, elleriyle yenilikleri ke\u015ffetti\u011fi bir e\u011fitim y\u00f6ntemidir. Montessori e\u011fitiminde belli limitler dahilinde \u00f6zg\u00fcr olan \u00e7ocuklar, potansiyellerini kendi \u00f6\u011frenme h\u0131zlar\u0131nda geli\u015ftirirler.   Son y\u0131llarda \u00e7ocuk geli\u015fimi alan\u0131na y\u00f6nelik ilginin artmas\u0131yla T\u00fcrkiye\u2019 de Montessori e\u011fitimine olan talep de y\u00fckselmi\u015ftir. \u00c7ocuklar\u0131n t\u00fcm geli\u015fim alanlar\u0131n\u0131n desteklenmesini sa\u011flayan bu e\u011fitim metodu hem e\u011fitimcilerin hem de ebeveynlerin ilgisini \u00e7ekmektedir. Bu kitap, Kapadokya \u00dcniversitesi taraf\u0131ndan bir seri olarak yay\u0131mlanmas\u0131 planlanan Montessori E\u011fitimi kitaplar\u0131n\u0131n ilkidir. Kitab\u0131m\u0131z, T\u00fcrkiye\u2019 de Montessori e\u011fitim y\u00f6ntemine ilgi duyan \u00f6\u011frencilere, \u00f6\u011fretmenlere ve ebeveynlere yol g\u00f6stermesi amac\u0131yla olu\u015fturulmu\u015f bir rehber niteli\u011findedir. <\/p>\n","protected":false},"excerpt":{"rendered":"<p>Yenilik\u00e7i bir ki\u015fili\u011fe sahip olan \u0130talyan t\u0131p doktoru Maria Montessori, kendi ad\u0131n\u0131 ta\u015f\u0131yan e\u011fitim metodunu \u00e7ocuklar\u0131n do\u011fal ortamda \u00f6\u011frendikleri bir e\u011fitim y\u00f6ntemi olarak tan\u0131mlamaktad\u0131r. Montessori e\u011fitimi<span class=\"excerpt-hellip\"> [\u2026]<\/span><\/p>\n","protected":false},"featured_media":0,"template":"","meta":{"_monsterinsights_skip_tracking":false,"_monsterinsights_sitenote_active":false,"_monsterinsights_sitenote_note":"","_monsterinsights_sitenote_category":0},"product_brand":[],"product_cat":[12831,12324],"product_tag":[],"class_list":{"0":"post-763150","1":"product","2":"type-product","3":"status-publish","5":"product_cat-aile-ve-cocuk","6":"product_cat-sosyoloji","7":"pa_cilt-ciltsiz","8":"pa_tur-kitap","9":"pa_yayinevi-kapadokya-universitesi-yayinlari","10":"pa_yazar-kolektif","12":"first","13":"instock","14":"sale","15":"shipping-taxable","16":"purchasable","17":"product-type-simple"},"_links":{"self":[{"href":"https:\/\/roveyayinevi.com.tr\/index.php\/wp-json\/wp\/v2\/product\/763150","targetHints":{"allow":["GET"]}}],"collection":[{"href":"https:\/\/roveyayinevi.com.tr\/index.php\/wp-json\/wp\/v2\/product"}],"about":[{"href":"https:\/\/roveyayinevi.com.tr\/index.php\/wp-json\/wp\/v2\/types\/product"}],"wp:attachment":[{"href":"https:\/\/roveyayinevi.com.tr\/index.php\/wp-json\/wp\/v2\/media?parent=763150"}],"wp:term":[{"taxonomy":"product_brand","embeddable":true,"href":"https:\/\/roveyayinevi.com.tr\/index.php\/wp-json\/wp\/v2\/product_brand?post=763150"},{"taxonomy":"product_cat","embeddable":true,"href":"https:\/\/roveyayinevi.com.tr\/index.php\/wp-json\/wp\/v2\/product_cat?post=763150"},{"taxonomy":"product_tag","embeddable":true,"href":"https:\/\/roveyayinevi.com.tr\/index.php\/wp-json\/wp\/v2\/product_tag?post=763150"}],"curies":[{"name":"wp","href":"https:\/\/api.w.org\/{rel}","templated":true}]}}